{"id":82506,"date":"2024-02-10T14:52:37","date_gmt":"2024-02-10T13:52:37","guid":{"rendered":"https:\/\/fysiolab.dk\/product\/glu-tech-2in1-shorts-women-gammel-modell-utgaatt-av-produksjon\/"},"modified":"2025-12-18T09:21:13","modified_gmt":"2025-12-18T08:21:13","slug":"glu-tech-2in1-shorts-women-gammel-modell-utgaatt-av-produksjon","status":"publish","type":"product","link":"https:\/\/fysiolab.dk\/no\/product\/glu-tech-2in1-shorts-women-gammel-modell-utgaatt-av-produksjon\/","title":{"rendered":"LiiteGuard Glu-Tech 2i1 Shorts (Women) - kun str. XS + S (utg\u00e5tt)"},"content":{"rendered":"<div class=\"product-info__block-item\" data-block-type=\"text\">\n<div class=\"prose\">\n<ul>\n<li>\u00d8kt fokus p\u00e5 hoftestabilitet med innovativ strikk<\/li>\n<li>2 praktiske lommer i innertightsen<\/li>\n<\/ul>\n<\/div>\n<\/div>\n<div class=\"product-info__block-item\" data-block-type=\"text\">\n<div class=\"prose\">\n<p>Opplev den ultimate kombinasjonen av komfort, stabilitet og funksjonalitet med GLU-TECH 2i1 dameshorts, og ta l\u00f8petreningen til et nytt niv\u00e5! GLU-TECH 2i1 dameshortsen er utstyrt med den velkjente GLU-TECH-strikken, som har som m\u00e5l \u00e5 sikre \u00f8kt stabilitet rundt hoften og forbedre l\u00f8psopplevelsen din. Shortsen er designet i et lett og pustende materiale som s\u00f8rger for at du ikke blir overopphetet under l\u00f8peturen. Du finner ogs\u00e5 to praktiske lommer i innertightsen, slik at du kan ha med deg mobiltelefonen eller n\u00f8klene p\u00e5 l\u00f8peturen.   <\/p>\n<h3 class=\"h6\">\u00d8KE L\u00d8PSYTELSEN DIN<\/h3>\n<div>\n<p><span class=\"metafield-multi_line_text_field\">N\u00e5 nye h\u00f8yder p\u00e5 l\u00f8psreisen din med GLU-TECH 2in1-shortsen. Denne shortsen er designet for optimal komfort og funksjonalitet, og hjelper deg med \u00e5 flytte grensene dine. <\/span><\/p>\n<p>Oppdag hofteteknologien som er utviklet for \u00f8kt stabilitet og aktivering av setemuskulaturen, og la den bli en fast f\u00f8lgesvenn p\u00e5 l\u00f8peturen. Disse shortsene er utviklet i samarbeid med idrettsut\u00f8vere og fysioterapeuter, og gir deg den st\u00f8tten du trenger for \u00e5 \u00f8ke prestasjonen og redusere risikoen for skader. <\/p>\n<h3 class=\"h6\">VITENSKAPELIG STUDIE INDIKERER - GLU-TECH-TEKNOLOGI GIR \u00d8KT HOFTESTABILITET<\/h3>\n<div>\n<p><span class=\"metafield-multi_line_text_field\">To idrettsteknologer fra Aalborg Universitet har unders\u00f8kt effekten av liiteGuards GLU-TECH-teknologi p\u00e5 ulike hoftebevegelser. Resultatene tyder p\u00e5 at GLU-TECH-teknologien gir \u00f8kt stabilitet rundt hoften under l\u00f8ping, noe som kan bidra til \u00e5 redusere risikoen for skader. Dette er en STOR fordel for deg som tar treningen p\u00e5 alvor!  <\/span><\/p>\n<\/div>\n<\/div>\n<\/div>\n<\/div>\n","protected":false},"excerpt":{"rendered":"<p>2-i-1-shorts fra Liiteguard er perfekt for l\u00f8ping, padel og mye mer<\/p>\n","protected":false},"featured_media":82513,"comment_status":"closed","ping_status":"closed","template":"","meta":{"_acf_changed":false},"product_brand":[],"product_cat":[2020,1966,1968,1965,1969,1937,1967,2557,2016],"product_tag":[1971],"class_list":{"0":"post-82506","1":"product","2":"type-product","3":"status-publish","4":"has-post-thumbnail","6":"product_cat-julegaveideer-no","7":"product_cat-klaer","8":"product_cat-liiteguard-no-2","9":"product_cat-liiteguard-no","10":"product_cat-loepetights","11":"product_cat-merkevarer","12":"product_cat-stroempebukser","13":"product_cat-treningstights","14":"product_cat-uttak","15":"product_tag-liiteguard-no","17":"first","18":"outofstock","19":"sale","20":"taxable","21":"shipping-taxable","22":"purchasable","23":"product-type-variable"},"acf":[],"_links":{"self":[{"href":"https:\/\/fysiolab.dk\/no\/wp-json\/wp\/v2\/product\/82506","targetHints":{"allow":["GET"]}}],"collection":[{"href":"https:\/\/fysiolab.dk\/no\/wp-json\/wp\/v2\/product"}],"about":[{"href":"https:\/\/fysiolab.dk\/no\/wp-json\/wp\/v2\/types\/product"}],"replies":[{"embeddable":true,"href":"https:\/\/fysiolab.dk\/no\/wp-json\/wp\/v2\/comments?post=82506"}],"wp:featuredmedia":[{"embeddable":true,"href":"https:\/\/fysiolab.dk\/no\/wp-json\/wp\/v2\/media\/82513"}],"wp:attachment":[{"href":"https:\/\/fysiolab.dk\/no\/wp-json\/wp\/v2\/media?parent=82506"}],"wp:term":[{"taxonomy":"product_brand","embeddable":true,"href":"https:\/\/fysiolab.dk\/no\/wp-json\/wp\/v2\/product_brand?post=82506"},{"taxonomy":"product_cat","embeddable":true,"href":"https:\/\/fysiolab.dk\/no\/wp-json\/wp\/v2\/product_cat?post=82506"},{"taxonomy":"product_tag","embeddable":true,"href":"https:\/\/fysiolab.dk\/no\/wp-json\/wp\/v2\/product_tag?post=82506"}],"curies":[{"name":"wp","href":"https:\/\/api.w.org\/{rel}","templated":true}]}}