{"id":82507,"date":"2024-02-08T20:37:35","date_gmt":"2024-02-08T19:37:35","guid":{"rendered":"https:\/\/fysiolab.dk\/product\/compex-aktiv-ryggstoette\/"},"modified":"2025-12-18T09:21:14","modified_gmt":"2025-12-18T08:21:14","slug":"compex-aktiv-ryggstoette","status":"publish","type":"product","link":"https:\/\/fysiolab.dk\/no\/product\/compex-aktiv-ryggstoette\/","title":{"rendered":"Compex aktiv ryggst\u00f8tte"},"content":{"rendered":"<p>Compex Active-ryggst\u00f8tten er en innovativ l\u00f8sning som har som m\u00e5l \u00e5 st\u00f8tte og beskytte ryggen b\u00e5de f\u00f8r og etter en skade. Den er utformet for \u00e5 gi b\u00e5de komfort og funksjonell st\u00f8tte, noe som gj\u00f8r den til et verdifullt verkt\u00f8y for dem som \u00f8nsker \u00e5 opprettholde eller gjenopprette ryggens helse og bevegelighet. <\/p>\n<p>F\u00f8rst og fremst er Compex Active ryggbandasje konstruert av materialer av h\u00f8y kvalitet som gir behagelig kompresjon og st\u00f8tte for ryggen. Den tettsittende passformen s\u00f8rger for at bandasjen sitter tett og sikkert rundt ryggen, noe som reduserer risikoen for un\u00f8dvendige bevegelser og belastninger som kan forverre en eksisterende skade eller skape en ny. <\/p>\n<p>N\u00e5r det gjelder \u00e5 forebygge ryggskader, fungerer Compex Active ryggst\u00f8tte som et ekstra lag med beskyttelse mot potensielt skadelige bevegelser eller belastninger. Ved \u00e5 stabilisere ryggraden og musklene rundt den bidrar den til \u00e5 redusere risikoen for overbelastning eller skader under fysisk aktivitet eller tunge l\u00f8ft. Dette er spesielt nyttig for personer som driver med idrett eller har jobber som krever repeterende bevegelser som kan belaste ryggen.  <\/p>\n<p>Etter en ryggskade er Compex Active ryggst\u00f8tte en uvurderlig ressurs i rehabiliteringsprosessen. Ved \u00e5 gi m\u00e5lrettet st\u00f8tte til det ber\u00f8rte omr\u00e5det i ryggen kan den bidra til \u00e5 avlaste trykk og redusere smerte, noe som gir en mer effektiv helingsprosess. Samtidig gir den fleksible utformingen en viss bevegelsesfrihet, slik at brukeren kan opprettholde et visst aktivitets- og mobilitetsniv\u00e5 under rehabiliteringen.  <\/p>\n<p><strong>St\u00f8rrelsesguide<\/strong><\/p>\n<p><strong>M\u00e5l midjem\u00e5let ditt (se video lenger ned i teksten)<\/strong><\/p>\n<p><strong>Omkrets Str<\/strong><\/p>\n<p><strong>60-79 cm S<\/strong><\/p>\n<p><strong>80-99 cm M<\/strong><\/p>\n<p><strong>100-119 cm L<\/strong><\/p>\n<p><strong>120-130 cm XL<\/strong><\/p>\n<p><iframe title=\"Opm\u00e5lingsvejledning til taljem\u00e5l FysioLab\" width=\"800\" height=\"450\" src=\"https:\/\/www.youtube.com\/embed\/_c2mbw5K7uY?feature=oembed\" frameborder=\"0\" allow=\"accelerometer; autoplay; clipboard-write; encrypted-media; gyroscope; picture-in-picture; web-share\" referrerpolicy=\"strict-origin-when-cross-origin\" allowfullscreen><\/iframe><\/p>\n","protected":false},"excerpt":{"rendered":"<p>https:\/\/www.youtube.com\/watch?v=AhDg4mWgNRs<\/p>\n","protected":false},"featured_media":82523,"comment_status":"closed","ping_status":"closed","template":"","meta":{"_acf_changed":false},"product_brand":[],"product_cat":[2188,2013,2506,1937,2184,1933,2186,2187],"product_tag":[2019],"class_list":{"0":"post-82507","1":"product","2":"type-product","3":"status-publish","4":"has-post-thumbnail","6":"product_cat-anstrengt-rygg","7":"product_cat-compex-no-2","8":"product_cat-compex-ryggstoetter","9":"product_cat-merkevarer","10":"product_cat-rygg-og-korsrygg","11":"product_cat-skinner-og-stoetteskinner","12":"product_cat-skiveprolaps","13":"product_cat-smerter-i-nedre-del-av-ryggen","14":"product_tag-compex-no","16":"first","17":"instock","18":"taxable","19":"shipping-taxable","20":"purchasable","21":"product-type-variable"},"acf":[],"_links":{"self":[{"href":"https:\/\/fysiolab.dk\/no\/wp-json\/wp\/v2\/product\/82507","targetHints":{"allow":["GET"]}}],"collection":[{"href":"https:\/\/fysiolab.dk\/no\/wp-json\/wp\/v2\/product"}],"about":[{"href":"https:\/\/fysiolab.dk\/no\/wp-json\/wp\/v2\/types\/product"}],"replies":[{"embeddable":true,"href":"https:\/\/fysiolab.dk\/no\/wp-json\/wp\/v2\/comments?post=82507"}],"wp:featuredmedia":[{"embeddable":true,"href":"https:\/\/fysiolab.dk\/no\/wp-json\/wp\/v2\/media\/82523"}],"wp:attachment":[{"href":"https:\/\/fysiolab.dk\/no\/wp-json\/wp\/v2\/media?parent=82507"}],"wp:term":[{"taxonomy":"product_brand","embeddable":true,"href":"https:\/\/fysiolab.dk\/no\/wp-json\/wp\/v2\/product_brand?post=82507"},{"taxonomy":"product_cat","embeddable":true,"href":"https:\/\/fysiolab.dk\/no\/wp-json\/wp\/v2\/product_cat?post=82507"},{"taxonomy":"product_tag","embeddable":true,"href":"https:\/\/fysiolab.dk\/no\/wp-json\/wp\/v2\/product_tag?post=82507"}],"curies":[{"name":"wp","href":"https:\/\/api.w.org\/{rel}","templated":true}]}}