{"id":82522,"date":"2024-02-10T14:26:41","date_gmt":"2024-02-10T13:26:41","guid":{"rendered":"https:\/\/fysiolab.dk\/product\/glu-tech-2in1-shorts-menn\/"},"modified":"2025-12-18T09:21:13","modified_gmt":"2025-12-18T08:21:13","slug":"glu-tech-2in1-shorts-menn","status":"publish","type":"product","link":"https:\/\/fysiolab.dk\/no\/product\/glu-tech-2in1-shorts-menn\/","title":{"rendered":"LiiteGuard Glu-Tech 2i1 Shorts (menn)"},"content":{"rendered":"<h3 data-start=\"0\" data-end=\"48\"><strong data-start=\"4\" data-end=\"46\">LiiteGuard Glu-Tech 2i1 Shorts (menn)<\/strong><\/h3>\n<p data-start=\"50\" data-end=\"528\">LiiteGuard Glu-Tech 2in1 Shorts er designet for den krevende idrettsut\u00f8veren som \u00f8nsker <strong data-start=\"128\" data-end=\"176\">maksimal st\u00f8tte, bevegelsesfrihet og komfort i<\/strong> ett og samme design. De kombinerer et ytre lag av lett, pustende materiale med en indre kompresjonstights som inneholder LiiteGuards patenterte <g id=\"gid_1\">Glu-Tech-teknologi<\/g>. Den indre tightsen har m\u00e5lrettet kompresjon rundt <strong data-start=\"402\" data-end=\"422\">hoftene og baken<\/strong>, noe som \u00f8ker muskelaktiveringen, reduserer tretthet og bidrar til en mer stabil l\u00f8pe- og bevegelsesteknikk.  <\/p>\n<p data-start=\"530\" data-end=\"920\">Ytterlaget er laget av et <strong data-start=\"564\" data-end=\"615\">lett, svettetransporterende og hurtigt\u00f8rkende materiale<\/strong> som gir optimal ventilasjon og bevegelsesfrihet. De flate s\u00f8mmene minimerer risikoen for irritasjon, og den elastiske linningen med justerbar sn\u00f8ring s\u00f8rger for perfekt passform. Shortsen har ogs\u00e5 en <strong data-start=\"818\" data-end=\"849\">diskret baklomme med glidel\u00e5s<\/strong> for oppbevaring av n\u00f8kler eller energigel under trening eller l\u00f8ping.  <\/p>\n<p data-start=\"922\" data-end=\"1241\">Glu-Tech 2in1 Shorts egner seg til <strong data-start=\"959\" data-end=\"1012\">l\u00f8ping, styrketrening, fotball og funksjonell trening<\/strong> der du \u00f8nsker kompresjonsst\u00f8tte uten at det g\u00e5r p\u00e5 bekostning av komfort og bevegelighet. De kan brukes \u00e5ret rundt og kan med fordel kombineres med LiiteGuard tekniske sokker eller kompresjonsprodukter for en komplett prestasjonspakke. <\/p>\n<p data-start=\"1243\" data-end=\"1295\"><strong data-start=\"1243\" data-end=\"1253\">Farge:<\/strong> Svart<br data-start=\"1258\" data-end=\"1261\"><strong data-start=\"1261\" data-end=\"1276\">St\u00f8rrelser:<\/strong> S, M, L, XL, XXL<\/p>\n","protected":false},"excerpt":{"rendered":"<p><strong>LiiteGuard Glu-Tech 2in1 Shorts kombinerer m\u00e5lrettet hofte- og ballst\u00f8tte med maksimal bevegelsesfrihet og komfort. Med integrert kompresjonsteknologi og et lett ytre lag er de perfekte for l\u00f8ping, styrketrening og h\u00f8yintensiv idrett. <\/strong><\/p>\n","protected":false},"featured_media":82538,"comment_status":"closed","ping_status":"closed","template":"","meta":{"_acf_changed":false},"product_brand":[],"product_cat":[2020,1966,1965,1968,1969,1937,1967,2557],"product_tag":[1971],"class_list":{"0":"post-82522","1":"product","2":"type-product","3":"status-publish","4":"has-post-thumbnail","6":"product_cat-julegaveideer-no","7":"product_cat-klaer","8":"product_cat-liiteguard-no","9":"product_cat-liiteguard-no-2","10":"product_cat-loepetights","11":"product_cat-merkevarer","12":"product_cat-stroempebukser","13":"product_cat-treningstights","14":"product_tag-liiteguard-no","16":"first","17":"instock","18":"taxable","19":"shipping-taxable","20":"purchasable","21":"product-type-variable"},"acf":[],"_links":{"self":[{"href":"https:\/\/fysiolab.dk\/no\/wp-json\/wp\/v2\/product\/82522","targetHints":{"allow":["GET"]}}],"collection":[{"href":"https:\/\/fysiolab.dk\/no\/wp-json\/wp\/v2\/product"}],"about":[{"href":"https:\/\/fysiolab.dk\/no\/wp-json\/wp\/v2\/types\/product"}],"replies":[{"embeddable":true,"href":"https:\/\/fysiolab.dk\/no\/wp-json\/wp\/v2\/comments?post=82522"}],"wp:featuredmedia":[{"embeddable":true,"href":"https:\/\/fysiolab.dk\/no\/wp-json\/wp\/v2\/media\/82538"}],"wp:attachment":[{"href":"https:\/\/fysiolab.dk\/no\/wp-json\/wp\/v2\/media?parent=82522"}],"wp:term":[{"taxonomy":"product_brand","embeddable":true,"href":"https:\/\/fysiolab.dk\/no\/wp-json\/wp\/v2\/product_brand?post=82522"},{"taxonomy":"product_cat","embeddable":true,"href":"https:\/\/fysiolab.dk\/no\/wp-json\/wp\/v2\/product_cat?post=82522"},{"taxonomy":"product_tag","embeddable":true,"href":"https:\/\/fysiolab.dk\/no\/wp-json\/wp\/v2\/product_tag?post=82522"}],"curies":[{"name":"wp","href":"https:\/\/api.w.org\/{rel}","templated":true}]}}