{"id":82531,"date":"2024-02-06T19:26:33","date_gmt":"2024-02-06T18:26:33","guid":{"rendered":"https:\/\/fysiolab.dk\/product\/compex-aktiv-patellastoette\/"},"modified":"2025-12-18T09:21:14","modified_gmt":"2025-12-18T08:21:14","slug":"compex-aktiv-patellastoette","status":"publish","type":"product","link":"https:\/\/fysiolab.dk\/no\/product\/compex-aktiv-patellastoette\/","title":{"rendered":"Compex aktiv patellast\u00f8tte"},"content":{"rendered":"<p>Compex Active patellabandasje er utviklet for \u00e5 lindre smerter og st\u00f8tte kn\u00e6relaterte tilstander som hopperkne og Osgood Schlatters syndrom. Ved \u00e5 gi kompresjon rundt knesk\u00e5len reduserer den belastningen p\u00e5 sener og muskler, noe som minimerer ubehag og fremmer tilhelingsprosessen. Den justerbare passformen og det pustende materialet gj\u00f8r den egnet for b\u00e5de sportslig aktivitet og hverdagsbruk. Compex Active patellabandasje gir m\u00e5lrettet st\u00f8tte og komfort, noe som gj\u00f8r den til et verdifullt hjelpemiddel for dem som lider av kn\u00e6relaterte problemer og \u00f8nsker \u00e5 opprettholde en aktiv livsstil.   <\/p>\n<p><strong>St\u00f8rrelsesguide (se video lenger ned i teksten)<\/strong><\/p>\n<p><strong>M\u00e5l omkretsen av kneet ved knesk\u00e5len<\/strong><\/p>\n<p><strong>Omkrets Str<\/strong><\/p>\n<p><strong>31-40 cm S\/M<\/strong><\/p>\n<p><strong>41-50 cm L\/XL<\/strong><\/p>\n<p><iframe title=\"Opm\u00e5lingsvejledning til kn\u00e6 FysioLab\" width=\"800\" height=\"450\" src=\"https:\/\/www.youtube.com\/embed\/00TC7Jtjqs8?feature=oembed\" frameborder=\"0\" allow=\"accelerometer; autoplay; clipboard-write; encrypted-media; gyroscope; picture-in-picture; web-share\" referrerpolicy=\"strict-origin-when-cross-origin\" allowfullscreen><\/iframe><\/p>\n<div dir=\"ltr\"><\/div>\n","protected":false},"excerpt":{"rendered":"<p>https:\/\/www.youtube.com\/watch?v=Ekpwzibb2cw<\/p>\n","protected":false},"featured_media":82544,"comment_status":"closed","ping_status":"closed","template":"","meta":{"_acf_changed":false},"product_brand":[],"product_cat":[2013,2014,2011,1978,2010,1937,2009,1933,2200],"product_tag":[2019],"class_list":{"0":"post-82531","1":"product","2":"type-product","3":"status-publish","4":"has-post-thumbnail","6":"product_cat-compex-no-2","7":"product_cat-compex-knestoetter","8":"product_cat-hopperkneet","9":"product_cat-knestoetter","10":"product_cat-loeperkne","11":"product_cat-merkevarer","12":"product_cat-osgood-snakk","13":"product_cat-skinner-og-stoetteskinner","14":"product_cat-uspesifikke-smerter-i-fremre-del-av-kneet","15":"product_tag-compex-no","17":"first","18":"instock","19":"taxable","20":"shipping-taxable","21":"purchasable","22":"product-type-variable"},"acf":[],"_links":{"self":[{"href":"https:\/\/fysiolab.dk\/no\/wp-json\/wp\/v2\/product\/82531","targetHints":{"allow":["GET"]}}],"collection":[{"href":"https:\/\/fysiolab.dk\/no\/wp-json\/wp\/v2\/product"}],"about":[{"href":"https:\/\/fysiolab.dk\/no\/wp-json\/wp\/v2\/types\/product"}],"replies":[{"embeddable":true,"href":"https:\/\/fysiolab.dk\/no\/wp-json\/wp\/v2\/comments?post=82531"}],"wp:featuredmedia":[{"embeddable":true,"href":"https:\/\/fysiolab.dk\/no\/wp-json\/wp\/v2\/media\/82544"}],"wp:attachment":[{"href":"https:\/\/fysiolab.dk\/no\/wp-json\/wp\/v2\/media?parent=82531"}],"wp:term":[{"taxonomy":"product_brand","embeddable":true,"href":"https:\/\/fysiolab.dk\/no\/wp-json\/wp\/v2\/product_brand?post=82531"},{"taxonomy":"product_cat","embeddable":true,"href":"https:\/\/fysiolab.dk\/no\/wp-json\/wp\/v2\/product_cat?post=82531"},{"taxonomy":"product_tag","embeddable":true,"href":"https:\/\/fysiolab.dk\/no\/wp-json\/wp\/v2\/product_tag?post=82531"}],"curies":[{"name":"wp","href":"https:\/\/api.w.org\/{rel}","templated":true}]}}