{"id":82550,"date":"2024-02-06T19:02:23","date_gmt":"2024-02-06T18:02:23","guid":{"rendered":"https:\/\/fysiolab.dk\/product\/compex-aktiv-armstoette\/"},"modified":"2025-12-18T09:21:14","modified_gmt":"2025-12-18T08:21:14","slug":"compex-aktiv-armstoette","status":"publish","type":"product","link":"https:\/\/fysiolab.dk\/no\/product\/compex-aktiv-armstoette\/","title":{"rendered":"Compex aktiv armst\u00f8tte"},"content":{"rendered":"<p>Compex Active Arm Support er en avansert teknologisk l\u00f8sning som er utviklet for \u00e5 forbedre idrettsprestasjoner og fremme restitusjon. Dette innovative hjelpemiddelet kombinerer kompresjon for \u00e5 optimalisere muskelrestitusjon og redusere risikoen for skader. <\/p>\n<p>I idrettsverdenen kan Compex Active Arm Support brukes til en rekke form\u00e5l. For det f\u00f8rste kan den bidra til \u00e5 forbedre prestasjonen ved \u00e5 \u00f8ke muskelstyrken og utholdenheten. Ved \u00e5 gi kompresjon bidrar bandasjen til \u00e5 redusere muskels\u00e5rhet og betennelse, og \u00f8ker blodsirkulasjonen til de behandlede omr\u00e5dene. Dette fremskynder tilhelingsprosessen og minimerer nedetiden mellom trenings\u00f8ktene, slik at idrettsut\u00f8verne raskere kan komme tilbake til sin optimale form.   <\/p>\n<p>I tillegg til \u00e5 bidra til idrettsprestasjoner og restitusjon, kan Compex Active Arm Support ogs\u00e5 v\u00e6re nyttig i forbindelse med rehabilitering etter skader. Ved \u00e5 rette seg mot spesifikke muskelgrupper kan enheten bidra til \u00e5 gjenoppbygge styrke og bevegelighet i skadede omr\u00e5der, noe som muliggj\u00f8r en trygg og effektiv rehabiliteringsprosess. <\/p>\n<p>Alt i alt er Compex Active Arm Support en allsidig og effektiv l\u00f8sning for \u00e5 forbedre idrettsprestasjoner, fremme restitusjon og st\u00f8tte rehabilitering etter skader. Med sin brukervennlige design er den et verdifullt verkt\u00f8y for b\u00e5de profesjonelle idrettsut\u00f8vere og mosjonister som \u00f8nsker \u00e5 n\u00e5 sitt fulle potensial innen idrett og fitness. <\/p>\n<p><strong>St\u00f8rrelsesguide (se video lenger ned i teksten)<\/strong><\/p>\n<p><strong>M\u00e5l omkretsen av albuen<\/strong><\/p>\n<p><strong>Omkrets Str<\/strong><\/p>\n<p><strong>20-23 cm S<\/strong><\/p>\n<p><strong>24-27 cm M<\/strong><\/p>\n<p><strong>28-31 cm L<\/strong><\/p>\n<p><strong>32-35 cm XL<\/strong><\/p>\n<p><iframe title=\"Opm\u00e5lingsvejledning til albueomkreds FysioLab\" width=\"800\" height=\"450\" src=\"https:\/\/www.youtube.com\/embed\/qP0Xealw_jo?feature=oembed\" frameborder=\"0\" allow=\"accelerometer; autoplay; clipboard-write; encrypted-media; gyroscope; picture-in-picture; web-share\" referrerpolicy=\"strict-origin-when-cross-origin\" allowfullscreen><\/iframe><\/p>\n","protected":false},"excerpt":{"rendered":"<p><strong>Inkluderer 2 stk <\/strong><\/p>\n<p>  https:\/\/www.youtube.com\/watch?v=FdPKOKwVg-Y<\/p>\n","protected":false},"featured_media":82557,"comment_status":"closed","ping_status":"closed","template":"","meta":{"_acf_changed":false},"product_brand":[],"product_cat":[2013,1937],"product_tag":[2019],"class_list":{"0":"post-82550","1":"product","2":"type-product","3":"status-publish","4":"has-post-thumbnail","6":"product_cat-compex-no-2","7":"product_cat-merkevarer","8":"product_tag-compex-no","10":"first","11":"instock","12":"taxable","13":"shipping-taxable","14":"purchasable","15":"product-type-variable"},"acf":[],"_links":{"self":[{"href":"https:\/\/fysiolab.dk\/no\/wp-json\/wp\/v2\/product\/82550","targetHints":{"allow":["GET"]}}],"collection":[{"href":"https:\/\/fysiolab.dk\/no\/wp-json\/wp\/v2\/product"}],"about":[{"href":"https:\/\/fysiolab.dk\/no\/wp-json\/wp\/v2\/types\/product"}],"replies":[{"embeddable":true,"href":"https:\/\/fysiolab.dk\/no\/wp-json\/wp\/v2\/comments?post=82550"}],"wp:featuredmedia":[{"embeddable":true,"href":"https:\/\/fysiolab.dk\/no\/wp-json\/wp\/v2\/media\/82557"}],"wp:attachment":[{"href":"https:\/\/fysiolab.dk\/no\/wp-json\/wp\/v2\/media?parent=82550"}],"wp:term":[{"taxonomy":"product_brand","embeddable":true,"href":"https:\/\/fysiolab.dk\/no\/wp-json\/wp\/v2\/product_brand?post=82550"},{"taxonomy":"product_cat","embeddable":true,"href":"https:\/\/fysiolab.dk\/no\/wp-json\/wp\/v2\/product_cat?post=82550"},{"taxonomy":"product_tag","embeddable":true,"href":"https:\/\/fysiolab.dk\/no\/wp-json\/wp\/v2\/product_tag?post=82550"}],"curies":[{"name":"wp","href":"https:\/\/api.w.org\/{rel}","templated":true}]}}