{"id":82562,"date":"2024-01-27T23:17:21","date_gmt":"2024-01-27T22:17:21","guid":{"rendered":"https:\/\/fysiolab.dk\/product\/aserve-stor-klubbveske-med-innhold\/"},"modified":"2026-02-07T21:56:28","modified_gmt":"2026-02-07T20:56:28","slug":"aserve-stor-klubbveske-med-innhold","status":"publish","type":"product","link":"https:\/\/fysiolab.dk\/no\/product\/aserve-stor-klubbveske-med-innhold\/","title":{"rendered":"Aserve stor klubbveske med innhold"},"content":{"rendered":"<h3 data-start=\"181\" data-end=\"220\">Aserve Large Club Bag med innhold<\/h3>\n<p data-start=\"222\" data-end=\"584\">Aserve Large Club Bag med innhold er en praktisk og komplett l\u00f8sning for idrettsforeninger, trenere og fysioterapiklinikker. Vesken er laget av kraftig nylon og m\u00e5ler 30 \u00d7 55 \u00d7 28 cm. Den har romslige hoved- og sidelommer, kraftige b\u00e6restropper og et solid b\u00e6reh\u00e5ndtak som gj\u00f8r det enkelt \u00e5 transportere alt n\u00f8dvendig utstyr til trening, behandling eller kamp.  <\/p>\n<p data-start=\"586\" data-end=\"702\">Vesken leveres fullt utstyrt med n\u00f8ye utvalgte produkter, slik at den er klar til bruk fra dag \u00e9n. Innholdet inkluderer: <\/p>\n<ul data-start=\"704\" data-end=\"872\">\n<li data-start=\"704\" data-end=\"735\">\n<p data-start=\"706\" data-end=\"735\">Engangsposer og gjenbruksposer<\/p>\n<\/li>\n<li data-start=\"736\" data-end=\"757\">\n<p data-start=\"738\" data-end=\"757\">Kaldspray 400 ml<\/p>\n<\/li>\n<li data-start=\"758\" data-end=\"792\">\n<p data-start=\"760\" data-end=\"792\">Sportslotion med kamfer 500 ml<\/p>\n<\/li>\n<li data-start=\"793\" data-end=\"823\">\n<p data-start=\"795\" data-end=\"823\">S-Tape Xtra ruller, 3,8 cm<\/p>\n<\/li>\n<li data-start=\"824\" data-end=\"844\">\n<p data-start=\"826\" data-end=\"844\">Varm fl\u00f8te 500 g<\/p>\n<\/li>\n<li data-start=\"845\" data-end=\"872\">\n<p data-start=\"847\" data-end=\"872\">Sporty Quick-rull 6 cm<\/p>\n<\/li>\n<\/ul>\n<p data-start=\"874\" data-end=\"1180\">Denne vesken er en praktisk, organisert og mobil l\u00f8sning for behandling og forebygging av idrettsskader, rehabilitering og akuttbehandling. Den komplette pakken gj\u00f8r det enkelt \u00e5 oppbevare alt det viktigste utstyret p\u00e5 ett sted, og s\u00f8rger for at du alltid er klar til bruk p\u00e5 klinikken, lagets trening eller trening p\u00e5 bortebane. <\/p>\n<p data-start=\"1182\" data-end=\"1355\">Aserve Large Club Bag med innhold er robust, enkel \u00e5 bruke og designet for daglig bruk, noe som gj\u00f8r den til et uunnv\u00e6rlig verkt\u00f8y for trenere, terapeuter og idrettsut\u00f8vere.<\/p>\n","protected":false},"excerpt":{"rendered":"<article class=\"text-token-text-primary w-full focus:outline-none [--shadow-height:45px] has-data-writing-block:pointer-events-none has-data-writing-block:-mt-(--shadow-height) has-data-writing-block:pt-(--shadow-height) [&amp;:has([data-writing-block])&gt;*]:pointer-events-auto [content-visibility:auto] supports-[content-visibility:auto]:[contain-intrinsic-size:auto_100lvh] scroll-mt-[calc(var(--header-height)+min(200px,max(70px,20svh)))]\" dir=\"auto\" style=\"caret-color: #000000; color: #000000; font-style: normal; font-variant-caps: normal; font-weight: normal; letter-spacing: normal; orphans: auto; text-align: start; text-indent: 0px; text-transform: none; white-space: normal; widows: auto; word-spacing: 0px; -webkit-text-size-adjust: auto; -webkit-text-stroke-width: 0px; text-decoration: none;\" tabindex=\"-1\" data-turn-id=\"request-WEB:88fca3a9-2c29-4531-a2be-9089c4df5986-19\" data-testid=\"conversation-turn-40\" data-scroll-anchor=\"true\" data-turn=\"assistant\">\n<div class=\"text-base my-auto mx-auto pb-10 [--thread-content-margin:--spacing(4)] thread-sm:[--thread-content-margin:--spacing(6)] thread-lg:[--thread-content-margin:--spacing(16)] px-(--thread-content-margin)\">\n<div class=\"[--thread-content-max-width:40rem] thread-lg:[--thread-content-max-width:48rem] mx-auto max-w-(--thread-content-max-width) flex-1 group\/turn-messages focus-visible:outline-hidden relative flex w-full min-w-0 flex-col agent-turn\" tabindex=\"-1\">\n<div class=\"flex max-w-full flex-col grow\">\n<div class=\"min-h-8 text-message relative flex w-full flex-col items-end gap-2 text-start break-words whitespace-normal [.text-message+&amp;]:mt-1\" dir=\"auto\" data-message-author-role=\"assistant\" data-message-id=\"1edd22be-a709-4716-9060-36f3abe82355\" data-message-model-slug=\"gpt-5-mini\">\n<div class=\"flex w-full flex-col gap-1 empty:hidden first:pt-[1px]\">\n<div class=\"markdown prose dark:prose-invert w-full break-words light markdown-new-styling\">\n<p data-start=\"0\" data-end=\"201\" data-is-last-node=\"\" data-is-only-node=\"\"><strong>Romslig og robust klubbveske med n\u00f8ye utvalgt innhold for trening og behandling. Inkluderer forkj\u00f8lelsesspray, sportslotion, S-Tape, varmekrem og Sporty Quick-rull - alt samlet p\u00e5 ett sted, klar til bruk. <\/strong><\/p>\n<\/div>\n<\/div>\n<\/div>\n<\/div>\n<div class=\"z-0 flex min-h-[46px] justify-start\"><\/div>\n<div class=\"mt-3 w-full empty:hidden\">\n<div class=\"text-center\"><\/div>\n<\/div>\n<\/div>\n<\/div>\n<\/article>\n","protected":false},"featured_media":82564,"comment_status":"closed","ping_status":"closed","template":"","meta":{"_acf_changed":false},"product_brand":[3086],"product_cat":[2391,2221,2218,2374,1948,3195,1937,1941,1945],"product_tag":[2392],"class_list":{"0":"post-82562","1":"product","2":"type-product","3":"status-publish","4":"has-post-thumbnail","6":"product_brand-aserve","7":"product_cat-a-serve-no","8":"product_cat-annet-treningsutstyr","9":"product_cat-fotball-og-fotball","10":"product_cat-haandball","11":"product_cat-klinikk","12":"product_cat-kofferter-og-vesker","13":"product_cat-merkevarer","14":"product_cat-rekonvalesens-og-sportspleie","15":"product_cat-treningsutstyr","16":"product_tag-aserve-no","18":"first","19":"instock","20":"taxable","21":"shipping-taxable","22":"purchasable","23":"product-type-simple"},"acf":[],"_links":{"self":[{"href":"https:\/\/fysiolab.dk\/no\/wp-json\/wp\/v2\/product\/82562","targetHints":{"allow":["GET"]}}],"collection":[{"href":"https:\/\/fysiolab.dk\/no\/wp-json\/wp\/v2\/product"}],"about":[{"href":"https:\/\/fysiolab.dk\/no\/wp-json\/wp\/v2\/types\/product"}],"replies":[{"embeddable":true,"href":"https:\/\/fysiolab.dk\/no\/wp-json\/wp\/v2\/comments?post=82562"}],"wp:featuredmedia":[{"embeddable":true,"href":"https:\/\/fysiolab.dk\/no\/wp-json\/wp\/v2\/media\/82564"}],"wp:attachment":[{"href":"https:\/\/fysiolab.dk\/no\/wp-json\/wp\/v2\/media?parent=82562"}],"wp:term":[{"taxonomy":"product_brand","embeddable":true,"href":"https:\/\/fysiolab.dk\/no\/wp-json\/wp\/v2\/product_brand?post=82562"},{"taxonomy":"product_cat","embeddable":true,"href":"https:\/\/fysiolab.dk\/no\/wp-json\/wp\/v2\/product_cat?post=82562"},{"taxonomy":"product_tag","embeddable":true,"href":"https:\/\/fysiolab.dk\/no\/wp-json\/wp\/v2\/product_tag?post=82562"}],"curies":[{"name":"wp","href":"https:\/\/api.w.org\/{rel}","templated":true}]}}