{"id":82563,"date":"2024-02-04T09:43:39","date_gmt":"2024-02-04T08:43:39","guid":{"rendered":"https:\/\/fysiolab.dk\/product\/compex-active-knestoette\/"},"modified":"2025-12-18T09:21:14","modified_gmt":"2025-12-18T08:21:14","slug":"compex-active-knestoette","status":"publish","type":"product","link":"https:\/\/fysiolab.dk\/no\/product\/compex-active-knestoette\/","title":{"rendered":"Compex Active+ knest\u00f8tte"},"content":{"rendered":"<p>Compex Active+ kneskinne skiller seg ut med ekstraordin\u00e6r st\u00f8tte takket v\u00e6re de integrerte stroppene. Stroppene gir en m\u00e5lrettet og personlig justering som forbedrer stabiliteten rundt kneleddet. Den avanserte kompresjonsteknologien kombinert med pustende materialer s\u00f8rger for optimal luftsirkulasjon og komfort. Active+ er designet med fokus p\u00e5 b\u00e5de smertelindring og forbedret ytelse, og er det ideelle valget for deg som ikke bare \u00f8nsker beskyttelse av kneet, men ogs\u00e5 ekstra st\u00f8tte under intens trening eller daglige aktiviteter. Anbefales ved overbelastningsskader, meniskskader og forstuinger i kneet.      <strong>Passer til venstre og h\u00f8yre<\/strong><\/p>\n<p><strong>St\u00f8rrelsesguide (se video)<\/strong><\/p>\n<p><strong>M\u00e5l omkretsen av l\u00e5ret 15 cm over knesk\u00e5len<\/strong><\/p>\n<p><strong>Omkrets Str<\/strong><\/p>\n<p><strong>38-42 cm S<\/strong><\/p>\n<p><strong>43-47 cm M<\/strong><\/p>\n<p><strong>48-52 cm L<\/strong><\/p>\n<p><strong>53-57 cm XL<\/strong><\/p>\n<p><iframe title=\"Opm\u00e5lingsvejledning til kn\u00e6bandager\" width=\"800\" height=\"450\" src=\"https:\/\/www.youtube.com\/embed\/gHZnfVzfG_k?feature=oembed\" frameborder=\"0\" allow=\"accelerometer; autoplay; clipboard-write; encrypted-media; gyroscope; picture-in-picture; web-share\" referrerpolicy=\"strict-origin-when-cross-origin\" allowfullscreen><\/iframe><\/p>\n<div dir=\"ltr\"><\/div>\n","protected":false},"excerpt":{"rendered":"<p>https:\/\/www.youtube.com\/watch?v=u_G5-IY-L7w<\/p>\n","protected":false},"featured_media":82570,"comment_status":"closed","ping_status":"closed","template":"","meta":{"_acf_changed":false},"product_brand":[],"product_cat":[2287,2013,2014,1974,2489,1978,1975,1979,1937,1933,2200],"product_tag":[2019],"class_list":{"0":"post-82563","1":"product","2":"type-product","3":"status-publish","4":"has-post-thumbnail","6":"product_cat-bakerens-cyste","7":"product_cat-compex-no-2","8":"product_cat-compex-knestoetter","9":"product_cat-forstuet-kne","10":"product_cat-knebeskytter-for-sport","11":"product_cat-knestoetter","12":"product_cat-lett-ustabilitet-ustabil","13":"product_cat-menisk-no","14":"product_cat-merkevarer","15":"product_cat-skinner-og-stoetteskinner","16":"product_cat-uspesifikke-smerter-i-fremre-del-av-kneet","17":"product_tag-compex-no","19":"first","20":"instock","21":"taxable","22":"shipping-taxable","23":"purchasable","24":"product-type-variable"},"acf":[],"_links":{"self":[{"href":"https:\/\/fysiolab.dk\/no\/wp-json\/wp\/v2\/product\/82563","targetHints":{"allow":["GET"]}}],"collection":[{"href":"https:\/\/fysiolab.dk\/no\/wp-json\/wp\/v2\/product"}],"about":[{"href":"https:\/\/fysiolab.dk\/no\/wp-json\/wp\/v2\/types\/product"}],"replies":[{"embeddable":true,"href":"https:\/\/fysiolab.dk\/no\/wp-json\/wp\/v2\/comments?post=82563"}],"wp:featuredmedia":[{"embeddable":true,"href":"https:\/\/fysiolab.dk\/no\/wp-json\/wp\/v2\/media\/82570"}],"wp:attachment":[{"href":"https:\/\/fysiolab.dk\/no\/wp-json\/wp\/v2\/media?parent=82563"}],"wp:term":[{"taxonomy":"product_brand","embeddable":true,"href":"https:\/\/fysiolab.dk\/no\/wp-json\/wp\/v2\/product_brand?post=82563"},{"taxonomy":"product_cat","embeddable":true,"href":"https:\/\/fysiolab.dk\/no\/wp-json\/wp\/v2\/product_cat?post=82563"},{"taxonomy":"product_tag","embeddable":true,"href":"https:\/\/fysiolab.dk\/no\/wp-json\/wp\/v2\/product_tag?post=82563"}],"curies":[{"name":"wp","href":"https:\/\/api.w.org\/{rel}","templated":true}]}}