{"id":82565,"date":"2024-01-27T22:24:44","date_gmt":"2024-01-27T21:24:44","guid":{"rendered":"https:\/\/fysiolab.dk\/product\/kald-varmeboks\/"},"modified":"2025-12-18T09:21:15","modified_gmt":"2025-12-18T08:21:15","slug":"kald-varmeboks","status":"publish","type":"product","link":"https:\/\/fysiolab.dk\/no\/product\/kald-varmeboks\/","title":{"rendered":"Kald-\/varmeboks"},"content":{"rendered":"<h3>A-Serve kj\u00f8le-\/varmeboks - ideell for idrettsklubber, behandlingsrom og kampberedskap<\/h3>\n<p data-start=\"184\" data-end=\"637\">Denne robuste og lette kj\u00f8le-\/varmeboksen er utformet for \u00e5 oppfylle kravene i idrettsklubber, fysio- og treningsmilj\u00f8er. Med plass til opptil <g id=\"gid_0\">8 gjenbrukbare isposer<\/g> gir den enkel tilgang til effektiv kuldebehandling, og det vippbare lokket gj\u00f8r det raskt \u00e5 \u00e5pne og lukke boksen - noe som er avgj\u00f8rende i situasjoner under trykk. Boksen er laget av slagfast plast og m\u00e5ler <strong data-start=\"542\" data-end=\"571\">26 x 19 x 28 cm (6 liter) -<\/strong> kompakt nok for transport, men stor nok for profesjonell bruk.  <\/p>\n<p data-start=\"639\" data-end=\"800\">Den gj\u00f8r det enkelt \u00e5 f\u00f8lge RICE-metoden eller varmepakkerutiner, og er en \u00f8konomisk og praktisk l\u00f8sning for behandling f\u00f8r, under eller etter trening og kamp.<\/p>\n<p data-start=\"802\" data-end=\"814\"><strong data-start=\"802\" data-end=\"814\">Fordeler:<\/strong><\/p>\n<ul data-start=\"815\" data-end=\"1024\">\n<li data-start=\"815\" data-end=\"847\">\n<p data-start=\"817\" data-end=\"847\">Plass til 8 gjenbrukbare poser<\/p>\n<\/li>\n<li data-start=\"848\" data-end=\"913\">\n<p data-start=\"850\" data-end=\"913\">Slagfast plastmateriale sikrer holdbarhet og trygg transport<\/p>\n<\/li>\n<li data-start=\"914\" data-end=\"945\">\n<p data-start=\"916\" data-end=\"945\">Vippelokk for rask tilgang<\/p>\n<\/li>\n<li data-start=\"946\" data-end=\"1024\">\n<p data-start=\"948\" data-end=\"1024\">Kompakt st\u00f8rrelse - lett \u00e5 ta med seg til bortekurs, turneringer eller klinikker<\/p>\n<\/li>\n<\/ul>\n<p data-start=\"334\" data-end=\"369\"><strong data-start=\"338\" data-end=\"367\">Tekniske spesifikasjoner:<\/strong><\/p>\n<ul data-start=\"370\" data-end=\"636\">\n<li data-start=\"370\" data-end=\"403\">\n<p data-start=\"372\" data-end=\"403\"><strong data-start=\"372\" data-end=\"386\">Materiale:<\/strong> Slagfast plast<\/p>\n<\/li>\n<li data-start=\"404\" data-end=\"430\">\n<p data-start=\"406\" data-end=\"430\"><strong data-start=\"406\" data-end=\"420\">Kapasitet:<\/strong> 6 liter<\/p>\n<\/li>\n<li data-start=\"431\" data-end=\"474\">\n<p data-start=\"433\" data-end=\"474\"><strong data-start=\"433\" data-end=\"447\">Plass til:<\/strong> Opptil 8 gjenbrukbare poser<\/p>\n<\/li>\n<li data-start=\"475\" data-end=\"503\">\n<p data-start=\"477\" data-end=\"503\"><strong data-start=\"477\" data-end=\"485\">M\u00e5l:<\/strong> 26 x 19 x 28 cm<\/p>\n<\/li>\n<li data-start=\"504\" data-end=\"552\">\n<p data-start=\"506\" data-end=\"552\"><strong data-start=\"506\" data-end=\"514\">Lokk:<\/strong> Vippbart lokk for rask \u00e5pning\/lukking<\/p>\n<\/li>\n<li data-start=\"553\" data-end=\"636\">\n<p data-start=\"555\" data-end=\"636\"><strong data-start=\"555\" data-end=\"570\">Bruksomr\u00e5de:<\/strong> Kald eller varm lagring for sport, behandling og n\u00f8dbruk<\/p>\n<\/li>\n<\/ul>\n","protected":false},"excerpt":{"rendered":"<p data-start=\"142\" data-end=\"327\"><strong>Praktisk kj\u00f8le-\/varmeboks med plass til opptil 8 isposer - perfekt til sport, behandling og rehabilitering. Laget av slagfast plast med vippelokk for rask tilgang og enkel transport. <\/strong><\/p>\n","protected":false},"featured_media":82578,"comment_status":"closed","ping_status":"closed","template":"","meta":{"_acf_changed":false},"product_brand":[3086],"product_cat":[2391,2221,2433,2218,2374,2124,2434,1948,1937,2439,1941,1945],"product_tag":[2392],"class_list":{"0":"post-82565","1":"product","2":"type-product","3":"status-publish","4":"has-post-thumbnail","6":"product_brand-aserve","7":"product_cat-a-serve-no","8":"product_cat-annet-treningsutstyr","9":"product_cat-avlastning-ved-forkjoelelse","10":"product_cat-fotball-og-fotball","11":"product_cat-haandball","12":"product_cat-kald-varmebehandling","13":"product_cat-kjoeleprodukter","14":"product_cat-klinikk","15":"product_cat-merkevarer","16":"product_cat-oppvarmingsprodukter","17":"product_cat-rekonvalesens-og-sportspleie","18":"product_cat-treningsutstyr","19":"product_tag-aserve-no","21":"first","22":"instock","23":"sale","24":"taxable","25":"shipping-taxable","26":"purchasable","27":"product-type-simple"},"acf":[],"_links":{"self":[{"href":"https:\/\/fysiolab.dk\/no\/wp-json\/wp\/v2\/product\/82565","targetHints":{"allow":["GET"]}}],"collection":[{"href":"https:\/\/fysiolab.dk\/no\/wp-json\/wp\/v2\/product"}],"about":[{"href":"https:\/\/fysiolab.dk\/no\/wp-json\/wp\/v2\/types\/product"}],"replies":[{"embeddable":true,"href":"https:\/\/fysiolab.dk\/no\/wp-json\/wp\/v2\/comments?post=82565"}],"wp:featuredmedia":[{"embeddable":true,"href":"https:\/\/fysiolab.dk\/no\/wp-json\/wp\/v2\/media\/82578"}],"wp:attachment":[{"href":"https:\/\/fysiolab.dk\/no\/wp-json\/wp\/v2\/media?parent=82565"}],"wp:term":[{"taxonomy":"product_brand","embeddable":true,"href":"https:\/\/fysiolab.dk\/no\/wp-json\/wp\/v2\/product_brand?post=82565"},{"taxonomy":"product_cat","embeddable":true,"href":"https:\/\/fysiolab.dk\/no\/wp-json\/wp\/v2\/product_cat?post=82565"},{"taxonomy":"product_tag","embeddable":true,"href":"https:\/\/fysiolab.dk\/no\/wp-json\/wp\/v2\/product_tag?post=82565"}],"curies":[{"name":"wp","href":"https:\/\/api.w.org\/{rel}","templated":true}]}}