{"id":82591,"date":"2024-02-03T09:29:12","date_gmt":"2024-02-03T08:29:12","guid":{"rendered":"https:\/\/fysiolab.dk\/product\/compex-active-ankelstoette\/"},"modified":"2025-12-18T09:21:14","modified_gmt":"2025-12-18T08:21:14","slug":"compex-active-ankelstoette","status":"publish","type":"product","link":"https:\/\/fysiolab.dk\/no\/product\/compex-active-ankelstoette\/","title":{"rendered":"Compex Active+ ankelst\u00f8tte"},"content":{"rendered":"<p>Compex Active+ Ankle Brace er en del av den nye og forbedrede bandasjeserien fra Compex. Denne ankelskinnen anbefales til deg som \u00f8nsker ekstra stabilitet over ankelleddet og motvirker vridning utenfra. Active+-bandasjen har en 8-kantet stropp som gir optimal beskyttelse og stabilitet over ankelleddet, samtidig som den gir bevegelsesfrihet i hverdagen og ved sportsaktiviteter. Skinnen har kompresjonssoner rundt h\u00e6len, forfoten og ved fotknokkelen for \u00e5 gi deg stabilitet i hele ankelens bevegelsesomr\u00e5de. Laget av pustende materiale og <strong>passer b\u00e5de til h\u00f8yre og venstre.<\/strong>    <\/p>\n<p><strong>St\u00f8rrelsesguide (se video)<\/strong><\/p>\n<p><strong>Omkrets Str<\/strong><\/p>\n<p><strong>19-21 cm S<\/strong><\/p>\n<p><strong>22-24 cm M<\/strong><\/p>\n<p><strong>25-27 cm L<\/strong><\/p>\n<p><strong>28-30 cm XL<\/strong><\/p>\n<p><iframe title=\"Opm\u00e5lingsvejledning ankel FysioLab\" width=\"800\" height=\"450\" src=\"https:\/\/www.youtube.com\/embed\/rkUnY8rnXpY?feature=oembed\" frameborder=\"0\" allow=\"accelerometer; autoplay; clipboard-write; encrypted-media; gyroscope; picture-in-picture; web-share\" referrerpolicy=\"strict-origin-when-cross-origin\" allowfullscreen><\/iframe><\/p>\n<p>&nbsp;<\/p>\n","protected":false},"excerpt":{"rendered":"<p>https:\/\/www.youtube.com\/watch?v=ZtJVOTGxCow<\/p>\n","protected":false},"featured_media":82602,"comment_status":"closed","ping_status":"closed","template":"","meta":{"_acf_changed":false},"product_brand":[],"product_cat":[2262,2074,1992,2180,2182,2076,2013,2078,1937,1933,2077],"product_tag":[2019],"class_list":{"0":"post-82591","1":"product","2":"type-product","3":"status-publish","4":"has-post-thumbnail","6":"product_cat-akutte-smerter-i-ankelen","7":"product_cat-ankelforstuing","8":"product_cat-ankelskinne","9":"product_cat-ankelskinner-for-fotball","10":"product_cat-ankelskinner-for-haandball","11":"product_cat-ankelvridning","12":"product_cat-compex-no-2","13":"product_cat-compex-ankelskinner","14":"product_cat-merkevarer","15":"product_cat-skinner-og-stoetteskinner","16":"product_cat-ustabil-ankel-no","17":"product_tag-compex-no","19":"first","20":"instock","21":"taxable","22":"shipping-taxable","23":"purchasable","24":"product-type-variable"},"acf":[],"_links":{"self":[{"href":"https:\/\/fysiolab.dk\/no\/wp-json\/wp\/v2\/product\/82591","targetHints":{"allow":["GET"]}}],"collection":[{"href":"https:\/\/fysiolab.dk\/no\/wp-json\/wp\/v2\/product"}],"about":[{"href":"https:\/\/fysiolab.dk\/no\/wp-json\/wp\/v2\/types\/product"}],"replies":[{"embeddable":true,"href":"https:\/\/fysiolab.dk\/no\/wp-json\/wp\/v2\/comments?post=82591"}],"wp:featuredmedia":[{"embeddable":true,"href":"https:\/\/fysiolab.dk\/no\/wp-json\/wp\/v2\/media\/82602"}],"wp:attachment":[{"href":"https:\/\/fysiolab.dk\/no\/wp-json\/wp\/v2\/media?parent=82591"}],"wp:term":[{"taxonomy":"product_brand","embeddable":true,"href":"https:\/\/fysiolab.dk\/no\/wp-json\/wp\/v2\/product_brand?post=82591"},{"taxonomy":"product_cat","embeddable":true,"href":"https:\/\/fysiolab.dk\/no\/wp-json\/wp\/v2\/product_cat?post=82591"},{"taxonomy":"product_tag","embeddable":true,"href":"https:\/\/fysiolab.dk\/no\/wp-json\/wp\/v2\/product_tag?post=82591"}],"curies":[{"name":"wp","href":"https:\/\/api.w.org\/{rel}","templated":true}]}}