{"id":82597,"date":"2024-01-27T20:34:01","date_gmt":"2024-01-27T19:34:01","guid":{"rendered":"https:\/\/fysiolab.dk\/product\/stoettehjul-17-cm\/"},"modified":"2025-12-18T09:21:15","modified_gmt":"2025-12-18T08:21:15","slug":"stoettehjul-17-cm","status":"publish","type":"product","link":"https:\/\/fysiolab.dk\/no\/product\/stoettehjul-17-cm\/","title":{"rendered":"St\u00f8ttehjul 17 cm."},"content":{"rendered":"<h3 data-start=\"163\" data-end=\"198\"><strong data-start=\"167\" data-end=\"196\">Aserve treningshjul 17 cm<\/strong><\/h3>\n<p data-start=\"199\" data-end=\"245\"><strong data-start=\"199\" data-end=\"243\">Effektiv kjerneoppl\u00e6ring i et kompakt format<\/strong><\/p>\n<p data-start=\"247\" data-end=\"520\">Aserve Exercise Wheel er et enkelt, men sv\u00e6rt effektivt verkt\u00f8y for \u00e5 styrke kjernemuskulatur, armer, skuldre og rygg. Med en diameter p\u00e5 17 cm gir hjulet en kontrollert bevegelse som utfordrer stabilitet og balanse - perfekt for rehabilitering, fitness og funksjonell trening. <\/p>\n<p data-start=\"522\" data-end=\"719\">De ergonomiske h\u00e5ndtakene sikrer et godt grep, slik at du kan fokusere p\u00e5 riktig teknikk og muskelkontroll. Den robuste konstruksjonen gj\u00f8r hjulet egnet for klinikker, treningssentre og hjemmetrening. <\/p>\n<p data-start=\"721\" data-end=\"977\">Treningshjulet kan brukes p\u00e5 b\u00e5de kn\u00e6r og t\u00e6r, avhengig av niv\u00e5, og er ideelt for \u00f8velser som magehjulrulling, stabilitetstrening og skulderkontroll. Regelmessig bruk bidrar til forbedret kroppsstabilitet, bedre holdning og \u00f8kt styrke i hele kjernemuskulaturen. <\/p>\n<p data-start=\"979\" data-end=\"1001\"><strong data-start=\"979\" data-end=\"999\">Spesifikasjoner:<\/strong><\/p>\n<ul data-start=\"1002\" data-end=\"1178\">\n<li data-start=\"1002\" data-end=\"1021\">\n<p data-start=\"1004\" data-end=\"1021\">Diameter: 17 cm<\/p>\n<\/li>\n<li data-start=\"1022\" data-end=\"1062\">\n<p data-start=\"1024\" data-end=\"1062\">Ergonomiske h\u00e5ndtak for et sikkert grep<\/p>\n<\/li>\n<li data-start=\"1063\" data-end=\"1105\">\n<p data-start=\"1065\" data-end=\"1105\">Passer for b\u00e5de nybegynnere og avanserte brukere<\/p>\n<\/li>\n<li data-start=\"1106\" data-end=\"1140\">\n<p data-start=\"1108\" data-end=\"1140\">Kompakt og lett \u00e5 transportere<\/p>\n<\/li>\n<li data-start=\"1141\" data-end=\"1178\">\n<p data-start=\"1143\" data-end=\"1178\">Trener kjerne, armer, rygg og skuldre<\/p>\n<\/li>\n<\/ul>\n","protected":false},"excerpt":{"rendered":"<article class=\"text-token-text-primary w-full focus:outline-none [--shadow-height:45px] has-data-writing-block:pointer-events-none has-data-writing-block:-mt-(--shadow-height) has-data-writing-block:pt-(--shadow-height) [&amp;:has([data-writing-block])&gt;*]:pointer-events-auto [content-visibility:auto] supports-[content-visibility:auto]:[contain-intrinsic-size:auto_100lvh] scroll-mt-[calc(var(--header-height)+min(200px,max(70px,20svh)))]\" dir=\"auto\" tabindex=\"-1\" data-turn-id=\"532e2511-8681-420e-8a44-b8580a961c4d\" data-testid=\"conversation-turn-420\" data-scroll-anchor=\"true\" data-turn=\"assistant\">\n<div class=\"text-base my-auto mx-auto pb-10 [--thread-content-margin:--spacing(4)] thread-sm:[--thread-content-margin:--spacing(6)] thread-lg:[--thread-content-margin:--spacing(16)] px-(--thread-content-margin)\">\n<div class=\"[--thread-content-max-width:40rem] thread-lg:[--thread-content-max-width:48rem] mx-auto max-w-(--thread-content-max-width) flex-1 group\/turn-messages focus-visible:outline-hidden relative flex w-full min-w-0 flex-col agent-turn\" tabindex=\"-1\">\n<div class=\"flex max-w-full flex-col grow\">\n<div class=\"min-h-8 text-message relative flex w-full flex-col items-end gap-2 text-start break-words whitespace-normal [.text-message+&amp;]:mt-1\" dir=\"auto\" data-message-author-role=\"assistant\" data-message-id=\"2a9e267a-e0da-4539-8063-48c4a550f9f9\" data-message-model-slug=\"gpt-5-mini\">\n<div class=\"flex w-full flex-col gap-1 empty:hidden first:pt-[1px]\">\n<div class=\"markdown prose dark:prose-invert w-full break-words light markdown-new-styling\">\n<p data-start=\"67\" data-end=\"286\" data-is-last-node=\"\" data-is-only-node=\"\"><strong>Aserve Exercise Wheel 17 cm - Perfekt for effektiv trening av kjernemuskulatur og styrking av armer, skuldre og rygg. Ergonomiske h\u00e5ndtak sikrer et godt grep, mens den kompakte st\u00f8rrelsen gj\u00f8r hjulet ideelt for b\u00e5de hjemme- og klinikkbruk. <\/strong><\/p>\n<\/div>\n<\/div>\n<\/div>\n<\/div>\n<div class=\"z-0 flex min-h-[46px] justify-start\"><\/div>\n<div class=\"mt-3 w-full empty:hidden\">\n<div class=\"text-center\"><\/div>\n<\/div>\n<\/div>\n<\/div>\n<\/article>\n<div class=\"pointer-events-none h-px w-px\" aria-hidden=\"true\" data-edge=\"true\"><\/div>\n","protected":false},"featured_media":82611,"comment_status":"closed","ping_status":"closed","template":"","meta":{"_acf_changed":false},"product_brand":[3086],"product_cat":[2391,2221,1937,1945],"product_tag":[2392],"class_list":{"0":"post-82597","1":"product","2":"type-product","3":"status-publish","4":"has-post-thumbnail","6":"product_brand-aserve","7":"product_cat-a-serve-no","8":"product_cat-annet-treningsutstyr","9":"product_cat-merkevarer","10":"product_cat-treningsutstyr","11":"product_tag-aserve-no","13":"first","14":"instock","15":"taxable","16":"shipping-taxable","17":"purchasable","18":"product-type-simple"},"acf":[],"_links":{"self":[{"href":"https:\/\/fysiolab.dk\/no\/wp-json\/wp\/v2\/product\/82597","targetHints":{"allow":["GET"]}}],"collection":[{"href":"https:\/\/fysiolab.dk\/no\/wp-json\/wp\/v2\/product"}],"about":[{"href":"https:\/\/fysiolab.dk\/no\/wp-json\/wp\/v2\/types\/product"}],"replies":[{"embeddable":true,"href":"https:\/\/fysiolab.dk\/no\/wp-json\/wp\/v2\/comments?post=82597"}],"wp:featuredmedia":[{"embeddable":true,"href":"https:\/\/fysiolab.dk\/no\/wp-json\/wp\/v2\/media\/82611"}],"wp:attachment":[{"href":"https:\/\/fysiolab.dk\/no\/wp-json\/wp\/v2\/media?parent=82597"}],"wp:term":[{"taxonomy":"product_brand","embeddable":true,"href":"https:\/\/fysiolab.dk\/no\/wp-json\/wp\/v2\/product_brand?post=82597"},{"taxonomy":"product_cat","embeddable":true,"href":"https:\/\/fysiolab.dk\/no\/wp-json\/wp\/v2\/product_cat?post=82597"},{"taxonomy":"product_tag","embeddable":true,"href":"https:\/\/fysiolab.dk\/no\/wp-json\/wp\/v2\/product_tag?post=82597"}],"curies":[{"name":"wp","href":"https:\/\/api.w.org\/{rel}","templated":true}]}}