{"id":82610,"date":"2024-02-03T09:12:35","date_gmt":"2024-02-03T08:12:35","guid":{"rendered":"https:\/\/fysiolab.dk\/product\/compex-aktiv-ankelskinne\/"},"modified":"2025-12-18T09:21:15","modified_gmt":"2025-12-18T08:21:15","slug":"compex-aktiv-ankelskinne","status":"publish","type":"product","link":"https:\/\/fysiolab.dk\/no\/product\/compex-aktiv-ankelskinne\/","title":{"rendered":"Compex aktiv ankelskinne"},"content":{"rendered":"<p>Compex Active Ankle Brace er en del av den nye og forbedrede bandasjeserien fra Compex. Skinnen er laget av et behagelig og mykt materiale uten s\u00f8mmer, noe som gir en f\u00f8lelse av total frihet og stabilitet p\u00e5 samme tid. Skinnen har kompresjonssoner rundt h\u00e6len, forfoten og ved fotknokkelen for \u00e5 gi deg stabilitet i hele ankelens bevegelsesomr\u00e5de. Skinnen er laget av pustende materiale, slik at du enkelt kan bruke den til sport og hverdagsaktiviteter.     <strong>St\u00f8tten passer til b\u00e5de h\u00f8yre og venstre fot.<\/strong><\/p>\n<p><strong>St\u00f8rrelsesguide (se video)<\/strong><\/p>\n<p><strong>Omkrets Str<\/strong><\/p>\n<p><strong>19-21 cm S<\/strong><\/p>\n<p><strong>22-24 cm M<\/strong><\/p>\n<p><strong>25-27 cm L<\/strong><\/p>\n<p><strong>28-30 cm XL<\/strong><\/p>\n<p><iframe title=\"Opm\u00e5lingsvejledning ankel FysioLab\" width=\"800\" height=\"450\" src=\"https:\/\/www.youtube.com\/embed\/rkUnY8rnXpY?feature=oembed\" frameborder=\"0\" allow=\"accelerometer; autoplay; clipboard-write; encrypted-media; gyroscope; picture-in-picture; web-share\" referrerpolicy=\"strict-origin-when-cross-origin\" allowfullscreen><\/iframe><\/p>\n","protected":false},"excerpt":{"rendered":"<p>https:\/\/www.youtube.com\/watch?v=zINMx7O4gMk<\/p>\n","protected":false},"featured_media":82617,"comment_status":"closed","ping_status":"closed","template":"","meta":{"_acf_changed":false},"product_brand":[],"product_cat":[2074,1992,2180,2182,2076,2013,2078,1937,1933,2077],"product_tag":[2019],"class_list":{"0":"post-82610","1":"product","2":"type-product","3":"status-publish","4":"has-post-thumbnail","6":"product_cat-ankelforstuing","7":"product_cat-ankelskinne","8":"product_cat-ankelskinner-for-fotball","9":"product_cat-ankelskinner-for-haandball","10":"product_cat-ankelvridning","11":"product_cat-compex-no-2","12":"product_cat-compex-ankelskinner","13":"product_cat-merkevarer","14":"product_cat-skinner-og-stoetteskinner","15":"product_cat-ustabil-ankel-no","16":"product_tag-compex-no","18":"first","19":"instock","20":"taxable","21":"shipping-taxable","22":"purchasable","23":"product-type-variable"},"acf":[],"_links":{"self":[{"href":"https:\/\/fysiolab.dk\/no\/wp-json\/wp\/v2\/product\/82610","targetHints":{"allow":["GET"]}}],"collection":[{"href":"https:\/\/fysiolab.dk\/no\/wp-json\/wp\/v2\/product"}],"about":[{"href":"https:\/\/fysiolab.dk\/no\/wp-json\/wp\/v2\/types\/product"}],"replies":[{"embeddable":true,"href":"https:\/\/fysiolab.dk\/no\/wp-json\/wp\/v2\/comments?post=82610"}],"wp:featuredmedia":[{"embeddable":true,"href":"https:\/\/fysiolab.dk\/no\/wp-json\/wp\/v2\/media\/82617"}],"wp:attachment":[{"href":"https:\/\/fysiolab.dk\/no\/wp-json\/wp\/v2\/media?parent=82610"}],"wp:term":[{"taxonomy":"product_brand","embeddable":true,"href":"https:\/\/fysiolab.dk\/no\/wp-json\/wp\/v2\/product_brand?post=82610"},{"taxonomy":"product_cat","embeddable":true,"href":"https:\/\/fysiolab.dk\/no\/wp-json\/wp\/v2\/product_cat?post=82610"},{"taxonomy":"product_tag","embeddable":true,"href":"https:\/\/fysiolab.dk\/no\/wp-json\/wp\/v2\/product_tag?post=82610"}],"curies":[{"name":"wp","href":"https:\/\/api.w.org\/{rel}","templated":true}]}}