{"id":82622,"date":"2024-01-25T22:27:06","date_gmt":"2024-01-25T21:27:06","guid":{"rendered":"https:\/\/fysiolab.dk\/product\/sissel-soft-anatomisk-pute\/"},"modified":"2025-12-18T09:21:16","modified_gmt":"2025-12-18T08:21:16","slug":"sissel-soft-anatomisk-pute","status":"publish","type":"product","link":"https:\/\/fysiolab.dk\/no\/product\/sissel-soft-anatomisk-pute\/","title":{"rendered":"Sissel Soft Anatomisk pute"},"content":{"rendered":"<p>Sissel Soft Anatomical Pillow er utviklet i et fantastisk mykt viskoelastisk materiale som beskytter og stabiliserer nakken og nakkeregionen mens du sover. Puten er anatomisk formet for \u00e5 optimalisere skuldrenes stilling n\u00e5r du bruker puten.   <strong>Tilgjengelig i 2 st\u00f8rrelser: Medium 47x33x11cm og large 47x33x14cm<\/strong><\/p>\n<p>Puten anbefales til personer med sensitiv nakke etter enten skiveprolaps, nakkesleng eller ledd- og muskelsmerter.<\/p>\n<p>Farge: Perlemor<\/p>\n","protected":false},"excerpt":{"rendered":"<p><strong>Sissel Soft Anatomical Pillow er utviklet i et fantastisk mykt viskoelastisk materiale som beskytter og stabiliserer nakken og nakkeregionen mens du sover. Puten er anatomisk formet for \u00e5 optimalisere skuldrenes stilling n\u00e5r du bruker puten.  Tilgjengelig i 2 st\u00f8rrelser: Medium 47x33x11cm og large 47x33x14cm<\/strong><\/p>\n","protected":false},"featured_media":82625,"comment_status":"closed","ping_status":"closed","template":"","meta":{"_acf_changed":false},"product_brand":[],"product_cat":[2020,1948,1937,2517,2520,1941,2518,2519],"product_tag":[2521],"class_list":{"0":"post-82622","1":"product","2":"type-product","3":"status-publish","4":"has-post-thumbnail","6":"product_cat-julegaveideer-no","7":"product_cat-klinikk","8":"product_cat-merkevarer","9":"product_cat-pulver","10":"product_cat-puter-og-ergonomi","11":"product_cat-rekonvalesens-og-sportspleie","12":"product_cat-sissel-no","13":"product_cat-sissel-puter","14":"product_tag-sissel-no","16":"first","17":"instock","18":"taxable","19":"shipping-taxable","20":"purchasable","21":"product-type-variable"},"acf":[],"_links":{"self":[{"href":"https:\/\/fysiolab.dk\/no\/wp-json\/wp\/v2\/product\/82622","targetHints":{"allow":["GET"]}}],"collection":[{"href":"https:\/\/fysiolab.dk\/no\/wp-json\/wp\/v2\/product"}],"about":[{"href":"https:\/\/fysiolab.dk\/no\/wp-json\/wp\/v2\/types\/product"}],"replies":[{"embeddable":true,"href":"https:\/\/fysiolab.dk\/no\/wp-json\/wp\/v2\/comments?post=82622"}],"wp:featuredmedia":[{"embeddable":true,"href":"https:\/\/fysiolab.dk\/no\/wp-json\/wp\/v2\/media\/82625"}],"wp:attachment":[{"href":"https:\/\/fysiolab.dk\/no\/wp-json\/wp\/v2\/media?parent=82622"}],"wp:term":[{"taxonomy":"product_brand","embeddable":true,"href":"https:\/\/fysiolab.dk\/no\/wp-json\/wp\/v2\/product_brand?post=82622"},{"taxonomy":"product_cat","embeddable":true,"href":"https:\/\/fysiolab.dk\/no\/wp-json\/wp\/v2\/product_cat?post=82622"},{"taxonomy":"product_tag","embeddable":true,"href":"https:\/\/fysiolab.dk\/no\/wp-json\/wp\/v2\/product_tag?post=82622"}],"curies":[{"name":"wp","href":"https:\/\/api.w.org\/{rel}","templated":true}]}}