{"id":82631,"date":"2024-01-25T15:17:00","date_gmt":"2024-01-25T14:17:00","guid":{"rendered":"https:\/\/fysiolab.dk\/product\/sissel-soft-curve-pute\/"},"modified":"2025-12-18T09:21:16","modified_gmt":"2025-12-18T08:21:16","slug":"sissel-soft-curve-pute","status":"publish","type":"product","link":"https:\/\/fysiolab.dk\/no\/product\/sissel-soft-curve-pute\/","title":{"rendered":"Sissel Soft Curve-pute"},"content":{"rendered":"<p>Sissel Soft Curve Pillow er en fleksibel og myk pute som hjelper deg med \u00e5 f\u00e5 en bedre nattes\u00f8vn. Puten er utformet for \u00e5 avlaste og sikre nakken og nakkevirvlene. Puten er utviklet i et mykt og komfortabelt viskoelastisk skum som gir en jevn trykkfordeling, noe som favoriserer hode- og nakkeposisjonen din under s\u00f8vnen.  <\/p>\n<p><strong>Finnes i st\u00f8rrelsene small, medium og large:<\/strong><\/p>\n<p><strong>Liten (63x31x8 cm)<\/strong><\/p>\n<p><strong>Medium (63x31x10 cm)<\/strong><\/p>\n<p><strong>Stor (63x31x13 cm)<\/strong><\/p>\n","protected":false},"excerpt":{"rendered":"<p><strong>Sissel Soft Curve Pillow er en fleksibel og myk pute som hjelper deg med \u00e5 f\u00e5 en bedre nattes\u00f8vn. Puten er utformet for \u00e5 avlaste og sikre nakken og nakkevirvlene. Puten er utviklet i et mykt og komfortabelt viskoelastisk skum som gir en jevn trykkfordeling, noe som favoriserer hode- og nakkeposisjonen din under s\u00f8vnen.    <\/strong><\/p>\n","protected":false},"featured_media":82639,"comment_status":"closed","ping_status":"closed","template":"","meta":{"_acf_changed":false},"product_brand":[],"product_cat":[2020,1948,1937,2517,2520,1941,2518,2519],"product_tag":[2521],"class_list":{"0":"post-82631","1":"product","2":"type-product","3":"status-publish","4":"has-post-thumbnail","6":"product_cat-julegaveideer-no","7":"product_cat-klinikk","8":"product_cat-merkevarer","9":"product_cat-pulver","10":"product_cat-puter-og-ergonomi","11":"product_cat-rekonvalesens-og-sportspleie","12":"product_cat-sissel-no","13":"product_cat-sissel-puter","14":"product_tag-sissel-no","16":"first","17":"instock","18":"taxable","19":"shipping-taxable","20":"purchasable","21":"product-type-variable"},"acf":[],"_links":{"self":[{"href":"https:\/\/fysiolab.dk\/no\/wp-json\/wp\/v2\/product\/82631","targetHints":{"allow":["GET"]}}],"collection":[{"href":"https:\/\/fysiolab.dk\/no\/wp-json\/wp\/v2\/product"}],"about":[{"href":"https:\/\/fysiolab.dk\/no\/wp-json\/wp\/v2\/types\/product"}],"replies":[{"embeddable":true,"href":"https:\/\/fysiolab.dk\/no\/wp-json\/wp\/v2\/comments?post=82631"}],"wp:featuredmedia":[{"embeddable":true,"href":"https:\/\/fysiolab.dk\/no\/wp-json\/wp\/v2\/media\/82639"}],"wp:attachment":[{"href":"https:\/\/fysiolab.dk\/no\/wp-json\/wp\/v2\/media?parent=82631"}],"wp:term":[{"taxonomy":"product_brand","embeddable":true,"href":"https:\/\/fysiolab.dk\/no\/wp-json\/wp\/v2\/product_brand?post=82631"},{"taxonomy":"product_cat","embeddable":true,"href":"https:\/\/fysiolab.dk\/no\/wp-json\/wp\/v2\/product_cat?post=82631"},{"taxonomy":"product_tag","embeddable":true,"href":"https:\/\/fysiolab.dk\/no\/wp-json\/wp\/v2\/product_tag?post=82631"}],"curies":[{"name":"wp","href":"https:\/\/api.w.org\/{rel}","templated":true}]}}