{"id":82632,"date":"2024-01-27T20:00:31","date_gmt":"2024-01-27T19:00:31","guid":{"rendered":"https:\/\/fysiolab.dk\/product\/blazepod-funksjonelt-adaptersett\/"},"modified":"2025-12-18T09:21:16","modified_gmt":"2025-12-18T08:21:16","slug":"blazepod-funksjonelt-adaptersett","status":"publish","type":"product","link":"https:\/\/fysiolab.dk\/no\/product\/blazepod-funksjonelt-adaptersett\/","title":{"rendered":"BlazePod funksjonelt adaptersett"},"content":{"rendered":"<p><strong>BlazePod Functional Adapter Kit<\/strong> er en l\u00f8sning som gj\u00f8r det enkelt \u00e5 feste eller feste Pods. Adaptersettet leveres med 2 x funksjonelle adaptere, 2 x sugekopper og 2 x stropper. <\/p>\n","protected":false},"excerpt":{"rendered":"<p>BlazePod Functional Adapter Kit er en l\u00f8sning som gj\u00f8r det enkelt \u00e5 feste eller feste Pods. Adaptersettet leveres med 2 x funksjonelle adaptere, 2 x sugekopper og 2 x stropper.<\/p>\n","protected":false},"featured_media":82636,"comment_status":"closed","ping_status":"closed","template":"","meta":{"_acf_changed":false},"product_brand":[],"product_cat":[2221,2487,2486,2020,1937,1945],"product_tag":[2488],"class_list":{"0":"post-82632","1":"product","2":"type-product","3":"status-publish","4":"has-post-thumbnail","6":"product_cat-annet-treningsutstyr","7":"product_cat-blaa-pod","8":"product_cat-blazepod-no","9":"product_cat-julegaveideer-no","10":"product_cat-merkevarer","11":"product_cat-treningsutstyr","12":"product_tag-blazepod-no","14":"first","15":"instock","16":"sale","17":"taxable","18":"shipping-taxable","19":"purchasable","20":"product-type-simple"},"acf":[],"_links":{"self":[{"href":"https:\/\/fysiolab.dk\/no\/wp-json\/wp\/v2\/product\/82632","targetHints":{"allow":["GET"]}}],"collection":[{"href":"https:\/\/fysiolab.dk\/no\/wp-json\/wp\/v2\/product"}],"about":[{"href":"https:\/\/fysiolab.dk\/no\/wp-json\/wp\/v2\/types\/product"}],"replies":[{"embeddable":true,"href":"https:\/\/fysiolab.dk\/no\/wp-json\/wp\/v2\/comments?post=82632"}],"wp:featuredmedia":[{"embeddable":true,"href":"https:\/\/fysiolab.dk\/no\/wp-json\/wp\/v2\/media\/82636"}],"wp:attachment":[{"href":"https:\/\/fysiolab.dk\/no\/wp-json\/wp\/v2\/media?parent=82632"}],"wp:term":[{"taxonomy":"product_brand","embeddable":true,"href":"https:\/\/fysiolab.dk\/no\/wp-json\/wp\/v2\/product_brand?post=82632"},{"taxonomy":"product_cat","embeddable":true,"href":"https:\/\/fysiolab.dk\/no\/wp-json\/wp\/v2\/product_cat?post=82632"},{"taxonomy":"product_tag","embeddable":true,"href":"https:\/\/fysiolab.dk\/no\/wp-json\/wp\/v2\/product_tag?post=82632"}],"curies":[{"name":"wp","href":"https:\/\/api.w.org\/{rel}","templated":true}]}}