{"id":82642,"date":"2024-01-27T19:45:32","date_gmt":"2024-01-27T18:45:32","guid":{"rendered":"https:\/\/fysiolab.dk\/product\/blazepod-single-pod\/"},"modified":"2025-12-18T09:21:16","modified_gmt":"2025-12-18T08:21:16","slug":"blazepod-single-pod","status":"publish","type":"product","link":"https:\/\/fysiolab.dk\/no\/product\/blazepod-single-pod\/","title":{"rendered":"BlazePod Single Pod"},"content":{"rendered":"<p><strong>BlazePod Single Pod<\/strong> gj\u00f8r det mulig \u00e5 utvide treningen med BlazePods ved \u00e5 legge til ekstra Pods. Pods kan enkelt l\u00f8ftes fra gulvet ved hjelp av BlazePods-adaptere. Produktet kan Bluetooth-aktiveres for umiddelbar tilkobling til smarttelefoner, og kan holde forbindelsen opptil 40 meter unna. BlazePods er enkle og intuitive og har ingen bevegelige deler. Lysstyrken kan justeres basert p\u00e5 dine personlige preferanser.    <\/p>\n<ul>\n<li>Kraftig RGB LED-lys med 8 forskjellige fargealternativer.<\/li>\n<li>Enkel \u00e5 transportere, liten og lett.<\/li>\n<li>Oppladbart batteri med opptil 8 timers batterilevetid p\u00e5 \u00e9n lading.<\/li>\n<li>Lett \u00e5 stable og lett \u00e5 oppbevare.<\/li>\n<li>Lader ikke inkludert.<\/li>\n<\/ul>\n","protected":false},"excerpt":{"rendered":"<p>Hvis du trenger en ekstra BlazePod til trening, kan du kj\u00f8pe den her<\/p>\n","protected":false},"featured_media":82644,"comment_status":"closed","ping_status":"closed","template":"","meta":{"_acf_changed":false},"product_brand":[],"product_cat":[2221,2487,2486,2020,1937,1945],"product_tag":[2488],"class_list":{"0":"post-82642","1":"product","2":"type-product","3":"status-publish","4":"has-post-thumbnail","6":"product_cat-annet-treningsutstyr","7":"product_cat-blaa-pod","8":"product_cat-blazepod-no","9":"product_cat-julegaveideer-no","10":"product_cat-merkevarer","11":"product_cat-treningsutstyr","12":"product_tag-blazepod-no","14":"first","15":"instock","16":"sale","17":"taxable","18":"shipping-taxable","19":"purchasable","20":"product-type-simple"},"acf":[],"_links":{"self":[{"href":"https:\/\/fysiolab.dk\/no\/wp-json\/wp\/v2\/product\/82642","targetHints":{"allow":["GET"]}}],"collection":[{"href":"https:\/\/fysiolab.dk\/no\/wp-json\/wp\/v2\/product"}],"about":[{"href":"https:\/\/fysiolab.dk\/no\/wp-json\/wp\/v2\/types\/product"}],"replies":[{"embeddable":true,"href":"https:\/\/fysiolab.dk\/no\/wp-json\/wp\/v2\/comments?post=82642"}],"wp:featuredmedia":[{"embeddable":true,"href":"https:\/\/fysiolab.dk\/no\/wp-json\/wp\/v2\/media\/82644"}],"wp:attachment":[{"href":"https:\/\/fysiolab.dk\/no\/wp-json\/wp\/v2\/media?parent=82642"}],"wp:term":[{"taxonomy":"product_brand","embeddable":true,"href":"https:\/\/fysiolab.dk\/no\/wp-json\/wp\/v2\/product_brand?post=82642"},{"taxonomy":"product_cat","embeddable":true,"href":"https:\/\/fysiolab.dk\/no\/wp-json\/wp\/v2\/product_cat?post=82642"},{"taxonomy":"product_tag","embeddable":true,"href":"https:\/\/fysiolab.dk\/no\/wp-json\/wp\/v2\/product_tag?post=82642"}],"curies":[{"name":"wp","href":"https:\/\/api.w.org\/{rel}","templated":true}]}}