{"id":82648,"date":"2024-01-21T19:33:56","date_gmt":"2024-01-21T18:33:56","guid":{"rendered":"https:\/\/fysiolab.dk\/product\/donjoy-erstatningskondylus-sili\/"},"modified":"2025-12-18T09:21:17","modified_gmt":"2025-12-18T08:21:17","slug":"donjoy-erstatningskondylus-sili","status":"publish","type":"product","link":"https:\/\/fysiolab.dk\/no\/product\/donjoy-erstatningskondylus-sili\/","title":{"rendered":"DonJoy erstatningskondylus Sili"},"content":{"rendered":"<p>DonJoy Replacement Condyle Sili er 2 kondylputer i et stilig silikonmateriale som gir optimal og behagelig f\u00f8lelse p\u00e5 innsiden og utsiden av kneet mens du har p\u00e5 deg 4-punktsskinnen. Passer til alle DonJoy 4-punktsskinner.  Inkluderer 2 deler<\/p>\n","protected":false},"excerpt":{"rendered":"<p><strong>DonJoy Replacement Condyle Sili er 2 kondylputer i et stilig silikonmateriale som gir optimal og behagelig f\u00f8lelse p\u00e5 innsiden og utsiden av kneet mens du har p\u00e5 deg 4-punktsskinnen. Passer til alle DonJoy 4-punktsskinner.  Inkluderer 2 deler<\/strong><\/p>\n","protected":false},"featured_media":82650,"comment_status":"closed","ping_status":"closed","template":"","meta":{"_acf_changed":false},"product_brand":[],"product_cat":[2148,1933,2165],"product_tag":[2173],"class_list":{"0":"post-82648","1":"product","2":"type-product","3":"status-publish","4":"has-post-thumbnail","6":"product_cat-knestoetter-no","7":"product_cat-skinner-og-stoetteskinner","8":"product_cat-tilbehoer-ekstrautstyr-til-kneskinner","9":"product_tag-donjoy-no","11":"first","12":"instock","13":"taxable","14":"shipping-taxable","15":"purchasable","16":"product-type-simple"},"acf":[],"_links":{"self":[{"href":"https:\/\/fysiolab.dk\/no\/wp-json\/wp\/v2\/product\/82648","targetHints":{"allow":["GET"]}}],"collection":[{"href":"https:\/\/fysiolab.dk\/no\/wp-json\/wp\/v2\/product"}],"about":[{"href":"https:\/\/fysiolab.dk\/no\/wp-json\/wp\/v2\/types\/product"}],"replies":[{"embeddable":true,"href":"https:\/\/fysiolab.dk\/no\/wp-json\/wp\/v2\/comments?post=82648"}],"wp:featuredmedia":[{"embeddable":true,"href":"https:\/\/fysiolab.dk\/no\/wp-json\/wp\/v2\/media\/82650"}],"wp:attachment":[{"href":"https:\/\/fysiolab.dk\/no\/wp-json\/wp\/v2\/media?parent=82648"}],"wp:term":[{"taxonomy":"product_brand","embeddable":true,"href":"https:\/\/fysiolab.dk\/no\/wp-json\/wp\/v2\/product_brand?post=82648"},{"taxonomy":"product_cat","embeddable":true,"href":"https:\/\/fysiolab.dk\/no\/wp-json\/wp\/v2\/product_cat?post=82648"},{"taxonomy":"product_tag","embeddable":true,"href":"https:\/\/fysiolab.dk\/no\/wp-json\/wp\/v2\/product_tag?post=82648"}],"curies":[{"name":"wp","href":"https:\/\/api.w.org\/{rel}","templated":true}]}}