{"id":82649,"date":"2024-01-27T19:26:31","date_gmt":"2024-01-27T18:26:31","guid":{"rendered":"https:\/\/fysiolab.dk\/product\/blazepod-standard-4-stk-inkl-app-og-oppbevaringspose\/"},"modified":"2026-01-21T19:20:19","modified_gmt":"2026-01-21T18:20:19","slug":"blazepod-standard-4-stk-inkl-app-og-oppbevaringspose","status":"publish","type":"product","link":"https:\/\/fysiolab.dk\/no\/product\/blazepod-standard-4-stk-inkl-app-og-oppbevaringspose\/","title":{"rendered":"BLAZEPOD Standard 4 stk. inkl. oppbevaringspose"},"content":{"rendered":"<p><strong>BlazePod <\/strong>stimulerer kroppens sensorer gjennom reaksjons- og koordinasjons\u00f8velser. BlazePods er f\u00f8lsomme enheter som gir et lyssignal i kraftige RGB-lysdioder med 8 fargealternativer i tilfeldig rekkef\u00f8lge, noe som motiverer og presser ut\u00f8veren til \u00e5 yte maksimalt. Lysstyrken kan justeres i henhold til dine personlige preferanser. BlazePod kan brukes alene, til trening i lag og til konkurranser. Velg treningsprogram i appen, og hold oversikt over alle treningsdata som lagres der, slik at du kan optimalisere ytelsen og m\u00e5lene dine og f\u00f8lge med p\u00e5 fremgangen din.    <\/p>\n<p>BlazePods er vanntette (IP65) og UV-beskyttet. De er enkle, lette og intuitive, uten av\/p\u00e5-bryter eller andre bevegelige deler. L\u00f8ft dem opp fra bakken ved hjelp av BlazePods-adapteren. Med det oppladbare Li-lon-batteriet kan de vare i opptil 8 timer p\u00e5 \u00e9n lading.   <\/p>\n<p>Pakk alle sammen i oppbevaringsposen etter bruk, eller stabl dem opp\u00e5 hverandre i laderen for \u00e5 spare plass. De kobles til Bluetooth for umiddelbar sammenkobling med smarttelefonen og har en rekkevidde p\u00e5 opptil 40 meter fra enhet til Pod. <\/p>\n<p>Inkludert i leveransen<\/p>\n<ul>\n<li>4 x Pods<\/li>\n<li>Lader<\/li>\n<li>Oppbevaringspose med h\u00e5ndtak<\/li>\n<\/ul>\n","protected":false},"excerpt":{"rendered":"<p>Blazepod er et flott treningsverkt\u00f8y for \u00e5 trene reaksjon og koordinasjon, blant annet<\/p>\n","protected":false},"featured_media":103368,"comment_status":"closed","ping_status":"closed","template":"","meta":{"_acf_changed":false},"product_brand":[3136],"product_cat":[2221,2487,2486,2020,1937,1945],"product_tag":[2488],"class_list":{"0":"post-82649","1":"product","2":"type-product","3":"status-publish","4":"has-post-thumbnail","6":"product_brand-blazepod","7":"product_cat-annet-treningsutstyr","8":"product_cat-blaa-pod","9":"product_cat-blazepod-no","10":"product_cat-julegaveideer-no","11":"product_cat-merkevarer","12":"product_cat-treningsutstyr","13":"product_tag-blazepod-no","15":"first","16":"instock","17":"sale","18":"taxable","19":"shipping-taxable","20":"purchasable","21":"product-type-simple"},"acf":[],"_links":{"self":[{"href":"https:\/\/fysiolab.dk\/no\/wp-json\/wp\/v2\/product\/82649","targetHints":{"allow":["GET"]}}],"collection":[{"href":"https:\/\/fysiolab.dk\/no\/wp-json\/wp\/v2\/product"}],"about":[{"href":"https:\/\/fysiolab.dk\/no\/wp-json\/wp\/v2\/types\/product"}],"replies":[{"embeddable":true,"href":"https:\/\/fysiolab.dk\/no\/wp-json\/wp\/v2\/comments?post=82649"}],"wp:featuredmedia":[{"embeddable":true,"href":"https:\/\/fysiolab.dk\/no\/wp-json\/wp\/v2\/media\/103368"}],"wp:attachment":[{"href":"https:\/\/fysiolab.dk\/no\/wp-json\/wp\/v2\/media?parent=82649"}],"wp:term":[{"taxonomy":"product_brand","embeddable":true,"href":"https:\/\/fysiolab.dk\/no\/wp-json\/wp\/v2\/product_brand?post=82649"},{"taxonomy":"product_cat","embeddable":true,"href":"https:\/\/fysiolab.dk\/no\/wp-json\/wp\/v2\/product_cat?post=82649"},{"taxonomy":"product_tag","embeddable":true,"href":"https:\/\/fysiolab.dk\/no\/wp-json\/wp\/v2\/product_tag?post=82649"}],"curies":[{"name":"wp","href":"https:\/\/api.w.org\/{rel}","templated":true}]}}