{"id":82653,"date":"2024-01-27T19:03:42","date_gmt":"2024-01-27T18:03:42","guid":{"rendered":"https:\/\/fysiolab.dk\/product\/blazepod-podbase-sett-med-2-stk\/"},"modified":"2025-12-18T09:21:16","modified_gmt":"2025-12-18T08:21:16","slug":"blazepod-podbase-sett-med-2-stk","status":"publish","type":"product","link":"https:\/\/fysiolab.dk\/no\/product\/blazepod-podbase-sett-med-2-stk\/","title":{"rendered":"BlazePod Podbase, sett med 2 stk."},"content":{"rendered":"<p><strong>BlazePod PodBase<\/strong> hjelper deg med \u00e5 holde BlazePods p\u00e5 plass og gj\u00f8r at du kan trene hvor og n\u00e5r du vil, p\u00e5 alle underlag og i all slags v\u00e6r. Med PodBase f\u00e5r du bedre trykkomr\u00e5de og sikt. <\/p>\n<ul>\n<li>Leveres i en pakke med 2 stk.<\/li>\n<\/ul>\n","protected":false},"excerpt":{"rendered":"<p>Tilbeh\u00f8r til BlazePod trainer<\/p>\n","protected":false},"featured_media":82655,"comment_status":"closed","ping_status":"closed","template":"","meta":{"_acf_changed":false},"product_brand":[],"product_cat":[2221,2487,2486,2020,1937,1945],"product_tag":[2488],"class_list":{"0":"post-82653","1":"product","2":"type-product","3":"status-publish","4":"has-post-thumbnail","6":"product_cat-annet-treningsutstyr","7":"product_cat-blaa-pod","8":"product_cat-blazepod-no","9":"product_cat-julegaveideer-no","10":"product_cat-merkevarer","11":"product_cat-treningsutstyr","12":"product_tag-blazepod-no","14":"first","15":"instock","16":"sale","17":"taxable","18":"shipping-taxable","19":"purchasable","20":"product-type-simple"},"acf":[],"_links":{"self":[{"href":"https:\/\/fysiolab.dk\/no\/wp-json\/wp\/v2\/product\/82653","targetHints":{"allow":["GET"]}}],"collection":[{"href":"https:\/\/fysiolab.dk\/no\/wp-json\/wp\/v2\/product"}],"about":[{"href":"https:\/\/fysiolab.dk\/no\/wp-json\/wp\/v2\/types\/product"}],"replies":[{"embeddable":true,"href":"https:\/\/fysiolab.dk\/no\/wp-json\/wp\/v2\/comments?post=82653"}],"wp:featuredmedia":[{"embeddable":true,"href":"https:\/\/fysiolab.dk\/no\/wp-json\/wp\/v2\/media\/82655"}],"wp:attachment":[{"href":"https:\/\/fysiolab.dk\/no\/wp-json\/wp\/v2\/media?parent=82653"}],"wp:term":[{"taxonomy":"product_brand","embeddable":true,"href":"https:\/\/fysiolab.dk\/no\/wp-json\/wp\/v2\/product_brand?post=82653"},{"taxonomy":"product_cat","embeddable":true,"href":"https:\/\/fysiolab.dk\/no\/wp-json\/wp\/v2\/product_cat?post=82653"},{"taxonomy":"product_tag","embeddable":true,"href":"https:\/\/fysiolab.dk\/no\/wp-json\/wp\/v2\/product_tag?post=82653"}],"curies":[{"name":"wp","href":"https:\/\/api.w.org\/{rel}","templated":true}]}}