{"id":82659,"date":"2024-01-21T19:21:53","date_gmt":"2024-01-21T18:21:53","guid":{"rendered":"https:\/\/fysiolab.dk\/product\/donjoy-full-extension-stop\/"},"modified":"2025-12-18T09:21:17","modified_gmt":"2025-12-18T08:21:17","slug":"donjoy-full-extension-stop","status":"publish","type":"product","link":"https:\/\/fysiolab.dk\/no\/product\/donjoy-full-extension-stop\/","title":{"rendered":"DonJoy Full Extension Stop"},"content":{"rendered":"<p>DonJoy Full Extension stop og Flexion\/extension stop anbefales for skader der du trenger \u00e5 immobilisere og sikre at du ikke b\u00f8yer eller strekker kneet p\u00e5 en uhensiktsmessig m\u00e5te. Kan brukes til stive skinner som f.eks: Defiance, Armor, Fullforce, 4titude og Renegade <\/p>\n<p><strong>Kontakt v\u00e5re fysioterapeuter p\u00e5 tlf: 92724444 hvis du har sp\u00f8rsm\u00e5l<\/strong><\/p>\n","protected":false},"excerpt":{"rendered":"<p><strong>DonJoy Full Extension stop og Flexion\/extension stop anbefales for skader der du trenger \u00e5 immobilisere og sikre at du ikke b\u00f8yer eller strekker kneet p\u00e5 en uhensiktsmessig m\u00e5te.<\/strong><\/p>\n<p><strong>Kontakt v\u00e5re fysioterapeuter p\u00e5 92724444 hvis du har sp\u00f8rsm\u00e5l<\/strong><\/p>\n","protected":false},"featured_media":82664,"comment_status":"closed","ping_status":"closed","template":"","meta":{"_acf_changed":false},"product_brand":[],"product_cat":[2148,1933,2165],"product_tag":[2173],"class_list":{"0":"post-82659","1":"product","2":"type-product","3":"status-publish","4":"has-post-thumbnail","6":"product_cat-knestoetter-no","7":"product_cat-skinner-og-stoetteskinner","8":"product_cat-tilbehoer-ekstrautstyr-til-kneskinner","9":"product_tag-donjoy-no","11":"first","12":"instock","13":"taxable","14":"shipping-taxable","15":"purchasable","16":"product-type-variable"},"acf":[],"_links":{"self":[{"href":"https:\/\/fysiolab.dk\/no\/wp-json\/wp\/v2\/product\/82659","targetHints":{"allow":["GET"]}}],"collection":[{"href":"https:\/\/fysiolab.dk\/no\/wp-json\/wp\/v2\/product"}],"about":[{"href":"https:\/\/fysiolab.dk\/no\/wp-json\/wp\/v2\/types\/product"}],"replies":[{"embeddable":true,"href":"https:\/\/fysiolab.dk\/no\/wp-json\/wp\/v2\/comments?post=82659"}],"wp:featuredmedia":[{"embeddable":true,"href":"https:\/\/fysiolab.dk\/no\/wp-json\/wp\/v2\/media\/82664"}],"wp:attachment":[{"href":"https:\/\/fysiolab.dk\/no\/wp-json\/wp\/v2\/media?parent=82659"}],"wp:term":[{"taxonomy":"product_brand","embeddable":true,"href":"https:\/\/fysiolab.dk\/no\/wp-json\/wp\/v2\/product_brand?post=82659"},{"taxonomy":"product_cat","embeddable":true,"href":"https:\/\/fysiolab.dk\/no\/wp-json\/wp\/v2\/product_cat?post=82659"},{"taxonomy":"product_tag","embeddable":true,"href":"https:\/\/fysiolab.dk\/no\/wp-json\/wp\/v2\/product_tag?post=82659"}],"curies":[{"name":"wp","href":"https:\/\/api.w.org\/{rel}","templated":true}]}}