{"id":82660,"date":"2024-01-07T22:18:14","date_gmt":"2024-01-07T21:18:14","guid":{"rendered":"https:\/\/fysiolab.dk\/product\/donjoy-strap-pads-siligrip\/"},"modified":"2025-12-18T09:21:18","modified_gmt":"2025-12-18T08:21:18","slug":"donjoy-strap-pads-siligrip","status":"publish","type":"product","link":"https:\/\/fysiolab.dk\/no\/product\/donjoy-strap-pads-siligrip\/","title":{"rendered":"DonJoy Strap Pads (Siligrip)"},"content":{"rendered":"<p>DonJoy Strap Pads (Siligrip) er en lang stropp med silikonf\u00f4r for bedre grep for DonJoy Armor-, Fullforce- og Defiance-skinnen. Stroppen klippes til i \u00f8nsket st\u00f8rrelse <\/p>\n","protected":false},"excerpt":{"rendered":"<p><strong>DonJoy Strap Pads (Siligrip) er en lang stropp med silikonf\u00f4r for bedre grep for DonJoy Armor-, Fullforce- og Defiance-skinnen. Stroppen klippes til i \u00f8nsket st\u00f8rrelse <\/strong><\/p>\n","protected":false},"featured_media":82663,"comment_status":"closed","ping_status":"closed","template":"","meta":{"_acf_changed":false},"product_brand":[],"product_cat":[1938,2145,2148,1937,1933,2165],"product_tag":[2173],"class_list":{"0":"post-82660","1":"product","2":"type-product","3":"status-publish","4":"has-post-thumbnail","6":"product_cat-donjoy-no","7":"product_cat-donjoy-kneskinne","8":"product_cat-knestoetter-no","9":"product_cat-merkevarer","10":"product_cat-skinner-og-stoetteskinner","11":"product_cat-tilbehoer-ekstrautstyr-til-kneskinner","12":"product_tag-donjoy-no","14":"first","15":"instock","16":"taxable","17":"shipping-taxable","18":"purchasable","19":"product-type-simple"},"acf":[],"_links":{"self":[{"href":"https:\/\/fysiolab.dk\/no\/wp-json\/wp\/v2\/product\/82660","targetHints":{"allow":["GET"]}}],"collection":[{"href":"https:\/\/fysiolab.dk\/no\/wp-json\/wp\/v2\/product"}],"about":[{"href":"https:\/\/fysiolab.dk\/no\/wp-json\/wp\/v2\/types\/product"}],"replies":[{"embeddable":true,"href":"https:\/\/fysiolab.dk\/no\/wp-json\/wp\/v2\/comments?post=82660"}],"wp:featuredmedia":[{"embeddable":true,"href":"https:\/\/fysiolab.dk\/no\/wp-json\/wp\/v2\/media\/82663"}],"wp:attachment":[{"href":"https:\/\/fysiolab.dk\/no\/wp-json\/wp\/v2\/media?parent=82660"}],"wp:term":[{"taxonomy":"product_brand","embeddable":true,"href":"https:\/\/fysiolab.dk\/no\/wp-json\/wp\/v2\/product_brand?post=82660"},{"taxonomy":"product_cat","embeddable":true,"href":"https:\/\/fysiolab.dk\/no\/wp-json\/wp\/v2\/product_cat?post=82660"},{"taxonomy":"product_tag","embeddable":true,"href":"https:\/\/fysiolab.dk\/no\/wp-json\/wp\/v2\/product_tag?post=82660"}],"curies":[{"name":"wp","href":"https:\/\/api.w.org\/{rel}","templated":true}]}}