{"id":82676,"date":"2024-01-16T20:26:06","date_gmt":"2024-01-16T19:26:06","guid":{"rendered":"https:\/\/fysiolab.dk\/product\/bauerfeind-secutec-genu-flex-knebrace\/"},"modified":"2025-12-18T09:21:17","modified_gmt":"2025-12-18T08:21:17","slug":"bauerfeind-secutec-genu-flex-knebrace","status":"publish","type":"product","link":"https:\/\/fysiolab.dk\/no\/product\/bauerfeind-secutec-genu-flex-knebrace\/","title":{"rendered":"Bauerfeind SecuTec Genu FLEX 4-punkts kneskinne"},"content":{"rendered":"<p>SecuTec Genu Flex er Bauerfeinds helt nye og revolusjonerende kneskinne med 4-punkts prinsipp. Knest\u00f8tten kjennetegnes ved at den er tilpasningsdyktig gjennom hele rehabiliteringsprosessen etter hvert som du gjenvinner mer muskelmasse og fylde i l\u00e5r og legg.  Skinnen er utviklet med en ny Perfect-fit-ramme med sm\u00e5 anatomisk tilpassbare ledd som gir mulighet for optimal og sv\u00e6rt individuell tilpasning. De sm\u00e5 leddene kan fjernes eller legges til i henhold til behovene i programmet ditt, enten du \u00f8ker volumet i form av muskelmasse eller mister fettvev i et vektreduksjonsprogram. Skinnen er utformet i et flatt og minimalistisk design med sterke materialer for optimal beskyttelse og komfort. Skinnen kan ogs\u00e5 tilpasses i lengden ved hjelp av teleskopstenger.   <\/p>\n<p><strong>Skinnen anbefales ved f\u00f8lgende skader og indikasjoner:<\/strong><\/p>\n<ul>\n<li>Full eller delvis avrivning av fremre eller bakre korsb\u00e5nd<\/li>\n<li>Postoperativt etter ligamentkirurgi eller skader p\u00e5 indre og ytre ligamenter<\/li>\n<li>Instabilitet i kneet<\/li>\n<li>Hvis du \u00f8nsker \u00e5 begrense fleksjon eller ekstensjon over kneet<\/li>\n<li>Etter brudd og komplekse kneskader<\/li>\n<\/ul>\n<p><strong>St\u00f8rrelsesguide  <\/strong><\/p>\n<p><strong>Se video med m\u00e5leguide og st\u00f8rrelsesguide lenger ned i teksten  <\/strong><\/p>\n<p><a href=\"https:\/\/dev.fysiolab.dk\/wp-content\/uploads\/2025\/05\/csm_measurement-secutec-genu-flex-cm_292391e50b.jpg\"><img fetchpriority=\"high\" decoding=\"async\" class=\"alignnone size-medium wp-image-202395310\" src=\"https:\/\/dev.fysiolab.dk\/wp-content\/uploads\/2025\/05\/csm_measurement-secutec-genu-flex-cm_292391e50b-300x230.jpg\" alt=\"\" width=\"300\" height=\"230\" title=\"\"><\/a><\/p>\n<p><strong>Omkrets l\u00e5r Omkrets  Legg Str<\/strong><\/p>\n<p><strong>37-45 cm 28-36 cm 1<\/strong><\/p>\n<p><strong>45-53 cm 32-40 cm 2<\/strong><\/p>\n<p><strong>53-61 cm 36-44 cm 3<\/strong><\/p>\n<p><strong>61-69 cm 40-48 cm 4<\/strong><\/p>\n<p><strong>69-81 cm 44-52 cm 5<\/strong><\/p>\n<p><iframe title=\"Opm\u00e5lingsvejledning til Bauerfeind kn\u00e6\" width=\"800\" height=\"450\" src=\"https:\/\/www.youtube.com\/embed\/BCxDG81lf3o?feature=oembed\" frameborder=\"0\" allow=\"accelerometer; autoplay; clipboard-write; encrypted-media; gyroscope; picture-in-picture; web-share\" referrerpolicy=\"strict-origin-when-cross-origin\" allowfullscreen><\/iframe><\/p>\n<p><iframe title=\"New SecuTec Genu Flex\" width=\"800\" height=\"450\" src=\"https:\/\/www.youtube.com\/embed\/n8Et6LCZzyc?feature=oembed\" frameborder=\"0\" allow=\"accelerometer; autoplay; clipboard-write; encrypted-media; gyroscope; picture-in-picture; web-share\" referrerpolicy=\"strict-origin-when-cross-origin\" allowfullscreen><\/iframe><\/p>\n<p>&nbsp;<\/p>\n","protected":false},"excerpt":{"rendered":"<p><strong>SecuTec Genu Flex er Bauerfeinds helt nye og revolusjonerende kneskinne med 4-punkts prinsipp. Knest\u00f8tten kjennetegnes ved at den er tilpasningsdyktig gjennom hele rehabiliteringsprosessen etter hvert som du gjenvinner mer muskelmasse og fylde i l\u00e5r og legg. <\/strong><\/p>\n","protected":false},"featured_media":82690,"comment_status":"closed","ping_status":"closed","template":"","meta":{"_acf_changed":false},"product_brand":[],"product_cat":[2149,2689,2354,2150,2159,2148,1937,2160,2158,1933],"product_tag":[2356],"class_list":{"0":"post-82676","1":"product","2":"type-product","3":"status-publish","4":"has-post-thumbnail","6":"product_cat-alvorlig-ustabilitet-svaert-ustabil-no","7":"product_cat-bauerfeind-kneskinne","8":"product_cat-bondetamp","9":"product_cat-fraktur-og-etter-kneoperasjon-postoperativ-no","10":"product_cat-fremre-korsbaandskade-acl","11":"product_cat-knestoetter-no","12":"product_cat-merkevarer","13":"product_cat-skade-paa-bakre-korsbaand-pcl","14":"product_cat-skade-paa-det-laterale-kollaterale-ligamentet-lcl","15":"product_cat-skinner-og-stoetteskinner","16":"product_tag-bondetamp","18":"first","19":"instock","20":"taxable","21":"shipping-taxable","22":"purchasable","23":"product-type-variable"},"acf":[],"_links":{"self":[{"href":"https:\/\/fysiolab.dk\/no\/wp-json\/wp\/v2\/product\/82676","targetHints":{"allow":["GET"]}}],"collection":[{"href":"https:\/\/fysiolab.dk\/no\/wp-json\/wp\/v2\/product"}],"about":[{"href":"https:\/\/fysiolab.dk\/no\/wp-json\/wp\/v2\/types\/product"}],"replies":[{"embeddable":true,"href":"https:\/\/fysiolab.dk\/no\/wp-json\/wp\/v2\/comments?post=82676"}],"wp:featuredmedia":[{"embeddable":true,"href":"https:\/\/fysiolab.dk\/no\/wp-json\/wp\/v2\/media\/82690"}],"wp:attachment":[{"href":"https:\/\/fysiolab.dk\/no\/wp-json\/wp\/v2\/media?parent=82676"}],"wp:term":[{"taxonomy":"product_brand","embeddable":true,"href":"https:\/\/fysiolab.dk\/no\/wp-json\/wp\/v2\/product_brand?post=82676"},{"taxonomy":"product_cat","embeddable":true,"href":"https:\/\/fysiolab.dk\/no\/wp-json\/wp\/v2\/product_cat?post=82676"},{"taxonomy":"product_tag","embeddable":true,"href":"https:\/\/fysiolab.dk\/no\/wp-json\/wp\/v2\/product_tag?post=82676"}],"curies":[{"name":"wp","href":"https:\/\/api.w.org\/{rel}","templated":true}]}}