{"id":82708,"date":"2024-01-07T21:38:56","date_gmt":"2024-01-07T20:38:56","guid":{"rendered":"https:\/\/fysiolab.dk\/product\/donjoy-suspension-strap-kit\/"},"modified":"2025-12-18T09:21:18","modified_gmt":"2025-12-18T08:21:18","slug":"donjoy-suspension-strap-kit","status":"publish","type":"product","link":"https:\/\/fysiolab.dk\/no\/product\/donjoy-suspension-strap-kit\/","title":{"rendered":"DonJoy Suspension Strap Kit"},"content":{"rendered":"<p>DonJoy Suspension Strap Kit best\u00e5r av to stropper som festes til l\u00e5r og legg under skinnen for \u00e5 hindre at den glir ned. Anbefales for vannsport. <\/p>\n<p><strong>Tilgjengelig i 3 st\u00f8rrelser (passer til st\u00f8rrelsen p\u00e5 skinnen din)<\/strong><\/p>\n<p><strong>XS<\/strong><\/p>\n<p><strong>S\/M<\/strong><\/p>\n<p><strong>L til XXXL<\/strong><\/p>\n","protected":false},"excerpt":{"rendered":"<p><strong>DonJoy Suspension Strap Kit best\u00e5r av to stropper som festes til l\u00e5r og legg under skinnen for \u00e5 hindre at den glir ned. Anbefales for vannsport <\/strong><\/p>\n","protected":false},"featured_media":82719,"comment_status":"closed","ping_status":"closed","template":"","meta":{"_acf_changed":false},"product_brand":[],"product_cat":[1938,2145,2148,1937,1933,2165],"product_tag":[2173],"class_list":{"0":"post-82708","1":"product","2":"type-product","3":"status-publish","4":"has-post-thumbnail","6":"product_cat-donjoy-no","7":"product_cat-donjoy-kneskinne","8":"product_cat-knestoetter-no","9":"product_cat-merkevarer","10":"product_cat-skinner-og-stoetteskinner","11":"product_cat-tilbehoer-ekstrautstyr-til-kneskinner","12":"product_tag-donjoy-no","14":"first","15":"instock","16":"taxable","17":"shipping-taxable","18":"purchasable","19":"product-type-variable"},"acf":[],"_links":{"self":[{"href":"https:\/\/fysiolab.dk\/no\/wp-json\/wp\/v2\/product\/82708","targetHints":{"allow":["GET"]}}],"collection":[{"href":"https:\/\/fysiolab.dk\/no\/wp-json\/wp\/v2\/product"}],"about":[{"href":"https:\/\/fysiolab.dk\/no\/wp-json\/wp\/v2\/types\/product"}],"replies":[{"embeddable":true,"href":"https:\/\/fysiolab.dk\/no\/wp-json\/wp\/v2\/comments?post=82708"}],"wp:featuredmedia":[{"embeddable":true,"href":"https:\/\/fysiolab.dk\/no\/wp-json\/wp\/v2\/media\/82719"}],"wp:attachment":[{"href":"https:\/\/fysiolab.dk\/no\/wp-json\/wp\/v2\/media?parent=82708"}],"wp:term":[{"taxonomy":"product_brand","embeddable":true,"href":"https:\/\/fysiolab.dk\/no\/wp-json\/wp\/v2\/product_brand?post=82708"},{"taxonomy":"product_cat","embeddable":true,"href":"https:\/\/fysiolab.dk\/no\/wp-json\/wp\/v2\/product_cat?post=82708"},{"taxonomy":"product_tag","embeddable":true,"href":"https:\/\/fysiolab.dk\/no\/wp-json\/wp\/v2\/product_tag?post=82708"}],"curies":[{"name":"wp","href":"https:\/\/api.w.org\/{rel}","templated":true}]}}