{"id":82727,"date":"2024-01-06T19:20:38","date_gmt":"2024-01-06T18:20:38","guid":{"rendered":"https:\/\/fysiolab.dk\/product\/sissel-funmassager\/"},"modified":"2025-12-18T09:21:19","modified_gmt":"2025-12-18T08:21:19","slug":"sissel-funmassager","status":"publish","type":"product","link":"https:\/\/fysiolab.dk\/no\/product\/sissel-funmassager\/","title":{"rendered":"Sissel Funmassager"},"content":{"rendered":"<p>Sissel Funmassager er et lite og hendig massasjeapparat som du kan bruke b\u00e5de til deg selv og til \u00e5 massere andre. Funmassager har en god ergonomisk form som gj\u00f8r det enkelt \u00e5 holde i og p\u00e5f\u00f8re trykk, akupressur og dypmassasje p\u00e5 muskler og sener. Funmassager \u00f8ker blodsirkulasjonen og gir velv\u00e6re til \u00f8mme og slitne muskler. Avlaster fingre og hender n\u00e5r du gir massasje.   <\/p>\n<p><strong>Tilgjengelig i fargene: Bl\u00e5, gr\u00f8nn, krystall og lilla<\/strong><\/p>\n","protected":false},"excerpt":{"rendered":"<p><strong>Sissel Funmassager er et lite og hendig massasjeapparat som du kan bruke b\u00e5de til deg selv og n\u00e5r du masserer andre.<\/strong> Finnes <strong>i fargene: Bl\u00e5, gr\u00f8nn, krystall og lilla<\/strong><\/p>\n<p> https:\/\/www.youtube.com\/watch?v=5x6Krn6ch2c&amp;t=9s<\/p>\n","protected":false},"featured_media":82733,"comment_status":"closed","ping_status":"closed","template":"","meta":{"_acf_changed":false},"product_brand":[],"product_cat":[1948,2025,2027,1937,1941,2518,2558],"product_tag":[2521],"class_list":{"0":"post-82727","1":"product","2":"type-product","3":"status-publish","4":"has-post-thumbnail","6":"product_cat-klinikk","7":"product_cat-massasje","8":"product_cat-massasjeutstyr","9":"product_cat-merkevarer","10":"product_cat-rekonvalesens-og-sportspleie","11":"product_cat-sissel-no","12":"product_cat-sissel-massasje","13":"product_tag-sissel-no","15":"first","16":"instock","17":"taxable","18":"shipping-taxable","19":"purchasable","20":"product-type-variable"},"acf":[],"_links":{"self":[{"href":"https:\/\/fysiolab.dk\/no\/wp-json\/wp\/v2\/product\/82727","targetHints":{"allow":["GET"]}}],"collection":[{"href":"https:\/\/fysiolab.dk\/no\/wp-json\/wp\/v2\/product"}],"about":[{"href":"https:\/\/fysiolab.dk\/no\/wp-json\/wp\/v2\/types\/product"}],"replies":[{"embeddable":true,"href":"https:\/\/fysiolab.dk\/no\/wp-json\/wp\/v2\/comments?post=82727"}],"wp:featuredmedia":[{"embeddable":true,"href":"https:\/\/fysiolab.dk\/no\/wp-json\/wp\/v2\/media\/82733"}],"wp:attachment":[{"href":"https:\/\/fysiolab.dk\/no\/wp-json\/wp\/v2\/media?parent=82727"}],"wp:term":[{"taxonomy":"product_brand","embeddable":true,"href":"https:\/\/fysiolab.dk\/no\/wp-json\/wp\/v2\/product_brand?post=82727"},{"taxonomy":"product_cat","embeddable":true,"href":"https:\/\/fysiolab.dk\/no\/wp-json\/wp\/v2\/product_cat?post=82727"},{"taxonomy":"product_tag","embeddable":true,"href":"https:\/\/fysiolab.dk\/no\/wp-json\/wp\/v2\/product_tag?post=82727"}],"curies":[{"name":"wp","href":"https:\/\/api.w.org\/{rel}","templated":true}]}}