{"id":82762,"date":"2024-01-05T21:11:47","date_gmt":"2024-01-05T20:11:47","guid":{"rendered":"https:\/\/fysiolab.dk\/product\/sissel-sport-swing\/"},"modified":"2026-02-18T21:48:58","modified_gmt":"2026-02-18T20:48:58","slug":"sissel-sport-swing","status":"publish","type":"product","link":"https:\/\/fysiolab.dk\/no\/product\/sissel-sport-swing\/","title":{"rendered":"Sissel Sport Swing"},"content":{"rendered":"<p>Sissel Sport Swing er et unikt treningsredskap som trener stabilitet og dynamikk rundt alle ledd. Det finnes ingen bedre m\u00e5te \u00e5 trene den dype kjernemuskulaturen p\u00e5 enn med dette redskapet. Treningsredskapet fungerer ved at det skaper vibrasjoner og dermed motstand i muskulaturen og kondisjonen din. Det trener propriosepsjonen i leddet, noe som bidrar til \u00e5 styrke stabiliteten og dynamikken slik at leddene og musklene ikke blir utslitt av hardt arbeid.   <\/p>\n<p><strong>Sv\u00e6rt slitesterke, sklisikre silikonh\u00e5ndtak og endekapper. Treningsverkt\u00f8yet er ca. 1,5 meter langt <\/strong><\/p>\n<p><strong>Inkluderer plakat med \u00f8velser til inspirasjon<\/strong><\/p>\n","protected":false},"excerpt":{"rendered":"<p><strong>Sissel Sport Swing er et unikt treningsredskap som trener stabilitet og dynamikk rundt alle ledd. Det finnes ingen bedre m\u00e5te \u00e5 trene den dype kjernemuskulaturen p\u00e5 enn med dette redskapet. Treningsredskapet fungerer ved \u00e5 skape vibrasjoner og dermed motstand for muskulaturen og kondisjonen din.  <\/strong><\/p>\n<p>https:\/\/www.youtube.com\/watch?v=JDdDzcJhxS4<\/p>\n","protected":false},"featured_media":82794,"comment_status":"closed","ping_status":"closed","template":"","meta":{"_acf_changed":false},"product_brand":[3126],"product_cat":[2221,1937,2518,2563,1945],"product_tag":[2521],"class_list":{"0":"post-82762","1":"product","2":"type-product","3":"status-publish","4":"has-post-thumbnail","6":"product_brand-sissel","7":"product_cat-annet-treningsutstyr","8":"product_cat-merkevarer","9":"product_cat-sissel-no","10":"product_cat-sissel-pilates-no","11":"product_cat-treningsutstyr","12":"product_tag-sissel-no","14":"first","15":"instock","16":"taxable","17":"shipping-taxable","18":"purchasable","19":"product-type-simple"},"acf":[],"_links":{"self":[{"href":"https:\/\/fysiolab.dk\/no\/wp-json\/wp\/v2\/product\/82762","targetHints":{"allow":["GET"]}}],"collection":[{"href":"https:\/\/fysiolab.dk\/no\/wp-json\/wp\/v2\/product"}],"about":[{"href":"https:\/\/fysiolab.dk\/no\/wp-json\/wp\/v2\/types\/product"}],"replies":[{"embeddable":true,"href":"https:\/\/fysiolab.dk\/no\/wp-json\/wp\/v2\/comments?post=82762"}],"wp:featuredmedia":[{"embeddable":true,"href":"https:\/\/fysiolab.dk\/no\/wp-json\/wp\/v2\/media\/82794"}],"wp:attachment":[{"href":"https:\/\/fysiolab.dk\/no\/wp-json\/wp\/v2\/media?parent=82762"}],"wp:term":[{"taxonomy":"product_brand","embeddable":true,"href":"https:\/\/fysiolab.dk\/no\/wp-json\/wp\/v2\/product_brand?post=82762"},{"taxonomy":"product_cat","embeddable":true,"href":"https:\/\/fysiolab.dk\/no\/wp-json\/wp\/v2\/product_cat?post=82762"},{"taxonomy":"product_tag","embeddable":true,"href":"https:\/\/fysiolab.dk\/no\/wp-json\/wp\/v2\/product_tag?post=82762"}],"curies":[{"name":"wp","href":"https:\/\/api.w.org\/{rel}","templated":true}]}}