{"id":82797,"date":"2024-01-05T20:50:58","date_gmt":"2024-01-05T19:50:58","guid":{"rendered":"https:\/\/fysiolab.dk\/product\/sissel-pilates-circle-classic\/"},"modified":"2025-12-18T09:21:20","modified_gmt":"2025-12-18T08:21:20","slug":"sissel-pilates-circle-classic","status":"publish","type":"product","link":"https:\/\/fysiolab.dk\/no\/product\/sissel-pilates-circle-classic\/","title":{"rendered":"Sissel Pilates Circle Classic"},"content":{"rendered":"<p>Sissel Pilates Circle Classic er et perfekt redskap for pilatestreningen n\u00e5r du \u00f8nsker \u00e5 trene mage, armer, ben og bekkenmuskulatur. Ringen er av topp kvalitet og er laget av 3-lags herdet st\u00e5l med treh\u00e5ndtak med antiskli-belegg for \u00e5 gj\u00f8re treningen s\u00e5 trygg som mulig. Tilgjengelig i 2 st\u00f8rrelser \u00f830 cm og \u00f835 cm  <\/p>\n","protected":false},"excerpt":{"rendered":"<p><strong>Sissel Pilates Circle Classic er et perfekt redskap for pilatestreningen n\u00e5r du \u00f8nsker \u00e5 trene mage, armer, ben og bekkenmuskulatur. Ringen er av topp kvalitet og er laget av 3-lags herdet st\u00e5l med treh\u00e5ndtak med antiskli-belegg for \u00e5 gj\u00f8re treningen s\u00e5 trygg som mulig. Tilgjengelig i 2 st\u00f8rrelser \u00f830 cm og \u00f835 cm  <\/strong><\/p>\n","protected":false},"featured_media":82812,"comment_status":"closed","ping_status":"closed","template":"","meta":{"_acf_changed":false},"product_brand":[],"product_cat":[1948,1937,2535,2534,2518,2563,1945],"product_tag":[2521],"class_list":{"0":"post-82797","1":"product","2":"type-product","3":"status-publish","4":"has-post-thumbnail","6":"product_cat-klinikk","7":"product_cat-merkevarer","8":"product_cat-pilates-no","9":"product_cat-pilates-og-yoga-no","10":"product_cat-sissel-no","11":"product_cat-sissel-pilates-no","12":"product_cat-treningsutstyr","13":"product_tag-sissel-no","15":"first","16":"instock","17":"taxable","18":"shipping-taxable","19":"purchasable","20":"product-type-variable"},"acf":[],"_links":{"self":[{"href":"https:\/\/fysiolab.dk\/no\/wp-json\/wp\/v2\/product\/82797","targetHints":{"allow":["GET"]}}],"collection":[{"href":"https:\/\/fysiolab.dk\/no\/wp-json\/wp\/v2\/product"}],"about":[{"href":"https:\/\/fysiolab.dk\/no\/wp-json\/wp\/v2\/types\/product"}],"replies":[{"embeddable":true,"href":"https:\/\/fysiolab.dk\/no\/wp-json\/wp\/v2\/comments?post=82797"}],"wp:featuredmedia":[{"embeddable":true,"href":"https:\/\/fysiolab.dk\/no\/wp-json\/wp\/v2\/media\/82812"}],"wp:attachment":[{"href":"https:\/\/fysiolab.dk\/no\/wp-json\/wp\/v2\/media?parent=82797"}],"wp:term":[{"taxonomy":"product_brand","embeddable":true,"href":"https:\/\/fysiolab.dk\/no\/wp-json\/wp\/v2\/product_brand?post=82797"},{"taxonomy":"product_cat","embeddable":true,"href":"https:\/\/fysiolab.dk\/no\/wp-json\/wp\/v2\/product_cat?post=82797"},{"taxonomy":"product_tag","embeddable":true,"href":"https:\/\/fysiolab.dk\/no\/wp-json\/wp\/v2\/product_tag?post=82797"}],"curies":[{"name":"wp","href":"https:\/\/api.w.org\/{rel}","templated":true}]}}