{"id":82815,"date":"2024-01-05T20:28:38","date_gmt":"2024-01-05T19:28:38","guid":{"rendered":"https:\/\/fysiolab.dk\/product\/sissel-yogamatte-blomst\/"},"modified":"2025-12-18T09:21:20","modified_gmt":"2025-12-18T08:21:20","slug":"sissel-yogamatte-blomst","status":"publish","type":"product","link":"https:\/\/fysiolab.dk\/no\/product\/sissel-yogamatte-blomst\/","title":{"rendered":"Sissel Yogamatte Blomst"},"content":{"rendered":"<p>Sissel Yogamatte blomst m\u00e5ler 180 x 60 x 0,4 cm og er av h\u00f8y kvalitet og perfekt for deg som trener yoga og trenger \u00e5 ta med deg din egen matte p\u00e5 farten. Bruk den b\u00e5de innend\u00f8rs og utend\u00f8rs. Matten er laget av godt materiale og inneholder ingen giftige stoffer. Matten er enkel \u00e5 rengj\u00f8re og har antiskli for \u00e5 sikre treningen din og gj\u00f8re det enkelt for deg \u00e5 gj\u00f8re \u00f8velsene dine og utfordre deg selv.   <\/p>\n<p><strong>Farge: Oransje og gr\u00f8nn<\/strong><\/p>\n","protected":false},"excerpt":{"rendered":"<p><strong>Sissel Yogamatte blomst m\u00e5ler 180 x 60 x 0,4 cm og er av h\u00f8y kvalitet og perfekt for deg som trener yoga og trenger \u00e5 ta med deg din egen matte p\u00e5 farten. Bruk den b\u00e5de innend\u00f8rs og utend\u00f8rs. La deg inspirere av de friske fargene og la yogapraksisen blomstre  <\/strong><\/p>\n","protected":false},"featured_media":82826,"comment_status":"closed","ping_status":"closed","template":"","meta":{"_acf_changed":false},"product_brand":[],"product_cat":[1948,1937,2535,2534,2518,2563,2565,2533,2228,2230,1945,2532],"product_tag":[2521],"class_list":{"0":"post-82815","1":"product","2":"type-product","3":"status-publish","4":"has-post-thumbnail","6":"product_cat-klinikk","7":"product_cat-merkevarer","8":"product_cat-pilates-no","9":"product_cat-pilates-og-yoga-no","10":"product_cat-sissel-no","11":"product_cat-sissel-pilates-no","12":"product_cat-sissel-treningsmatter","13":"product_cat-sissel-yoga-no","14":"product_cat-treningsmatter","15":"product_cat-treningsmatter-no","16":"product_cat-treningsutstyr","17":"product_cat-yoga-no","18":"product_tag-sissel-no","20":"first","21":"instock","22":"taxable","23":"shipping-taxable","24":"purchasable","25":"product-type-variable"},"acf":[],"_links":{"self":[{"href":"https:\/\/fysiolab.dk\/no\/wp-json\/wp\/v2\/product\/82815","targetHints":{"allow":["GET"]}}],"collection":[{"href":"https:\/\/fysiolab.dk\/no\/wp-json\/wp\/v2\/product"}],"about":[{"href":"https:\/\/fysiolab.dk\/no\/wp-json\/wp\/v2\/types\/product"}],"replies":[{"embeddable":true,"href":"https:\/\/fysiolab.dk\/no\/wp-json\/wp\/v2\/comments?post=82815"}],"wp:featuredmedia":[{"embeddable":true,"href":"https:\/\/fysiolab.dk\/no\/wp-json\/wp\/v2\/media\/82826"}],"wp:attachment":[{"href":"https:\/\/fysiolab.dk\/no\/wp-json\/wp\/v2\/media?parent=82815"}],"wp:term":[{"taxonomy":"product_brand","embeddable":true,"href":"https:\/\/fysiolab.dk\/no\/wp-json\/wp\/v2\/product_brand?post=82815"},{"taxonomy":"product_cat","embeddable":true,"href":"https:\/\/fysiolab.dk\/no\/wp-json\/wp\/v2\/product_cat?post=82815"},{"taxonomy":"product_tag","embeddable":true,"href":"https:\/\/fysiolab.dk\/no\/wp-json\/wp\/v2\/product_tag?post=82815"}],"curies":[{"name":"wp","href":"https:\/\/api.w.org\/{rel}","templated":true}]}}