{"id":82823,"date":"2024-01-06T19:42:54","date_gmt":"2024-01-06T18:42:54","guid":{"rendered":"https:\/\/fysiolab.dk\/product\/sissel-pilates-sokker\/"},"modified":"2026-02-18T22:50:07","modified_gmt":"2026-02-18T21:50:07","slug":"sissel-pilates-sokker","status":"publish","type":"product","link":"https:\/\/fysiolab.dk\/no\/product\/sissel-pilates-sokker\/","title":{"rendered":"Sissel Pilates-sokker"},"content":{"rendered":"<p>Sissel Pilates Socks er et par treningssokker med pads under s\u00e5len som gj\u00f8r at du kan st\u00e5 st\u00f8dig under treningen. De er ideelle til pilates, yoga, dans og andre aktiviteter der du vil ha f\u00f8lelsen av \u00e5 trene barbeint. Sokkene utmerker seg ved \u00e5 holde f\u00f8ttene og t\u00e6rne varme under treningen. Sokken er utformet slik at den har plass til hver enkelt t\u00e5, noe som gir \u00f8kt taktil stimulering og kontakt med underlaget.   <\/p>\n<p><strong>Farger: svart (bomullssokker), bl\u00e5 og fuchsia (myk viskose)<\/strong><\/p>\n<p><strong>St\u00f8rrelsesguide<\/strong><\/p>\n<p><strong>Sko st\u00f8rrelse Str<\/strong><\/p>\n<p><strong>35-40 S\/M<\/strong><\/p>\n<p><strong>40-45 L\/XL<\/strong><\/p>\n<p><strong>Spesifikasjoner Sissel Pilates-sokker:  <\/strong><\/p>\n<ul>\n<li>Egnet for pilates, yoga, dans og annen barfot-trening<\/li>\n<li>Ekstra varm og tykk s\u00e5le<\/li>\n<li>Gummiprikker forhindrer at du sklir og sikrer riktig oppl\u00e6ring<\/li>\n<li>Med separate t\u00e6r<\/li>\n<li>Luktfri og temperaturregulerende effekt<\/li>\n<li>Materiale: 85 % bomull, 13 % polyester og 2 % spandex (kun svart)<\/li>\n<li>Materiale: 70 % viskose, 25 % polyester og 5 % spandex (bl\u00e5 og fuchsia)<\/li>\n<li>Kan vaskes i maskin p\u00e5 30 grader<\/li>\n<\/ul>\n","protected":false},"excerpt":{"rendered":"<p><strong>Sissel Pilates Socks er et par treningssokker med pads under s\u00e5len som gj\u00f8r at du kan st\u00e5 st\u00f8dig under treningen. De er ideelle for pilates, yoga, dans og andre aktiviteter der du vil ha f\u00f8lelsen av \u00e5 trene barbeint. <\/strong><\/p>\n<p><strong>Farger: svart (bomullssokker), bl\u00e5 og fuchsia (myk viskose)<\/strong><\/p>\n","protected":false},"featured_media":82835,"comment_status":"closed","ping_status":"closed","template":"","meta":{"_acf_changed":false},"product_brand":[3126],"product_cat":[1966,1948,1937,2535,2534,2518,2563,2533,2244,1945,2532],"product_tag":[2521],"class_list":{"0":"post-82823","1":"product","2":"type-product","3":"status-publish","4":"has-post-thumbnail","6":"product_brand-sissel","7":"product_cat-klaer","8":"product_cat-klinikk","9":"product_cat-merkevarer","10":"product_cat-pilates-no","11":"product_cat-pilates-og-yoga-no","12":"product_cat-sissel-no","13":"product_cat-sissel-pilates-no","14":"product_cat-sissel-yoga-no","15":"product_cat-sokker","16":"product_cat-treningsutstyr","17":"product_cat-yoga-no","18":"product_tag-sissel-no","20":"first","21":"instock","22":"taxable","23":"shipping-taxable","24":"purchasable","25":"product-type-variable"},"acf":[],"_links":{"self":[{"href":"https:\/\/fysiolab.dk\/no\/wp-json\/wp\/v2\/product\/82823","targetHints":{"allow":["GET"]}}],"collection":[{"href":"https:\/\/fysiolab.dk\/no\/wp-json\/wp\/v2\/product"}],"about":[{"href":"https:\/\/fysiolab.dk\/no\/wp-json\/wp\/v2\/types\/product"}],"replies":[{"embeddable":true,"href":"https:\/\/fysiolab.dk\/no\/wp-json\/wp\/v2\/comments?post=82823"}],"wp:featuredmedia":[{"embeddable":true,"href":"https:\/\/fysiolab.dk\/no\/wp-json\/wp\/v2\/media\/82835"}],"wp:attachment":[{"href":"https:\/\/fysiolab.dk\/no\/wp-json\/wp\/v2\/media?parent=82823"}],"wp:term":[{"taxonomy":"product_brand","embeddable":true,"href":"https:\/\/fysiolab.dk\/no\/wp-json\/wp\/v2\/product_brand?post=82823"},{"taxonomy":"product_cat","embeddable":true,"href":"https:\/\/fysiolab.dk\/no\/wp-json\/wp\/v2\/product_cat?post=82823"},{"taxonomy":"product_tag","embeddable":true,"href":"https:\/\/fysiolab.dk\/no\/wp-json\/wp\/v2\/product_tag?post=82823"}],"curies":[{"name":"wp","href":"https:\/\/api.w.org\/{rel}","templated":true}]}}