{"id":82844,"date":"2023-12-26T13:26:12","date_gmt":"2023-12-26T12:26:12","guid":{"rendered":"https:\/\/fysiolab.dk\/product\/sklz-star-kick-volt\/"},"modified":"2025-12-18T09:21:21","modified_gmt":"2025-12-18T08:21:21","slug":"sklz-star-kick-volt","status":"publish","type":"product","link":"https:\/\/fysiolab.dk\/no\/product\/sklz-star-kick-volt\/","title":{"rendered":"SKLZ Star-Kick - Volt"},"content":{"rendered":"<h2>Star-Kick fra SKLZ i fargen Volt<\/h2>\n<p>Tren opp ferdighetene dine med SKLZ selvtrener. For alle fotballgutter og -jenter. Selvtreneren er perfekt for fotballtrening n\u00e5r du vil forbedre skyte-, pasnings- eller sjongleringsferdighetene dine. For m\u00e5lvakter er selvtreneren ideell for \u00e5 \u00f8ve p\u00e5 utvisninger og korte spark. SKLZ Star-Kick festes til fotballspilleren med et borrel\u00e5sbelte i midjen. Finnes i fargene regular, jagged tiger neon og jagged tiger pink.     <\/p>\n<h3>SKLZ Fotballtrening<\/h3>\n<p>Et effektivt treningsverkt\u00f8y som kan hjelpe fotballspillere med \u00e5 mestre ulike ferdigheter. SKLZ Star-Kick er et av de beste treningsredskapene p\u00e5 markedet for fotballtrening n\u00e5r fotballspilleren har behov for \u00e5 trene med mange repetisjoner og utvikle fotballspillerens tekniske ferdigheter. Perfekt for trening p\u00e5 h\u00f8yere niv\u00e5 hjemme. Det beste med SKLZ Star-Kick er at fotballspilleren ikke trenger \u00e5 bruke tid p\u00e5 \u00e5 hente ballen. En av de viktigste faktorene i en fotballspillers kontinuerlige prestasjoner og utvikling er muskelminnet - SKLZ Star-Kick gir fotballspilleren alle muligheter til \u00e5 utvikle det. Den er ideell for fotballtrening hjemme i hagen, der fotballspillere kan ha det g\u00f8y med treningen. I tillegg er den ogs\u00e5 perfekt til fotballtrening i klubben, der man \u00f8nsker \u00e5 trene teknikk og muskelminne.      <\/p>\n<ul>\n<li>Borrel\u00e5sbeltet kan strammes til for ulike typer ballspillere.<\/li>\n<li>Det er mulig \u00e5 bruke fotballer i st\u00f8rrelse 3, 4 og 5.<\/li>\n<li>Den elastiske snoren kan strekkes opp til 5,5 meter.<\/li>\n<li>Maksimer repetisjonene dine uten \u00e5 m\u00e5tte hente ballen.<\/li>\n<\/ul>\n<h3>Se videoene v\u00e5re for mer informasjon om Star-Kick fra SKLZ<\/h3>\n<p><iframe title=\"SKLZ Star Kick Introduction\" width=\"800\" height=\"450\" src=\"https:\/\/www.youtube.com\/embed\/X3b_tVBEivs?feature=oembed\" frameborder=\"0\" allow=\"accelerometer; autoplay; clipboard-write; encrypted-media; gyroscope; picture-in-picture; web-share\" referrerpolicy=\"strict-origin-when-cross-origin\" allowfullscreen><\/iframe><\/p>\n<p><iframe title=\"SKLZ Star-Kick: 90 Degree Turns &amp; Vision Soccer Drill\" width=\"800\" height=\"450\" src=\"https:\/\/www.youtube.com\/embed\/nBOa9E65kuY?feature=oembed\" frameborder=\"0\" allow=\"accelerometer; autoplay; clipboard-write; encrypted-media; gyroscope; picture-in-picture; web-share\" referrerpolicy=\"strict-origin-when-cross-origin\" allowfullscreen><\/iframe><\/p>\n","protected":false},"excerpt":{"rendered":"<p>Med SKLZ Star-Kick er du klar for egentrening for \u00e5 forbedre teknikken din<\/p>\n","protected":false},"featured_media":82848,"comment_status":"closed","ping_status":"closed","template":"","meta":{"_acf_changed":false},"product_brand":[],"product_cat":[2218,2020,1937,2207,2208,2224,2219,2223,1945],"product_tag":[2210],"class_list":{"0":"post-82844","1":"product","2":"type-product","3":"status-publish","4":"has-post-thumbnail","6":"product_cat-fotball-og-fotball","7":"product_cat-julegaveideer-no","8":"product_cat-merkevarer","9":"product_cat-sklz-no","10":"product_cat-sklz-no-2","11":"product_cat-sklz-treningsballer","12":"product_cat-sklz-treningsutstyr","13":"product_cat-treningsballer","14":"product_cat-treningsutstyr","15":"product_tag-sklz-no","17":"first","18":"instock","19":"taxable","20":"shipping-taxable","21":"purchasable","22":"product-type-simple"},"acf":[],"_links":{"self":[{"href":"https:\/\/fysiolab.dk\/no\/wp-json\/wp\/v2\/product\/82844","targetHints":{"allow":["GET"]}}],"collection":[{"href":"https:\/\/fysiolab.dk\/no\/wp-json\/wp\/v2\/product"}],"about":[{"href":"https:\/\/fysiolab.dk\/no\/wp-json\/wp\/v2\/types\/product"}],"replies":[{"embeddable":true,"href":"https:\/\/fysiolab.dk\/no\/wp-json\/wp\/v2\/comments?post=82844"}],"wp:featuredmedia":[{"embeddable":true,"href":"https:\/\/fysiolab.dk\/no\/wp-json\/wp\/v2\/media\/82848"}],"wp:attachment":[{"href":"https:\/\/fysiolab.dk\/no\/wp-json\/wp\/v2\/media?parent=82844"}],"wp:term":[{"taxonomy":"product_brand","embeddable":true,"href":"https:\/\/fysiolab.dk\/no\/wp-json\/wp\/v2\/product_brand?post=82844"},{"taxonomy":"product_cat","embeddable":true,"href":"https:\/\/fysiolab.dk\/no\/wp-json\/wp\/v2\/product_cat?post=82844"},{"taxonomy":"product_tag","embeddable":true,"href":"https:\/\/fysiolab.dk\/no\/wp-json\/wp\/v2\/product_tag?post=82844"}],"curies":[{"name":"wp","href":"https:\/\/api.w.org\/{rel}","templated":true}]}}