{"id":82845,"date":"2024-01-05T20:12:20","date_gmt":"2024-01-05T19:12:20","guid":{"rendered":"https:\/\/fysiolab.dk\/product\/elastiske-baand-til-sissel-fit-dome-pro\/"},"modified":"2025-12-18T09:21:20","modified_gmt":"2025-12-18T08:21:20","slug":"elastiske-baand-til-sissel-fit-dome-pro","status":"publish","type":"product","link":"https:\/\/fysiolab.dk\/no\/product\/elastiske-baand-til-sissel-fit-dome-pro\/","title":{"rendered":"Elastiske b\u00e5nd til Sissel Fit Dome Pro"},"content":{"rendered":"<p>Elastiske b\u00e5nd som kan brukes sammen med Sissel Fit Dame Pro-ballen for \u00e5 \u00f8ke mulighetene for treningen din. Bare fest de elastiske b\u00e5ndene til Fit Dome, s\u00e5 er du klar for et bredt spekter av \u00f8velser og vanskelighetsgrader. <\/p>\n<p>Farge: Svart<\/p>\n<p>Inkluderer 2 gummistrikk<\/p>\n","protected":false},"excerpt":{"rendered":"<p><strong>Elastiske b\u00e5nd som kan brukes sammen med Sissel Fit Dame Pro-ballen for \u00e5 \u00f8ke mulighetene for treningen din. Bare fest de elastiske b\u00e5ndene til Fit Dome, s\u00e5 er du klar for et bredt spekter av \u00f8velser og vanskelighetsgrader.   <\/strong><strong>Farge: Svart.  <\/strong><strong>Inkluderer 2 gummistrikk  <\/strong><\/p>\n<p>https:\/\/www.youtube.com\/watch?v=7AxGaZheh8I<\/p>\n","protected":false},"featured_media":82852,"comment_status":"closed","ping_status":"closed","template":"","meta":{"_acf_changed":false},"product_brand":[3126],"product_cat":[1946,1948,1937,2518,2566,2215,2217,1945],"product_tag":[2521],"class_list":{"0":"post-82845","1":"product","2":"type-product","3":"status-publish","4":"has-post-thumbnail","6":"product_brand-sissel","7":"product_cat-balanse","8":"product_cat-klinikk","9":"product_cat-merkevarer","10":"product_cat-sissel-no","11":"product_cat-sissel-treningsbaand","12":"product_cat-treningsbaand","13":"product_cat-treningsbaand-no","14":"product_cat-treningsutstyr","15":"product_tag-sissel-no","17":"first","18":"instock","19":"taxable","20":"shipping-taxable","21":"purchasable","22":"product-type-simple"},"acf":[],"_links":{"self":[{"href":"https:\/\/fysiolab.dk\/no\/wp-json\/wp\/v2\/product\/82845","targetHints":{"allow":["GET"]}}],"collection":[{"href":"https:\/\/fysiolab.dk\/no\/wp-json\/wp\/v2\/product"}],"about":[{"href":"https:\/\/fysiolab.dk\/no\/wp-json\/wp\/v2\/types\/product"}],"replies":[{"embeddable":true,"href":"https:\/\/fysiolab.dk\/no\/wp-json\/wp\/v2\/comments?post=82845"}],"wp:featuredmedia":[{"embeddable":true,"href":"https:\/\/fysiolab.dk\/no\/wp-json\/wp\/v2\/media\/82852"}],"wp:attachment":[{"href":"https:\/\/fysiolab.dk\/no\/wp-json\/wp\/v2\/media?parent=82845"}],"wp:term":[{"taxonomy":"product_brand","embeddable":true,"href":"https:\/\/fysiolab.dk\/no\/wp-json\/wp\/v2\/product_brand?post=82845"},{"taxonomy":"product_cat","embeddable":true,"href":"https:\/\/fysiolab.dk\/no\/wp-json\/wp\/v2\/product_cat?post=82845"},{"taxonomy":"product_tag","embeddable":true,"href":"https:\/\/fysiolab.dk\/no\/wp-json\/wp\/v2\/product_tag?post=82845"}],"curies":[{"name":"wp","href":"https:\/\/api.w.org\/{rel}","templated":true}]}}