{"id":82857,"date":"2024-01-05T20:02:44","date_gmt":"2024-01-05T19:02:44","guid":{"rendered":"https:\/\/fysiolab.dk\/product\/sissel-fit-dome-pro\/"},"modified":"2026-02-18T22:07:12","modified_gmt":"2026-02-18T21:07:12","slug":"sissel-fit-dome-pro","status":"publish","type":"product","link":"https:\/\/fysiolab.dk\/no\/product\/sissel-fit-dome-pro\/","title":{"rendered":"Sissel Fit-Dome Pro inkl. elastiske b\u00e5nd"},"content":{"rendered":"<p>Sissel Fit-Dome Pro er et multifunksjonelt treningsverkt\u00f8y for trening av balanse, stabilitet, kjernemuskulatur og styrke i hele kroppen. Med dette unike redskapet kan du trene og gj\u00f8re \u00f8velser p\u00e5 utallige m\u00e5ter. Dette utstyret er et must for hjemmetreningen din. Fit-Dome er utformet som en BOSU-ball, slik at du kan snu den p\u00e5 begge sider for \u00e5 \u00f8ke vanskelighetsgraden p\u00e5 treningen. Puten m\u00e5ler 58 x 62 cm og er 20 cm h\u00f8y. Farge: R\u00f8d.     <\/p>\n<p><strong>Pumpe og 2 gummistrikk inkludert  <\/strong><\/p>\n","protected":false},"excerpt":{"rendered":"<p><strong>Sissel Fit-Dome Pro er et multifunksjonelt treningsverkt\u00f8y for \u00e5 trene balanse, stabilitet, kjernemuskulatur og styrke i hele kroppen.<\/strong><\/p>\n<p><strong>Inkluderer pumpe og elastiske b\u00e5nd <\/strong> <\/p>\n","protected":false},"featured_media":82863,"comment_status":"closed","ping_status":"closed","template":"","meta":{"_acf_changed":false},"product_brand":[3126],"product_cat":[1946,1949,1948,1937,2535,2518,2536,2563,2569,2533,1945],"product_tag":[2521],"class_list":{"0":"post-82857","1":"product","2":"type-product","3":"status-publish","4":"has-post-thumbnail","6":"product_brand-sissel","7":"product_cat-balanse","8":"product_cat-balansetrening","9":"product_cat-klinikk","10":"product_cat-merkevarer","11":"product_cat-pilates-no","12":"product_cat-sissel-no","13":"product_cat-sissel-balansetrening","14":"product_cat-sissel-pilates-no","15":"product_cat-sissel-treningsball","16":"product_cat-sissel-yoga-no","17":"product_cat-treningsutstyr","18":"product_tag-sissel-no","20":"first","21":"instock","22":"taxable","23":"shipping-taxable","24":"purchasable","25":"product-type-simple"},"acf":[],"_links":{"self":[{"href":"https:\/\/fysiolab.dk\/no\/wp-json\/wp\/v2\/product\/82857","targetHints":{"allow":["GET"]}}],"collection":[{"href":"https:\/\/fysiolab.dk\/no\/wp-json\/wp\/v2\/product"}],"about":[{"href":"https:\/\/fysiolab.dk\/no\/wp-json\/wp\/v2\/types\/product"}],"replies":[{"embeddable":true,"href":"https:\/\/fysiolab.dk\/no\/wp-json\/wp\/v2\/comments?post=82857"}],"wp:featuredmedia":[{"embeddable":true,"href":"https:\/\/fysiolab.dk\/no\/wp-json\/wp\/v2\/media\/82863"}],"wp:attachment":[{"href":"https:\/\/fysiolab.dk\/no\/wp-json\/wp\/v2\/media?parent=82857"}],"wp:term":[{"taxonomy":"product_brand","embeddable":true,"href":"https:\/\/fysiolab.dk\/no\/wp-json\/wp\/v2\/product_brand?post=82857"},{"taxonomy":"product_cat","embeddable":true,"href":"https:\/\/fysiolab.dk\/no\/wp-json\/wp\/v2\/product_cat?post=82857"},{"taxonomy":"product_tag","embeddable":true,"href":"https:\/\/fysiolab.dk\/no\/wp-json\/wp\/v2\/product_tag?post=82857"}],"curies":[{"name":"wp","href":"https:\/\/api.w.org\/{rel}","templated":true}]}}