{"id":82869,"date":"2023-12-26T11:27:24","date_gmt":"2023-12-26T10:27:24","guid":{"rendered":"https:\/\/fysiolab.dk\/product\/sklz-soccer-trainer-pro\/"},"modified":"2025-12-18T09:21:21","modified_gmt":"2025-12-18T08:21:21","slug":"sklz-soccer-trainer-pro","status":"publish","type":"product","link":"https:\/\/fysiolab.dk\/no\/product\/sklz-soccer-trainer-pro\/","title":{"rendered":"SKLZ Soccer Trainer Pro"},"content":{"rendered":"<p>SKLZ Soccer Trainer Pro-nettet gir spillerne det motspillet de trenger for \u00e5 mestre f\u00f8rsteber\u00f8ring, ballkontroll og presise pasninger og mottak.<br \/>\nDen h\u00f8yspente, justerbare rebound-designen skaper spilllignende tempo og ballbehandling, slik at spillere i alle posisjoner kan trene i alle vinkler med venstre og h\u00f8yre fot.<br \/>\nSoccer Trainer Pro gir spillere p\u00e5 alle niv\u00e5er de repetisjonene de trenger for \u00e5 bygge opp muskelminnet, koordinasjonen, kraften og reaksjonstidene til de beste eliteut\u00f8verne.<br \/>\nI motsetning til andre store eller kompliserte reboundere har Soccer Trainer Pro et hurtigspennende nettsystem og en unik rammekonstruksjon som gj\u00f8r den enkel \u00e5 sette opp, ta ned og lagre.<br \/>\nDet er ingen bunnbjelke som hindrer pasninger eller forstyrrer returer.<br \/>\nI tillegg t\u00e5ler den robuste og kraftige konstruksjonen den mest intense treningen p\u00e5 gress eller kunstgress.<\/p>\n<ul>\n<li>Behersk f\u00f8rsteber\u00f8ring, kontroll, pasning og mottak med spilllignende ballretur<\/li>\n<li>Hurtigspenningssystem og sammenleggbar ramme for enkel montering og transport<\/li>\n<li>Unik rammedesign bidrar til \u00e5 utvikle bedre treningsvaner gjennom mer realistiske pasningsteknikker p\u00e5 bakken<\/li>\n<li>Rask justering og innstilling av rebounderen i alle vinkler for \u00e5 trene og utvikle spesifikke ferdigheter<\/li>\n<li>Tung base gj\u00f8r at rebounderen kan brukes p\u00e5 gress- og kunstgressbaner<\/li>\n<li>Rammen m\u00e5ler 2 x 75 cm<\/li>\n<\/ul>\n","protected":false},"excerpt":{"rendered":"<p><strong>Med SKLZ Soccer Trainer Pro har du de beste mulighetene for \u00e5 trene hjemme<\/strong><\/p>\n","protected":false},"featured_media":82871,"comment_status":"closed","ping_status":"closed","template":"","meta":{"_acf_changed":false},"product_brand":[],"product_cat":[2218,1937,2207,2208,2219,1945],"product_tag":[2210],"class_list":{"0":"post-82869","1":"product","2":"type-product","3":"status-publish","4":"has-post-thumbnail","6":"product_cat-fotball-og-fotball","7":"product_cat-merkevarer","8":"product_cat-sklz-no","9":"product_cat-sklz-no-2","10":"product_cat-sklz-treningsutstyr","11":"product_cat-treningsutstyr","12":"product_tag-sklz-no","14":"first","15":"instock","16":"taxable","17":"shipping-taxable","18":"purchasable","19":"product-type-simple"},"acf":[],"_links":{"self":[{"href":"https:\/\/fysiolab.dk\/no\/wp-json\/wp\/v2\/product\/82869","targetHints":{"allow":["GET"]}}],"collection":[{"href":"https:\/\/fysiolab.dk\/no\/wp-json\/wp\/v2\/product"}],"about":[{"href":"https:\/\/fysiolab.dk\/no\/wp-json\/wp\/v2\/types\/product"}],"replies":[{"embeddable":true,"href":"https:\/\/fysiolab.dk\/no\/wp-json\/wp\/v2\/comments?post=82869"}],"wp:featuredmedia":[{"embeddable":true,"href":"https:\/\/fysiolab.dk\/no\/wp-json\/wp\/v2\/media\/82871"}],"wp:attachment":[{"href":"https:\/\/fysiolab.dk\/no\/wp-json\/wp\/v2\/media?parent=82869"}],"wp:term":[{"taxonomy":"product_brand","embeddable":true,"href":"https:\/\/fysiolab.dk\/no\/wp-json\/wp\/v2\/product_brand?post=82869"},{"taxonomy":"product_cat","embeddable":true,"href":"https:\/\/fysiolab.dk\/no\/wp-json\/wp\/v2\/product_cat?post=82869"},{"taxonomy":"product_tag","embeddable":true,"href":"https:\/\/fysiolab.dk\/no\/wp-json\/wp\/v2\/product_tag?post=82869"}],"curies":[{"name":"wp","href":"https:\/\/api.w.org\/{rel}","templated":true}]}}