{"id":82870,"date":"2024-01-03T20:38:15","date_gmt":"2024-01-03T19:38:15","guid":{"rendered":"https:\/\/fysiolab.dk\/product\/sissel-yoga-sokker\/"},"modified":"2025-12-18T09:21:20","modified_gmt":"2025-12-18T08:21:20","slug":"sissel-yoga-sokker","status":"publish","type":"product","link":"https:\/\/fysiolab.dk\/no\/product\/sissel-yoga-sokker\/","title":{"rendered":"Sissel Yoga-sokker"},"content":{"rendered":"<p>Sissel Yoga-sokker gir optimal komfort og f\u00f8lelsen av \u00e5 trene barbeint. S\u00e5len har en sklisikker bunn som gir deg et godt grep p\u00e5 gulvet n\u00e5r du trener yoga, pilates, dans eller andre barfotaktiviteter. Finnes i 2 st\u00f8rrelser i fargen svart. Sokken er laget av 85 % bomull og 15 % polyester, et hygienisk materiale som motvirker lukt og er svetteabsorberende.   <\/p>\n","protected":false},"excerpt":{"rendered":"<p><strong>Sissel Yoga-sokker gir optimal komfort og f\u00f8lelsen av \u00e5 trene barbeint. S\u00e5len har en sklisikker bunn som gir deg et godt grep p\u00e5 gulvet n\u00e5r du trener yoga, pilates, dans eller andre barfotaktiviteter. Finnes i 2 st\u00f8rrelser i fargen svart.  <\/strong><\/p>\n","protected":false},"featured_media":82879,"comment_status":"closed","ping_status":"closed","template":"","meta":{"_acf_changed":false},"product_brand":[],"product_cat":[1948,1937,2535,2534,2518,2563,2533,1945,2532],"product_tag":[2521],"class_list":{"0":"post-82870","1":"product","2":"type-product","3":"status-publish","4":"has-post-thumbnail","6":"product_cat-klinikk","7":"product_cat-merkevarer","8":"product_cat-pilates-no","9":"product_cat-pilates-og-yoga-no","10":"product_cat-sissel-no","11":"product_cat-sissel-pilates-no","12":"product_cat-sissel-yoga-no","13":"product_cat-treningsutstyr","14":"product_cat-yoga-no","15":"product_tag-sissel-no","17":"first","18":"instock","19":"taxable","20":"shipping-taxable","21":"purchasable","22":"product-type-variable"},"acf":[],"_links":{"self":[{"href":"https:\/\/fysiolab.dk\/no\/wp-json\/wp\/v2\/product\/82870","targetHints":{"allow":["GET"]}}],"collection":[{"href":"https:\/\/fysiolab.dk\/no\/wp-json\/wp\/v2\/product"}],"about":[{"href":"https:\/\/fysiolab.dk\/no\/wp-json\/wp\/v2\/types\/product"}],"replies":[{"embeddable":true,"href":"https:\/\/fysiolab.dk\/no\/wp-json\/wp\/v2\/comments?post=82870"}],"wp:featuredmedia":[{"embeddable":true,"href":"https:\/\/fysiolab.dk\/no\/wp-json\/wp\/v2\/media\/82879"}],"wp:attachment":[{"href":"https:\/\/fysiolab.dk\/no\/wp-json\/wp\/v2\/media?parent=82870"}],"wp:term":[{"taxonomy":"product_brand","embeddable":true,"href":"https:\/\/fysiolab.dk\/no\/wp-json\/wp\/v2\/product_brand?post=82870"},{"taxonomy":"product_cat","embeddable":true,"href":"https:\/\/fysiolab.dk\/no\/wp-json\/wp\/v2\/product_cat?post=82870"},{"taxonomy":"product_tag","embeddable":true,"href":"https:\/\/fysiolab.dk\/no\/wp-json\/wp\/v2\/product_tag?post=82870"}],"curies":[{"name":"wp","href":"https:\/\/api.w.org\/{rel}","templated":true}]}}