{"id":82881,"date":"2023-12-20T23:33:16","date_gmt":"2023-12-20T22:33:16","guid":{"rendered":"https:\/\/fysiolab.dk\/product\/anodyne-bh\/"},"modified":"2025-12-18T09:21:21","modified_gmt":"2025-12-18T08:21:21","slug":"anodyne-bh","status":"publish","type":"product","link":"https:\/\/fysiolab.dk\/no\/product\/anodyne-bh\/","title":{"rendered":"Anodyne BH - Justerbar"},"content":{"rendered":"<h3>Forbedre holdningen din med Anodynes unike bh<\/h3>\n<ul>\n<li>\u00d8ker holdningsbevisstheten din<\/li>\n<li>Kan brukes til hverdagsbruk, p\u00e5 jobb eller n\u00e5r du er aktiv<\/li>\n<li>Gir lett og behagelig st\u00f8tte - hele dagen!<\/li>\n<li>Sikrer individuell tilpasning<\/li>\n<\/ul>\n<p>Denne Anodyne\u00ae-bh-en er laget av behagelige materialer som gj\u00f8r den komfortabel \u00e5 bruke hele dagen og til alle slags aktiviteter. Enten du er p\u00e5 jobb, driver med sport eller andre steder der du trenger stabilisering og st\u00f8tte. <\/p>\n<p>Den holdningskorrigerende BH-en kan v\u00e6re et godt supplement hvis du har tilbakevendende smerter i nakke, skuldre eller rygg. Den kan for eksempel brukes n\u00e5r du sitter ved et skrivebord, i stasjon\u00e6re arbeidsstillinger eller ved fysiske aktiviteter. I disse situasjonene kan holdnings-BH-en bidra til \u00e5 gi st\u00f8tte og avlastning.  <\/p>\n<h3>Personlig tilpasning<\/h3>\n<p>Anodyne\u00ae-bh-en er utstyrt med kroker foran p\u00e5 brystet og p\u00e5 begge skuldrene, som alle kan justeres i tre niv\u00e5er. Holdnings-BH-en har ogs\u00e5 innlegg som kan tas ut etter behov. <\/p>\n<h3>Gir st\u00f8tte gjennom hele dagen<\/h3>\n<p>Sammenlignet med v\u00e5re skulderst\u00f8tter er denne Anodyne\u00ae-bh-en den klart mest komfortable l\u00f8sningen for st\u00f8tte og avlastning for de fleste. Du kan velge denne holdningskorrigerende BH-en hvis du \u00f8nsker \u00e5 kunne ha den p\u00e5 hele dagen. Hvis du \u00f8nsker maksimal st\u00f8tte og hjelp med holdningen, smerter eller spenninger, b\u00f8r du likevel velge den unike og patenterte Posture Shirt  <\/p>\n<p>Materiale: Nylon, polyester og elastan.<\/p>\n<p><img fetchpriority=\"high\" decoding=\"async\" class=\"alignnone size-medium wp-image-96378\" src=\"https:\/\/fysiolab.dk\/wp-content\/uploads\/2025\/09\/BH-opmaaling-243x300.jpg\" alt=\"\" width=\"243\" height=\"300\" title=\"\" srcset=\"https:\/\/fysiolab.dk\/wp-content\/uploads\/2025\/09\/BH-opmaaling-243x300.jpg 243w, https:\/\/fysiolab.dk\/wp-content\/uploads\/2025\/09\/BH-opmaaling.jpg 443w\" sizes=\"(max-width: 243px) 100vw, 243px\" \/><\/p>\n","protected":false},"excerpt":{"rendered":"<p><strong>Er du p\u00e5 utkikk etter en holdningskorrigerende BH til hverdag og trening som kan gi lett st\u00f8tte og avlastning for nakke, rygg og skuldre? Da kan v\u00e5r nye og unike Anodyne-bh v\u00e6re akkurat det du leter etter. <\/strong><\/p>\n","protected":false},"featured_media":82899,"comment_status":"closed","ping_status":"closed","template":"","meta":{"_acf_changed":false},"product_brand":[],"product_cat":[2461,2462,2463,2020,1966,1937],"product_tag":[2464],"class_list":{"0":"post-82881","1":"product","2":"type-product","3":"status-publish","4":"has-post-thumbnail","6":"product_cat-anodyne-no","7":"product_cat-anodyne-no-2","8":"product_cat-holdningskorrigerende-klaer","9":"product_cat-julegaveideer-no","10":"product_cat-klaer","11":"product_cat-merkevarer","12":"product_tag-anodyne-no","14":"first","15":"instock","16":"taxable","17":"shipping-taxable","18":"purchasable","19":"product-type-variable"},"acf":[],"_links":{"self":[{"href":"https:\/\/fysiolab.dk\/no\/wp-json\/wp\/v2\/product\/82881","targetHints":{"allow":["GET"]}}],"collection":[{"href":"https:\/\/fysiolab.dk\/no\/wp-json\/wp\/v2\/product"}],"about":[{"href":"https:\/\/fysiolab.dk\/no\/wp-json\/wp\/v2\/types\/product"}],"replies":[{"embeddable":true,"href":"https:\/\/fysiolab.dk\/no\/wp-json\/wp\/v2\/comments?post=82881"}],"wp:featuredmedia":[{"embeddable":true,"href":"https:\/\/fysiolab.dk\/no\/wp-json\/wp\/v2\/media\/82899"}],"wp:attachment":[{"href":"https:\/\/fysiolab.dk\/no\/wp-json\/wp\/v2\/media?parent=82881"}],"wp:term":[{"taxonomy":"product_brand","embeddable":true,"href":"https:\/\/fysiolab.dk\/no\/wp-json\/wp\/v2\/product_brand?post=82881"},{"taxonomy":"product_cat","embeddable":true,"href":"https:\/\/fysiolab.dk\/no\/wp-json\/wp\/v2\/product_cat?post=82881"},{"taxonomy":"product_tag","embeddable":true,"href":"https:\/\/fysiolab.dk\/no\/wp-json\/wp\/v2\/product_tag?post=82881"}],"curies":[{"name":"wp","href":"https:\/\/api.w.org\/{rel}","templated":true}]}}