{"id":82905,"date":"2023-12-26T14:32:45","date_gmt":"2023-12-26T13:32:45","guid":{"rendered":"https:\/\/fysiolab.dk\/product\/sklz-star-kick-touch-trainer-kobolt\/"},"modified":"2025-12-18T09:21:21","modified_gmt":"2025-12-18T08:21:21","slug":"sklz-star-kick-touch-trainer-kobolt","status":"publish","type":"product","link":"https:\/\/fysiolab.dk\/no\/product\/sklz-star-kick-touch-trainer-kobolt\/","title":{"rendered":"SKLZ Star-Kick Touch Trainer - Kobolt"},"content":{"rendered":"<p>Tren hvor som helst for \u00e5 forbedre \u00f8ye-til-fot-koordinasjon, ballkontroll, rytme og touch. Star-Kick Touch Trainer har et b\u00e6rbart design, ergonomisk h\u00e5ndtak og 360-graders svingbarhet, og er laget for \u00e5 bygge bedre ballkontroll. <\/p>\n<h3>Spesifikasjoner:<\/h3>\n<ul>\n<li>Et morsomt og effektivt treningsverkt\u00f8y for \u00e5 forbedre ballkontroll, rytme og generell touch.<\/li>\n<li>Ball i st\u00f8rrelse 1 bidrar til \u00e5 utvikle fot-\u00f8ye-koordinasjon med begge f\u00f8tter.<\/li>\n<li>Den b\u00e6rbare designen gj\u00f8r at du kan trene hvor som helst og maksimere ber\u00f8ringene dine.<\/li>\n<li>Det ergonomiske, kompakte h\u00e5ndtaket ligger godt i h\u00e5nden, og ledningen kan justeres i alle h\u00f8yder.<\/li>\n<li>360 graders svingbar teknologi gj\u00f8r at ballen kan spinne fritt.<\/li>\n<li>Unik ballgrafikk hjelper deg med \u00e5 spore rotasjonsretningen.<\/li>\n<\/ul>\n<h2>SKLZ Star-Kick Touch Trainer<\/h2>\n<p>Laget for moro skyld og for \u00e5 gi spillerne de repetisjonene de trenger. Den lille ballen i st\u00f8rrelse 1 hjelper spillerne med \u00e5 \u00f8ke fot-til-\u00f8ye-koordinasjonen i begge f\u00f8tter og forbedre kontroll, rytme og touch. Den b\u00e6rbare designen, det ergonomiske h\u00e5ndtaket og den 360-graders svingbare ballen gj\u00f8r at du kan spille nesten hvor som helst og maksimere antall ber\u00f8ringer.  <\/p>\n","protected":false},"excerpt":{"rendered":"<p><strong>Med Star-Kick Touch Trainer kan du glede deg over mange timer med god trening hjemme i hagen.<\/strong><\/p>\n","protected":false},"featured_media":82907,"comment_status":"closed","ping_status":"closed","template":"","meta":{"_acf_changed":false},"product_brand":[],"product_cat":[2218,2020,1937,2207,2208,2224,2223,1945],"product_tag":[2210],"class_list":{"0":"post-82905","1":"product","2":"type-product","3":"status-publish","4":"has-post-thumbnail","6":"product_cat-fotball-og-fotball","7":"product_cat-julegaveideer-no","8":"product_cat-merkevarer","9":"product_cat-sklz-no","10":"product_cat-sklz-no-2","11":"product_cat-sklz-treningsballer","12":"product_cat-treningsballer","13":"product_cat-treningsutstyr","14":"product_tag-sklz-no","16":"first","17":"instock","18":"taxable","19":"shipping-taxable","20":"purchasable","21":"product-type-simple"},"acf":[],"_links":{"self":[{"href":"https:\/\/fysiolab.dk\/no\/wp-json\/wp\/v2\/product\/82905","targetHints":{"allow":["GET"]}}],"collection":[{"href":"https:\/\/fysiolab.dk\/no\/wp-json\/wp\/v2\/product"}],"about":[{"href":"https:\/\/fysiolab.dk\/no\/wp-json\/wp\/v2\/types\/product"}],"replies":[{"embeddable":true,"href":"https:\/\/fysiolab.dk\/no\/wp-json\/wp\/v2\/comments?post=82905"}],"wp:featuredmedia":[{"embeddable":true,"href":"https:\/\/fysiolab.dk\/no\/wp-json\/wp\/v2\/media\/82907"}],"wp:attachment":[{"href":"https:\/\/fysiolab.dk\/no\/wp-json\/wp\/v2\/media?parent=82905"}],"wp:term":[{"taxonomy":"product_brand","embeddable":true,"href":"https:\/\/fysiolab.dk\/no\/wp-json\/wp\/v2\/product_brand?post=82905"},{"taxonomy":"product_cat","embeddable":true,"href":"https:\/\/fysiolab.dk\/no\/wp-json\/wp\/v2\/product_cat?post=82905"},{"taxonomy":"product_tag","embeddable":true,"href":"https:\/\/fysiolab.dk\/no\/wp-json\/wp\/v2\/product_tag?post=82905"}],"curies":[{"name":"wp","href":"https:\/\/api.w.org\/{rel}","templated":true}]}}