{"id":82906,"date":"2023-12-20T23:18:29","date_gmt":"2023-12-20T22:18:29","guid":{"rendered":"https:\/\/fysiolab.dk\/product\/anodyne-posture-skjorte-for-menn\/"},"modified":"2025-12-18T09:21:21","modified_gmt":"2025-12-18T08:21:21","slug":"anodyne-posture-skjorte-for-menn","status":"publish","type":"product","link":"https:\/\/fysiolab.dk\/no\/product\/anodyne-posture-skjorte-for-menn\/","title":{"rendered":"Anodyne Posture-skjorte for menn"},"content":{"rendered":"<p><strong>Velkommen til den ultimate holdningsrevolusjonen.<\/strong>  Med Anodyne\u00ae Posture Shirt f\u00e5r du ikke bare uovertruffen komfort, men ogs\u00e5 st\u00f8tte for en bedre holdning gjennom alle hverdagsaktiviteter.<\/p>\n<p>Kjenner du f\u00f8lelsen av \u00e5 sitte b\u00f8yd over skrivebordet i timevis? Glemmer du ofte \u00e5 rette deg opp og strekke ut ryggen? Hva om det fantes en behagelig og stilig m\u00e5te \u00e5 forbedre holdningen din p\u00e5, og som samtidig var behagelig \u00e5 ha p\u00e5 seg hele dagen? Dette er Anodyne\u00ae Posture Shirt - en banebrytende t-skjorte som er utviklet for \u00e5 forandre m\u00e5ten du opplever holdningen din p\u00e5.   <\/p>\n<p><strong>Unike fordeler:<\/strong><\/p>\n<ul>\n<li><strong>Forbedret holdning:<\/strong> Gj\u00f8r Anodyne\u00ae Posture Shirt til ditt hemmelige v\u00e5pen for \u00e5 oppn\u00e5 en rett og selvsikker holdning. Den avanserte designen med innebygde spenningspunkter hjelper deg med \u00e5 holde ryggen rett - hele dagen lang. <\/li>\n<li><strong>Uovertruffen komfort:<\/strong> Hos Anodyne\u00ae mener vi at komfort og funksjon er to sider av samme sak. Skjortene v\u00e5re er laget av materialer som puster, slik at du kan holde deg komfortabel i alle situasjoner. <\/li>\n<li><strong>Allsidighet:<\/strong> Anodyne\u00ae Posture Shirt er ikke bare en t-skjorte; den er en livsstilsoppgradering. Den st\u00f8tter deg i alle situasjoner, fra kontoret til utend\u00f8rsopplevelser, og s\u00f8rger for at du f\u00f8ler fordelene med en bedre holdning. <\/li>\n<\/ul>\n<p><strong>Slik fungerer det:<\/strong><\/p>\n<p>Det geniale med Anodyne\u00ae Posture Shirt er den enkle, men effektive utformingen. N\u00e5r du tar p\u00e5 deg skjorten, vil du oppleve et lett drag i skuldrene og overkroppen som vil f\u00e5 deg til \u00e5 endre holdningen din. Begynn med maksimalt 1-2 timers daglig bruk og \u00f8k gradvis - ved hjelp av Posture Shirt vil en sunn holdning bli en naturlig del av hverdagen din.  <\/p>\n<p><strong>Pr\u00f8v det uten bekymringer:<\/strong><\/p>\n<p>Vi forst\u00e5r viktigheten av tillit. Derfor kan du pr\u00f8ve Anodyne\u00ae Posture Shirt risikofritt i 30 dager. Leveringskostnader? Det tar vi oss av s\u00e5 lenge du kj\u00f8per for mer enn 399 DKK. Hvis produktene v\u00e5re ikke lever opp til forventningene dine, gir vi deg pengene tilbake. Og bytting er selvf\u00f8lgelig gratis!     <\/p>\n<p>Med Anodyne\u00ae Posture Shirt kan du st\u00e5 sterkt og oppreist i alle situasjoner. Bli med p\u00e5 holdningsrevolusjonen n\u00e5, og gj\u00f8r en forskjell i hverdagen din. <\/p>\n<p><strong>Materiale:<\/strong> Produktet er laget av en unik sammensetning av polyamid og elastan.<\/p>\n<p><strong>St\u00f8rrelsesguide<\/strong><\/p>\n<p><strong>Vekt Str<\/strong><\/p>\n<p><strong>60-74 kg XS\/S<\/strong><\/p>\n<p><strong>75-98 kg M\/L<\/strong><\/p>\n<p><strong>99-125 kg XL\/XXL<\/strong><\/p>\n","protected":false},"excerpt":{"rendered":"<p>V\u00e5r splitter nye Anodyne\u00ae Posture Shirt er designet med fokus p\u00e5 komfort i alle situasjoner. Den st\u00f8tter holdningen din i alle daglige aktiviteter og er resultatet av 10 \u00e5rs erfaring med produksjon av holdningskorrigerende kl\u00e6r. <\/p>\n","protected":false},"featured_media":82915,"comment_status":"closed","ping_status":"closed","template":"","meta":{"_acf_changed":false},"product_brand":[3101],"product_cat":[2461,2462,2463,2020,1966,1937],"product_tag":[2464],"class_list":{"0":"post-82906","1":"product","2":"type-product","3":"status-publish","4":"has-post-thumbnail","6":"product_brand-anodyne","7":"product_cat-anodyne-no","8":"product_cat-anodyne-no-2","9":"product_cat-holdningskorrigerende-klaer","10":"product_cat-julegaveideer-no","11":"product_cat-klaer","12":"product_cat-merkevarer","13":"product_tag-anodyne-no","15":"first","16":"instock","17":"taxable","18":"shipping-taxable","19":"purchasable","20":"product-type-variable"},"acf":[],"_links":{"self":[{"href":"https:\/\/fysiolab.dk\/no\/wp-json\/wp\/v2\/product\/82906","targetHints":{"allow":["GET"]}}],"collection":[{"href":"https:\/\/fysiolab.dk\/no\/wp-json\/wp\/v2\/product"}],"about":[{"href":"https:\/\/fysiolab.dk\/no\/wp-json\/wp\/v2\/types\/product"}],"replies":[{"embeddable":true,"href":"https:\/\/fysiolab.dk\/no\/wp-json\/wp\/v2\/comments?post=82906"}],"wp:featuredmedia":[{"embeddable":true,"href":"https:\/\/fysiolab.dk\/no\/wp-json\/wp\/v2\/media\/82915"}],"wp:attachment":[{"href":"https:\/\/fysiolab.dk\/no\/wp-json\/wp\/v2\/media?parent=82906"}],"wp:term":[{"taxonomy":"product_brand","embeddable":true,"href":"https:\/\/fysiolab.dk\/no\/wp-json\/wp\/v2\/product_brand?post=82906"},{"taxonomy":"product_cat","embeddable":true,"href":"https:\/\/fysiolab.dk\/no\/wp-json\/wp\/v2\/product_cat?post=82906"},{"taxonomy":"product_tag","embeddable":true,"href":"https:\/\/fysiolab.dk\/no\/wp-json\/wp\/v2\/product_tag?post=82906"}],"curies":[{"name":"wp","href":"https:\/\/api.w.org\/{rel}","templated":true}]}}