{"id":82923,"date":"2023-11-12T21:18:03","date_gmt":"2023-11-12T20:18:03","guid":{"rendered":"https:\/\/fysiolab.dk\/product\/anodyne-korsryggbelte\/"},"modified":"2025-12-18T09:21:22","modified_gmt":"2025-12-18T08:21:22","slug":"anodyne-korsryggbelte","status":"publish","type":"product","link":"https:\/\/fysiolab.dk\/no\/product\/anodyne-korsryggbelte\/","title":{"rendered":"Anodyne korsryggbelte"},"content":{"rendered":"<p>Anodyne korsryggbelte anbefales for \u00e5 st\u00f8tte og stabilisere korsryggen. St\u00f8tten avlaster muskulaturen og s\u00f8rger for at du ikke f\u00e5r vondt i ryggen. St\u00f8tten er egnet for akutt og kronisk korsryggst\u00f8tte, hekseskudd, skiveprolaps og som et forebyggende tiltak.   Bandasjen er enkel \u00e5 justere til \u00f8nsket stabilitet og st\u00f8tte. Bandasjen har to l\u00f8kker som gj\u00f8r den enkel \u00e5 ta av og p\u00e5, samtidig som den kan tilpasses individuelt. Anodyne\u00ae lumbalbelte er en utmerket korsryggst\u00f8tte for \u00e5 avlaste spenninger i korsryggen og omr\u00e5det rundt. Korsryggbeltet kan brukes n\u00e5r som helst - uansett om du er aktiv eller stillesittende. Korsryggbeltet gir god kompresjon til hele korsryggen og kan bidra til \u00e5 lindre smerter og ubehag ved holdningsforstyrrelser i ryggen, ryggstrekk, lumbago, isjias eller generelle smerter i korsryggen.    <\/p>\n<p><strong>St\u00f8rrelsesguide  <\/strong><\/p>\n<p><strong>M\u00e5l omkretsen rundt midjen  <\/strong><\/p>\n<p><a href=\"https:\/\/dev.fysiolab.dk\/wp-content\/uploads\/2025\/05\/X1.png\"><img fetchpriority=\"high\" decoding=\"async\" class=\"alignnone size-medium wp-image-202392633\" src=\"https:\/\/dev.fysiolab.dk\/wp-content\/uploads\/2025\/05\/X1-300x169.png\" alt=\"\" width=\"300\" height=\"169\" title=\"\"><\/a><\/p>\n<p><strong>Omkrets Str.<\/strong><\/p>\n<p><strong>65-80 cm S<\/strong><\/p>\n<p><strong>80-95 cm M<\/strong><\/p>\n<p><strong>95-110 cm L<\/strong><\/p>\n<p><strong>110-120 cm XL<\/strong><\/p>\n","protected":false},"excerpt":{"rendered":"<p><strong>Anodyne korsryggbelte anbefales for \u00e5 st\u00f8tte og stabilisere korsryggen. St\u00f8tten avlaster muskulaturen og s\u00f8rger for at du ikke f\u00e5r vondt i ryggen. St\u00f8tten er egnet for akutt og kronisk korsryggst\u00f8tte, hekseskudd, skiveprolaps og som et forebyggende tiltak.  <\/strong><\/p>\n<p>https:\/\/www.youtube.com\/watch?v=_c2mbw5K7uY<\/p>\n","protected":false},"featured_media":82931,"comment_status":"closed","ping_status":"closed","template":"","meta":{"_acf_changed":false},"product_brand":[3101],"product_cat":[2462,2461,2188,2189,2020,1966,1937,2184,1933,2186,2187],"product_tag":[2464],"class_list":{"0":"post-82923","1":"product","2":"type-product","3":"status-publish","4":"has-post-thumbnail","6":"product_brand-anodyne","7":"product_cat-anodyne-no-2","8":"product_cat-anodyne-no","9":"product_cat-anstrengt-rygg","10":"product_cat-artrose-i-ryggen","11":"product_cat-julegaveideer-no","12":"product_cat-klaer","13":"product_cat-merkevarer","14":"product_cat-rygg-og-korsrygg","15":"product_cat-skinner-og-stoetteskinner","16":"product_cat-skiveprolaps","17":"product_cat-smerter-i-nedre-del-av-ryggen","18":"product_tag-anodyne-no","20":"first","21":"instock","22":"taxable","23":"shipping-taxable","24":"purchasable","25":"product-type-variable"},"acf":[],"_links":{"self":[{"href":"https:\/\/fysiolab.dk\/no\/wp-json\/wp\/v2\/product\/82923","targetHints":{"allow":["GET"]}}],"collection":[{"href":"https:\/\/fysiolab.dk\/no\/wp-json\/wp\/v2\/product"}],"about":[{"href":"https:\/\/fysiolab.dk\/no\/wp-json\/wp\/v2\/types\/product"}],"replies":[{"embeddable":true,"href":"https:\/\/fysiolab.dk\/no\/wp-json\/wp\/v2\/comments?post=82923"}],"wp:featuredmedia":[{"embeddable":true,"href":"https:\/\/fysiolab.dk\/no\/wp-json\/wp\/v2\/media\/82931"}],"wp:attachment":[{"href":"https:\/\/fysiolab.dk\/no\/wp-json\/wp\/v2\/media?parent=82923"}],"wp:term":[{"taxonomy":"product_brand","embeddable":true,"href":"https:\/\/fysiolab.dk\/no\/wp-json\/wp\/v2\/product_brand?post=82923"},{"taxonomy":"product_cat","embeddable":true,"href":"https:\/\/fysiolab.dk\/no\/wp-json\/wp\/v2\/product_cat?post=82923"},{"taxonomy":"product_tag","embeddable":true,"href":"https:\/\/fysiolab.dk\/no\/wp-json\/wp\/v2\/product_tag?post=82923"}],"curies":[{"name":"wp","href":"https:\/\/api.w.org\/{rel}","templated":true}]}}