{"id":82944,"date":"2023-12-20T20:55:42","date_gmt":"2023-12-20T19:55:42","guid":{"rendered":"https:\/\/fysiolab.dk\/product\/anodyne-skulderstoette-premium\/"},"modified":"2025-12-18T09:21:21","modified_gmt":"2025-12-18T08:21:21","slug":"anodyne-skulderstoette-premium","status":"publish","type":"product","link":"https:\/\/fysiolab.dk\/no\/product\/anodyne-skulderstoette-premium\/","title":{"rendered":"Anodyne Skulderst\u00f8tte Premium"},"content":{"rendered":"<h3>Avansert holdningsvest for avlastning og holdningskorrigering<\/h3>\n<ul>\n<li>Fremmer god kroppsholdning<\/li>\n<li>Gir god st\u00f8tte og avlaster \u00f8vre del av ryggen<\/li>\n<li>Motvirker muskelspenninger<\/li>\n<li>Komfortabel design og materiale<\/li>\n<li>Enkel \u00e5 bruke og justere etter behov<\/li>\n<\/ul>\n<p>Premium Shoulder Support fra Anodyne\u00ae gir holdningskorrigering og et h\u00f8yt niv\u00e5 av st\u00f8tte og avlastning i hverdagen. St\u00f8tten kan justeres rundt skulderbladene og rundt magen, rett under brystet, slik at den passer til den enkeltes behov. Den er ideell til bruk i hverdagssituasjoner der overkroppen trenger ekstra st\u00f8tte, ettersom den forhindrer at kroppen kollapser. Enten det er n\u00e5r du sitter ved et skrivebord, st\u00e5r lenge, lager mat, g\u00e5r tur, vasker kl\u00e6r osv.   <\/p>\n<p>Materiale: Neopren, netting.<\/p>\n<h3>H\u00f8y komfort og stabilitet<\/h3>\n<p>Skulderst\u00f8tten Premium gir maksimal postural st\u00f8tte og forhindrer at overkroppen kollapser n\u00e5r du sitter, st\u00e5r og g\u00e5r. Skulderst\u00f8tten spennes rundt midjen for stabilitet og er utstyrt med stabiliserende skinner p\u00e5 baksiden. Puter p\u00e5 skulderstroppene motvirker ubehag fra stroppene og sikrer h\u00f8y komfort.  <\/p>\n<p><a href=\"https:\/\/dev.fysiolab.dk\/wp-content\/uploads\/2025\/05\/Stoerrelsesguide-premium.png\"><img fetchpriority=\"high\" decoding=\"async\" class=\"alignnone size-medium wp-image-202394026\" src=\"https:\/\/dev.fysiolab.dk\/wp-content\/uploads\/2025\/05\/Stoerrelsesguide-premium-221x300.png\" alt=\"\" width=\"221\" height=\"300\" title=\"\"><\/a><\/p>\n","protected":false},"excerpt":{"rendered":"<p><strong>Premium Shoulder Support er v\u00e5r mest avanserte skulderst\u00f8tte. Premium Shoulder Support retter opp holdningen, gir god st\u00f8tte og avlaster ryggen i hverdagen. <\/strong><\/p>\n","protected":false},"featured_media":82952,"comment_status":"closed","ping_status":"closed","template":"","meta":{"_acf_changed":false},"product_brand":[3101],"product_cat":[2462,2463,2020,1966,1937],"product_tag":[2464],"class_list":{"0":"post-82944","1":"product","2":"type-product","3":"status-publish","4":"has-post-thumbnail","6":"product_brand-anodyne","7":"product_cat-anodyne-no-2","8":"product_cat-holdningskorrigerende-klaer","9":"product_cat-julegaveideer-no","10":"product_cat-klaer","11":"product_cat-merkevarer","12":"product_tag-anodyne-no","14":"first","15":"instock","16":"taxable","17":"shipping-taxable","18":"purchasable","19":"product-type-variable"},"acf":[],"_links":{"self":[{"href":"https:\/\/fysiolab.dk\/no\/wp-json\/wp\/v2\/product\/82944","targetHints":{"allow":["GET"]}}],"collection":[{"href":"https:\/\/fysiolab.dk\/no\/wp-json\/wp\/v2\/product"}],"about":[{"href":"https:\/\/fysiolab.dk\/no\/wp-json\/wp\/v2\/types\/product"}],"replies":[{"embeddable":true,"href":"https:\/\/fysiolab.dk\/no\/wp-json\/wp\/v2\/comments?post=82944"}],"wp:featuredmedia":[{"embeddable":true,"href":"https:\/\/fysiolab.dk\/no\/wp-json\/wp\/v2\/media\/82952"}],"wp:attachment":[{"href":"https:\/\/fysiolab.dk\/no\/wp-json\/wp\/v2\/media?parent=82944"}],"wp:term":[{"taxonomy":"product_brand","embeddable":true,"href":"https:\/\/fysiolab.dk\/no\/wp-json\/wp\/v2\/product_brand?post=82944"},{"taxonomy":"product_cat","embeddable":true,"href":"https:\/\/fysiolab.dk\/no\/wp-json\/wp\/v2\/product_cat?post=82944"},{"taxonomy":"product_tag","embeddable":true,"href":"https:\/\/fysiolab.dk\/no\/wp-json\/wp\/v2\/product_tag?post=82944"}],"curies":[{"name":"wp","href":"https:\/\/api.w.org\/{rel}","templated":true}]}}