{"id":82957,"date":"2023-11-12T08:37:14","date_gmt":"2023-11-12T07:37:14","guid":{"rendered":"https:\/\/fysiolab.dk\/product\/donjoy-achilax-achilles-stoette\/"},"modified":"2025-12-18T09:21:22","modified_gmt":"2025-12-18T08:21:22","slug":"donjoy-achilax-achilles-stoette","status":"publish","type":"product","link":"https:\/\/fysiolab.dk\/no\/product\/donjoy-achilax-achilles-stoette\/","title":{"rendered":"DonJoy AchiLax Achilles-st\u00f8tte"},"content":{"rendered":"<p>DonJoy AchiLax Achilles Support anbefales ved smerter i akillessenen og rundt dens feste i h\u00e6len. Bandasjen er utviklet i kompresjonsmateriale som bidrar til \u00e5 gi st\u00f8tte og kompresjon rundt en smertefull akillessene. Bandasjen er ogs\u00e5 utformet med integrerte luftceller som bidrar til \u00e5 fordele trykket rundt akillessenen og h\u00e6len n\u00e5r du g\u00e5r. Den flate profilen passer lett i skoen og kan brukes til b\u00e5de h\u00f8yre og venstre.   <\/p>\n<p>Indikasjoner: Kronisk eller posttraumatisk betennelse i akillessenen, tenidinitt, senebetennelse, plantar fasciitt og smerter i h\u00e6len.<\/p>\n<p><strong>St\u00f8rrelsesguide  <\/strong><\/p>\n<p><strong>M\u00e5l omkretsen av ankelen over knokene  <\/strong><\/p>\n<p><a href=\"https:\/\/dev.fysiolab.dk\/wp-content\/uploads\/2025\/05\/F3.png\"><img fetchpriority=\"high\" decoding=\"async\" class=\"alignnone size-medium wp-image-202393097\" src=\"https:\/\/dev.fysiolab.dk\/wp-content\/uploads\/2025\/05\/F3-300x169.png\" alt=\"\" width=\"300\" height=\"169\" title=\"\"><\/a><\/p>\n<p><strong>Omkrets Str.<\/strong><\/p>\n<p><strong>19-20 cm 1<\/strong><\/p>\n<p><strong>21-22 cm 2<\/strong><\/p>\n<p><strong>23-24 cm 3<\/strong><\/p>\n<p><strong>25-26 cm 4<\/strong><\/p>\n<p><strong>27-28 cm 5<\/strong><\/p>\n<p><strong>29-30 cm 6<\/strong><\/p>\n<p><iframe title=\"Opm\u00e5lingsvejledning ankel FysioLab\" width=\"800\" height=\"450\" src=\"https:\/\/www.youtube.com\/embed\/rkUnY8rnXpY?feature=oembed\" frameborder=\"0\" allow=\"accelerometer; autoplay; clipboard-write; encrypted-media; gyroscope; picture-in-picture; web-share\" referrerpolicy=\"strict-origin-when-cross-origin\" allowfullscreen><\/iframe><\/p>\n","protected":false},"excerpt":{"rendered":"<p><strong>DonJoy AchiLax Achilles Support anbefales ved smerter i akillessenen og rundt dens feste i h\u00e6len. Bandasjen er utviklet i kompresjonsmateriale som bidrar til \u00e5 gi st\u00f8tte og kompresjon rundt en smertefull akillessene.   <\/strong><\/p>\n","protected":false},"featured_media":82970,"comment_status":"closed","ping_status":"closed","template":"","meta":{"_acf_changed":false},"product_brand":[],"product_cat":[1992,1938,2283,1996,1937,1997,1933,1993,1995],"product_tag":[2173],"class_list":{"0":"post-82957","1":"product","2":"type-product","3":"status-publish","4":"has-post-thumbnail","6":"product_cat-ankelskinne","7":"product_cat-donjoy-no","8":"product_cat-donjoy-achilles-stoette","9":"product_cat-haelspore-no","10":"product_cat-merkevarer","11":"product_cat-plantar-facitis-no","12":"product_cat-skinner-og-stoetteskinner","13":"product_cat-smerter-i-akillessenen","14":"product_cat-smerter-i-haelen","15":"product_tag-donjoy-no","17":"first","18":"instock","19":"taxable","20":"shipping-taxable","21":"purchasable","22":"product-type-variable"},"acf":[],"_links":{"self":[{"href":"https:\/\/fysiolab.dk\/no\/wp-json\/wp\/v2\/product\/82957","targetHints":{"allow":["GET"]}}],"collection":[{"href":"https:\/\/fysiolab.dk\/no\/wp-json\/wp\/v2\/product"}],"about":[{"href":"https:\/\/fysiolab.dk\/no\/wp-json\/wp\/v2\/types\/product"}],"replies":[{"embeddable":true,"href":"https:\/\/fysiolab.dk\/no\/wp-json\/wp\/v2\/comments?post=82957"}],"wp:featuredmedia":[{"embeddable":true,"href":"https:\/\/fysiolab.dk\/no\/wp-json\/wp\/v2\/media\/82970"}],"wp:attachment":[{"href":"https:\/\/fysiolab.dk\/no\/wp-json\/wp\/v2\/media?parent=82957"}],"wp:term":[{"taxonomy":"product_brand","embeddable":true,"href":"https:\/\/fysiolab.dk\/no\/wp-json\/wp\/v2\/product_brand?post=82957"},{"taxonomy":"product_cat","embeddable":true,"href":"https:\/\/fysiolab.dk\/no\/wp-json\/wp\/v2\/product_cat?post=82957"},{"taxonomy":"product_tag","embeddable":true,"href":"https:\/\/fysiolab.dk\/no\/wp-json\/wp\/v2\/product_tag?post=82957"}],"curies":[{"name":"wp","href":"https:\/\/api.w.org\/{rel}","templated":true}]}}