{"id":82974,"date":"2023-12-20T20:31:26","date_gmt":"2023-12-20T19:31:26","guid":{"rendered":"https:\/\/fysiolab.dk\/product\/anodyne-ergonomisk-sittepute\/"},"modified":"2025-12-18T09:21:22","modified_gmt":"2025-12-18T08:21:22","slug":"anodyne-ergonomisk-sittepute","status":"publish","type":"product","link":"https:\/\/fysiolab.dk\/no\/product\/anodyne-ergonomisk-sittepute\/","title":{"rendered":"Anodyne Ergonomisk sittepute"},"content":{"rendered":"<h3>Ergonomisk sittepute med minneskum<\/h3>\n<ul>\n<li>Sikrer h\u00f8y sittekomfort<\/li>\n<li>Ergonomisk design<\/li>\n<li>Avlaster halebenet og korsryggen<\/li>\n<li>Memory Foam - tilpasser seg kroppen<\/li>\n<li>Sklisikker underside<\/li>\n<li>Avtakbart deksel<\/li>\n<\/ul>\n<p>Den ergonomiske sitteputen gir h\u00f8y sittekomfort og er perfekt for bruk p\u00e5 kontoret, hjemme eller n\u00e5r du reiser med bil, fly eller tog. Den er ogs\u00e5 ideell for bruk i rullestol. Seteputen er utstyrt med et h\u00e5ndtak, noe som gj\u00f8r den enkel \u00e5 ta med seg p\u00e5 reise.  <\/p>\n<h3>Ergonomisk design<\/h3>\n<p>Seteputens ergonomiske design og Memory Foam-fyll s\u00f8rger for individuell tilpasning. Memory-skummet former seg raskt etter kroppen din for maksimal komfort. Seteputen er formet for \u00e5 bidra til en mer optimal sittestilling, noe som bidrar til \u00e5 redusere trykket p\u00e5 halebenet og avlaste korsryggen.  <\/p>\n<h3>Materialer som puster<\/h3>\n<p>V\u00e5r ortopediske sittepute har en sklisikker underside som forhindrer at puten glir av stolen. Trekket er laget av et mykt og pustende materiale som kan tas av og vaskes for h\u00e5nd. <\/p>\n<p><strong>Puten m\u00e5ler 45&#215;38 cm og er egnet for personer som veier opptil 120 kg.<\/strong><\/p>\n","protected":false},"excerpt":{"rendered":"<p><strong>Oppn\u00e5 h\u00f8y sittekomfort p\u00e5 kontorstolen eller i bilen med denne trykkavlastende sitteputen med Memory Foam. Hvis du sitter ned mange timer i l\u00f8pet av dagen, er seteputen perfekt for \u00e5 sikre h\u00f8y komfort. <\/strong><\/p>\n","protected":false},"featured_media":82976,"comment_status":"closed","ping_status":"closed","template":"","meta":{"_acf_changed":false},"product_brand":[3101],"product_cat":[2462,2020,1948,1937,2517,2520,1941],"product_tag":[2464],"class_list":{"0":"post-82974","1":"product","2":"type-product","3":"status-publish","4":"has-post-thumbnail","6":"product_brand-anodyne","7":"product_cat-anodyne-no-2","8":"product_cat-julegaveideer-no","9":"product_cat-klinikk","10":"product_cat-merkevarer","11":"product_cat-pulver","12":"product_cat-puter-og-ergonomi","13":"product_cat-rekonvalesens-og-sportspleie","14":"product_tag-anodyne-no","16":"first","17":"instock","18":"taxable","19":"shipping-taxable","20":"purchasable","21":"product-type-simple"},"acf":[],"_links":{"self":[{"href":"https:\/\/fysiolab.dk\/no\/wp-json\/wp\/v2\/product\/82974","targetHints":{"allow":["GET"]}}],"collection":[{"href":"https:\/\/fysiolab.dk\/no\/wp-json\/wp\/v2\/product"}],"about":[{"href":"https:\/\/fysiolab.dk\/no\/wp-json\/wp\/v2\/types\/product"}],"replies":[{"embeddable":true,"href":"https:\/\/fysiolab.dk\/no\/wp-json\/wp\/v2\/comments?post=82974"}],"wp:featuredmedia":[{"embeddable":true,"href":"https:\/\/fysiolab.dk\/no\/wp-json\/wp\/v2\/media\/82976"}],"wp:attachment":[{"href":"https:\/\/fysiolab.dk\/no\/wp-json\/wp\/v2\/media?parent=82974"}],"wp:term":[{"taxonomy":"product_brand","embeddable":true,"href":"https:\/\/fysiolab.dk\/no\/wp-json\/wp\/v2\/product_brand?post=82974"},{"taxonomy":"product_cat","embeddable":true,"href":"https:\/\/fysiolab.dk\/no\/wp-json\/wp\/v2\/product_cat?post=82974"},{"taxonomy":"product_tag","embeddable":true,"href":"https:\/\/fysiolab.dk\/no\/wp-json\/wp\/v2\/product_tag?post=82974"}],"curies":[{"name":"wp","href":"https:\/\/api.w.org\/{rel}","templated":true}]}}