{"id":82975,"date":"2023-11-11T23:07:34","date_gmt":"2023-11-11T22:07:34","guid":{"rendered":"https:\/\/fysiolab.dk\/product\/aircast-actyfoot-ankelstoette\/"},"modified":"2025-12-18T09:21:22","modified_gmt":"2025-12-18T08:21:22","slug":"aircast-actyfoot-ankelstoette","status":"publish","type":"product","link":"https:\/\/fysiolab.dk\/no\/product\/aircast-actyfoot-ankelstoette\/","title":{"rendered":"AirCast ActyFoot ankelst\u00f8tte"},"content":{"rendered":"<p>AirCast AcytFoot ankelbandasje anbefales ved akutte forstuinger og belastninger i ankelen, som f.eks. vridninger p\u00e5 utsiden. Bandasjen har 3 integrerte stropper som st\u00f8tter og stabiliserer ankelleddet og gir \u00f8kt feedback for \u00e5 holde ankelen i n\u00f8ytral stilling under aktivitet. Bandasjen er enkel \u00e5 ta p\u00e5 og s\u00f8rger for at ankelleddet beskyttes optimalt. Bandasjen er tilgjengelig i en h\u00f8yre- og en venstreversjon   <\/p>\n<p><strong>St\u00f8rrelsesguide  <\/strong><\/p>\n<p><strong>M\u00e5l omkretsen rundt h\u00e6len og ankelen (se video lenger ned i teksten)<\/strong><\/p>\n<p><strong>Omkrets Str.<\/strong><\/p>\n<p><strong>u. 30cm S<\/strong><\/p>\n<p><strong>30-34 cm M<\/strong><\/p>\n<p><strong>+34 cm L<\/strong><\/p>\n<p><iframe title=\"Opm\u00e5lingsvejledning af h\u00e6lm\u00e5l til ankelbandager FysioLab\" width=\"800\" height=\"450\" src=\"https:\/\/www.youtube.com\/embed\/Xi0TSGHxWoU?feature=oembed\" frameborder=\"0\" allow=\"accelerometer; autoplay; clipboard-write; encrypted-media; gyroscope; picture-in-picture; web-share\" referrerpolicy=\"strict-origin-when-cross-origin\" allowfullscreen><\/iframe><\/p>\n<p><iframe title=\"Aircast ActyFoot\u2122\" width=\"800\" height=\"450\" src=\"https:\/\/www.youtube.com\/embed\/6ikq9YJWS9o?feature=oembed\" frameborder=\"0\" allow=\"accelerometer; autoplay; clipboard-write; encrypted-media; gyroscope; picture-in-picture; web-share\" referrerpolicy=\"strict-origin-when-cross-origin\" allowfullscreen><\/iframe><\/p>\n","protected":false},"excerpt":{"rendered":"<p><strong>AirCast AcytFoot ankelbandasje anbefales ved akutte forstuinger og belastninger i ankelen, som f.eks. vridninger p\u00e5 utsiden. Bandasjen har tre integrerte stropper som st\u00f8tter og stabiliserer ankelleddet og gir \u00f8kt feedback for \u00e5 holde ankelen i n\u00f8ytral stilling under aktivitet. <\/strong><\/p>\n","protected":false},"featured_media":82988,"comment_status":"closed","ping_status":"closed","template":"","meta":{"_acf_changed":false},"product_brand":[],"product_cat":[2129,2183,2262,2074,1992,2180,2182,2076,1937,1933,2077],"product_tag":[2614],"class_list":{"0":"post-82975","1":"product","2":"type-product","3":"status-publish","4":"has-post-thumbnail","6":"product_cat-aircast-no","7":"product_cat-aircast-ankelstoette","8":"product_cat-akutte-smerter-i-ankelen","9":"product_cat-ankelforstuing","10":"product_cat-ankelskinne","11":"product_cat-ankelskinner-for-fotball","12":"product_cat-ankelskinner-for-haandball","13":"product_cat-ankelvridning","14":"product_cat-merkevarer","15":"product_cat-skinner-og-stoetteskinner","16":"product_cat-ustabil-ankel-no","17":"product_tag-aircast-no","19":"first","20":"instock","21":"taxable","22":"shipping-taxable","23":"purchasable","24":"product-type-variable"},"acf":[],"_links":{"self":[{"href":"https:\/\/fysiolab.dk\/no\/wp-json\/wp\/v2\/product\/82975","targetHints":{"allow":["GET"]}}],"collection":[{"href":"https:\/\/fysiolab.dk\/no\/wp-json\/wp\/v2\/product"}],"about":[{"href":"https:\/\/fysiolab.dk\/no\/wp-json\/wp\/v2\/types\/product"}],"replies":[{"embeddable":true,"href":"https:\/\/fysiolab.dk\/no\/wp-json\/wp\/v2\/comments?post=82975"}],"wp:featuredmedia":[{"embeddable":true,"href":"https:\/\/fysiolab.dk\/no\/wp-json\/wp\/v2\/media\/82988"}],"wp:attachment":[{"href":"https:\/\/fysiolab.dk\/no\/wp-json\/wp\/v2\/media?parent=82975"}],"wp:term":[{"taxonomy":"product_brand","embeddable":true,"href":"https:\/\/fysiolab.dk\/no\/wp-json\/wp\/v2\/product_brand?post=82975"},{"taxonomy":"product_cat","embeddable":true,"href":"https:\/\/fysiolab.dk\/no\/wp-json\/wp\/v2\/product_cat?post=82975"},{"taxonomy":"product_tag","embeddable":true,"href":"https:\/\/fysiolab.dk\/no\/wp-json\/wp\/v2\/product_tag?post=82975"}],"curies":[{"name":"wp","href":"https:\/\/api.w.org\/{rel}","templated":true}]}}