{"id":82992,"date":"2023-11-11T09:48:53","date_gmt":"2023-11-11T08:48:53","guid":{"rendered":"https:\/\/fysiolab.dk\/product\/bauerfeind-cerviloc-nakkekrage\/"},"modified":"2025-12-18T09:21:22","modified_gmt":"2025-12-18T08:21:22","slug":"bauerfeind-cerviloc-nakkekrage","status":"publish","type":"product","link":"https:\/\/fysiolab.dk\/no\/product\/bauerfeind-cerviloc-nakkekrage\/","title":{"rendered":"Bauerfeind CerviLoc nakkekrage"},"content":{"rendered":"<p>Bauerfeind CerviLoc nakkekrage anbefales for stabilisering og avlastning av nakken og nakkevirvlene. Den bidrar til \u00e5 holde nakken og halsen i en behagelig og n\u00f8ytral stilling for \u00e5 unng\u00e5 smerte og uhensiktsmessige bevegelser. Bandasjen tilf\u00f8rer ogs\u00e5 varme til muskler og ledd for \u00e5 hjelpe til med \u00e5 slappe av i det smertefulle omr\u00e5det. Nakkekragen er anatomisk formet, noe som gj\u00f8r den behagelig \u00e5 ha p\u00e5. Bandasjen er laget av lette og pustende materialer, slik at du kan ha den p\u00e5 i flere timer i l\u00f8pet av dagen.      <strong>Farge: Beige: Beige. Finnes i 3 h\u00f8yder (6,5 cm, 8,5 cm og 10 cm) Se st\u00f8rrelsesguide for riktig m\u00e5l og valg av st\u00f8rrelse <\/strong><\/p>\n<p><strong>St\u00f8rrelsesguide<\/strong><\/p>\n<p><a href=\"https:\/\/dev.fysiolab.dk\/wp-content\/uploads\/2025\/05\/cerviloc_massabnahme.jpg\"><img fetchpriority=\"high\" decoding=\"async\" class=\"alignnone size-medium wp-image-202392325\" src=\"https:\/\/dev.fysiolab.dk\/wp-content\/uploads\/2025\/05\/cerviloc_massabnahme-300x178.jpg\" alt=\"\" width=\"300\" height=\"178\" title=\"\"><\/a> <a href=\"https:\/\/fysiolab.dk\/wp-content\/uploads\/2023\/11\/Stoerrelse_cerviloc-scaled.jpg\"><img decoding=\"async\" class=\"alignnone size-medium wp-image-202392326\" src=\"https:\/\/dev.fysiolab.dk\/wp-content\/uploads\/2025\/05\/Stoerrelse_cerviloc-scaled.jpg\" alt=\"\" width=\"300\" height=\"103\" title=\"\"><\/a><\/p>\n<p><iframe title=\"Opm\u00e5lingsvejledning til omkreds hals\/nakke FysioLab\" width=\"800\" height=\"450\" src=\"https:\/\/www.youtube.com\/embed\/Z1RBIJ5g-zU?feature=oembed\" frameborder=\"0\" allow=\"accelerometer; autoplay; clipboard-write; encrypted-media; gyroscope; picture-in-picture; web-share\" referrerpolicy=\"strict-origin-when-cross-origin\" allowfullscreen><\/iframe><\/p>\n<p><iframe title=\"Opm\u00e5lingsvejledning af halsens h\u00f8jdem\u00e5l FysioLab\" width=\"800\" height=\"450\" src=\"https:\/\/www.youtube.com\/embed\/KxyE87KJTRU?feature=oembed\" frameborder=\"0\" allow=\"accelerometer; autoplay; clipboard-write; encrypted-media; gyroscope; picture-in-picture; web-share\" referrerpolicy=\"strict-origin-when-cross-origin\" allowfullscreen><\/iframe><\/p>\n","protected":false},"excerpt":{"rendered":"<p><strong>Bauerfeind CerviLoc nakkekrage anbefales for stabilisering og avlastning av nakke og nakkevirvler. Bandasjen bidrar til \u00e5 holde nakke og hals i en behagelig og n\u00f8ytral stilling for \u00e5 unng\u00e5 smerte og uhensiktsmessige bevegelser. Farge: Beige Bandasjen er tilgjengelig i 3 h\u00f8yder (6,5 cm, 8,5 cm og 10 cm)  <\/strong><\/p>\n","protected":false},"featured_media":83008,"comment_status":"closed","ping_status":"closed","template":"","meta":{"_acf_changed":false},"product_brand":[],"product_cat":[2114,2354,1937,2112,2113,1933,2116,2115],"product_tag":[2356],"class_list":{"0":"post-82992","1":"product","2":"type-product","3":"status-publish","4":"has-post-thumbnail","6":"product_cat-artrose-i-nakken","7":"product_cat-bondetamp","8":"product_cat-merkevarer","9":"product_cat-nakke-og-hals-no","10":"product_cat-nakkesleng-whiplash","11":"product_cat-skinner-og-stoetteskinner","12":"product_cat-smerter-i-nakken-no","13":"product_cat-stivhet-i-nakken","14":"product_tag-bondetamp","16":"first","17":"instock","18":"taxable","19":"shipping-taxable","20":"purchasable","21":"product-type-variable"},"acf":[],"_links":{"self":[{"href":"https:\/\/fysiolab.dk\/no\/wp-json\/wp\/v2\/product\/82992","targetHints":{"allow":["GET"]}}],"collection":[{"href":"https:\/\/fysiolab.dk\/no\/wp-json\/wp\/v2\/product"}],"about":[{"href":"https:\/\/fysiolab.dk\/no\/wp-json\/wp\/v2\/types\/product"}],"replies":[{"embeddable":true,"href":"https:\/\/fysiolab.dk\/no\/wp-json\/wp\/v2\/comments?post=82992"}],"wp:featuredmedia":[{"embeddable":true,"href":"https:\/\/fysiolab.dk\/no\/wp-json\/wp\/v2\/media\/83008"}],"wp:attachment":[{"href":"https:\/\/fysiolab.dk\/no\/wp-json\/wp\/v2\/media?parent=82992"}],"wp:term":[{"taxonomy":"product_brand","embeddable":true,"href":"https:\/\/fysiolab.dk\/no\/wp-json\/wp\/v2\/product_brand?post=82992"},{"taxonomy":"product_cat","embeddable":true,"href":"https:\/\/fysiolab.dk\/no\/wp-json\/wp\/v2\/product_cat?post=82992"},{"taxonomy":"product_tag","embeddable":true,"href":"https:\/\/fysiolab.dk\/no\/wp-json\/wp\/v2\/product_tag?post=82992"}],"curies":[{"name":"wp","href":"https:\/\/api.w.org\/{rel}","templated":true}]}}