{"id":83010,"date":"2023-09-30T11:10:29","date_gmt":"2023-09-30T09:10:29","guid":{"rendered":"https:\/\/fysiolab.dk\/product\/innerfor-til-aircast-airselect-walker-stoevel-med-kort-skaft\/"},"modified":"2025-12-18T09:21:23","modified_gmt":"2025-12-18T08:21:23","slug":"innerfor-til-aircast-airselect-walker-stoevel-med-kort-skaft","status":"publish","type":"product","link":"https:\/\/fysiolab.dk\/no\/product\/innerfor-til-aircast-airselect-walker-stoevel-med-kort-skaft\/","title":{"rendered":"Innerf\u00f4r til AirCast AirSelect Walker-st\u00f8vel med kort skaft"},"content":{"rendered":"<p>Innerf\u00f4r + s\u00e5le til AirCast AirSelect Walker kort st\u00f8vel. S\u00f8rger for at du kan bruke st\u00f8velen med et t\u00f8rt og rent innerf\u00f4r. <\/p>\n<p>F\u00f4ret passer til denne st\u00f8velen: <a href=\"https:\/\/fysiolab.dk\/no\/product\/aircast-airselect-kort-gaastoevel\/\">https:\/\/fysiolab.dk\/product\/aircast-airselect-short-walker-stoevle\/<\/a><\/p>\n<p><strong>St\u00f8rrelsen kj\u00f8pes i henhold til st\u00f8rrelsen p\u00e5 Walker-st\u00f8velen din  <\/strong><\/p>\n<p><strong>X-small<\/strong><\/p>\n<p><strong>Liten<\/strong><\/p>\n<p><strong>Medium<\/strong><\/p>\n<p><strong>Stor<\/strong><\/p>\n<p><strong>X-large<\/strong><\/p>\n","protected":false},"excerpt":{"rendered":"<p><strong>Innerf\u00f4r + s\u00e5le til AirCast AirSelect Walker kort st\u00f8vel. S\u00f8rger for at du kan bruke st\u00f8velen med et t\u00f8rt og rent innerf\u00f4r. <\/strong><\/p>\n","protected":false},"featured_media":99674,"comment_status":"closed","ping_status":"closed","template":"","meta":{"_acf_changed":false},"product_brand":[3092],"product_cat":[2129,2130,1937,1933,2081,2035],"product_tag":[2614],"class_list":{"0":"post-83010","1":"product","2":"type-product","3":"status-publish","4":"has-post-thumbnail","6":"product_brand-aircast","7":"product_cat-aircast-no","8":"product_cat-aircast-rullatorstoevler","9":"product_cat-merkevarer","10":"product_cat-skinner-og-stoetteskinner","11":"product_cat-tilbehoer","12":"product_cat-walkerstoevler-og-tilbehoer","13":"product_tag-aircast-no","15":"first","16":"instock","17":"taxable","18":"shipping-taxable","19":"purchasable","20":"product-type-variable"},"acf":[],"_links":{"self":[{"href":"https:\/\/fysiolab.dk\/no\/wp-json\/wp\/v2\/product\/83010","targetHints":{"allow":["GET"]}}],"collection":[{"href":"https:\/\/fysiolab.dk\/no\/wp-json\/wp\/v2\/product"}],"about":[{"href":"https:\/\/fysiolab.dk\/no\/wp-json\/wp\/v2\/types\/product"}],"replies":[{"embeddable":true,"href":"https:\/\/fysiolab.dk\/no\/wp-json\/wp\/v2\/comments?post=83010"}],"wp:featuredmedia":[{"embeddable":true,"href":"https:\/\/fysiolab.dk\/no\/wp-json\/wp\/v2\/media\/99674"}],"wp:attachment":[{"href":"https:\/\/fysiolab.dk\/no\/wp-json\/wp\/v2\/media?parent=83010"}],"wp:term":[{"taxonomy":"product_brand","embeddable":true,"href":"https:\/\/fysiolab.dk\/no\/wp-json\/wp\/v2\/product_brand?post=83010"},{"taxonomy":"product_cat","embeddable":true,"href":"https:\/\/fysiolab.dk\/no\/wp-json\/wp\/v2\/product_cat?post=83010"},{"taxonomy":"product_tag","embeddable":true,"href":"https:\/\/fysiolab.dk\/no\/wp-json\/wp\/v2\/product_tag?post=83010"}],"curies":[{"name":"wp","href":"https:\/\/api.w.org\/{rel}","templated":true}]}}