{"id":83011,"date":"2023-11-09T21:57:45","date_gmt":"2023-11-09T20:57:45","guid":{"rendered":"https:\/\/fysiolab.dk\/product\/donjoy-surround-tennis-golf-albuestoette\/"},"modified":"2025-12-18T09:21:22","modified_gmt":"2025-12-18T08:21:22","slug":"donjoy-surround-tennis-golf-albuestoette","status":"publish","type":"product","link":"https:\/\/fysiolab.dk\/no\/product\/donjoy-surround-tennis-golf-albuestoette\/","title":{"rendered":"Donjoy Surround Tennis\/golf albuest\u00f8tte"},"content":{"rendered":"<p>Donjoy Surround Tennis\/Golf Elbow Support anbefales ved albuesmerter fra tennis- og golfalbue. Bandasjen har en unik gelpute som s\u00f8rger for optimal kompresjon over det smertefulle omr\u00e5det, samtidig som man unng\u00e5r smerter p\u00e5 \u00f8mme knokkelfremspring.   <strong>Bandasjen har universell st\u00f8rrelse og kan tilpasses individuelt ved hjelp av kraftig borrel\u00e5sfeste<\/strong><\/p>\n","protected":false},"excerpt":{"rendered":"<p><strong>Donjoy Surround Tennis\/Golf Elbow Support anbefales ved albuesmerter fra tennis- og golfalbue. Bandasjen har en unik gelpute som s\u00f8rger for optimal kompresjon <\/strong><\/p>\n","protected":false},"featured_media":83012,"comment_status":"closed","ping_status":"closed","template":"","meta":{"_acf_changed":false},"product_brand":[],"product_cat":[1932,1938,1939,1935,2040,1937,2073,1936,1970,1933,1934],"product_tag":[2173],"class_list":{"0":"post-83011","1":"product","2":"type-product","3":"status-publish","4":"has-post-thumbnail","6":"product_cat-albue-no","7":"product_cat-donjoy-no","8":"product_cat-donjoy-albuestoette","9":"product_cat-golfalbue-no","10":"product_cat-haand-og-haandleddsskinne","11":"product_cat-merkevarer","12":"product_cat-musearm-musehaand-no","13":"product_cat-musens-arm","14":"product_cat-padel-no","15":"product_cat-skinner-og-stoetteskinner","16":"product_cat-tennisalbue-no","17":"product_tag-donjoy-no","19":"first","20":"instock","21":"taxable","22":"shipping-taxable","23":"purchasable","24":"product-type-simple"},"acf":[],"_links":{"self":[{"href":"https:\/\/fysiolab.dk\/no\/wp-json\/wp\/v2\/product\/83011","targetHints":{"allow":["GET"]}}],"collection":[{"href":"https:\/\/fysiolab.dk\/no\/wp-json\/wp\/v2\/product"}],"about":[{"href":"https:\/\/fysiolab.dk\/no\/wp-json\/wp\/v2\/types\/product"}],"replies":[{"embeddable":true,"href":"https:\/\/fysiolab.dk\/no\/wp-json\/wp\/v2\/comments?post=83011"}],"wp:featuredmedia":[{"embeddable":true,"href":"https:\/\/fysiolab.dk\/no\/wp-json\/wp\/v2\/media\/83012"}],"wp:attachment":[{"href":"https:\/\/fysiolab.dk\/no\/wp-json\/wp\/v2\/media?parent=83011"}],"wp:term":[{"taxonomy":"product_brand","embeddable":true,"href":"https:\/\/fysiolab.dk\/no\/wp-json\/wp\/v2\/product_brand?post=83011"},{"taxonomy":"product_cat","embeddable":true,"href":"https:\/\/fysiolab.dk\/no\/wp-json\/wp\/v2\/product_cat?post=83011"},{"taxonomy":"product_tag","embeddable":true,"href":"https:\/\/fysiolab.dk\/no\/wp-json\/wp\/v2\/product_tag?post=83011"}],"curies":[{"name":"wp","href":"https:\/\/api.w.org\/{rel}","templated":true}]}}