{"id":83018,"date":"2023-11-08T07:37:58","date_gmt":"2023-11-08T06:37:58","guid":{"rendered":"https:\/\/fysiolab.dk\/product\/bauerfeind-valguloc-ii\/"},"modified":"2025-12-18T09:21:23","modified_gmt":"2025-12-18T08:21:23","slug":"bauerfeind-valguloc-ii","status":"publish","type":"product","link":"https:\/\/fysiolab.dk\/no\/product\/bauerfeind-valguloc-ii\/","title":{"rendered":"Bauerfeind ValguLoc II"},"content":{"rendered":"<p>Bauerfeind ValguLoc II er en universell, tilpassbar fotskinne som kan brukes til b\u00e5de h\u00f8yre og venstre fot. Skinnen er utformet med en justerbar vinkel slik at den kan stilles inn etter det kirurgiske resultatet og tilpasses den enkelte fotens form. Vinkelen gj\u00f8r det mulig \u00e5 l\u00e5se storet\u00e5ens fleksjons- og ekstensjonsbevegelser for \u00f8kt komfort og for \u00e5 sikre riktig bevegelse. Skinnen kan gradvis tilpasses for \u00e5 korrigere hallux valgus-deformiteten i et tempo som passer deg. Skinnen er designet for \u00e5 passe inn i en sko. Skinnen anbefales etter operasjonen for best mulig stabilisering og splitting.     <\/p>\n<p><strong>Universell st\u00f8rrelse som tilpasser seg dine behov<\/strong><\/p>\n","protected":false},"excerpt":{"rendered":"<p><strong>Bauerfeind ValguLoc II er en universell, tilpassbar fotskinne som kan brukes til b\u00e5de h\u00f8yre og venstre fot. Skinnen er utformet med en justerbar vinkel, slik at den kan justeres etter operasjonsresultatet og tilpasses den enkelte fotens form.   <\/strong><\/p>\n","protected":false},"featured_media":83021,"comment_status":"closed","ping_status":"closed","template":"","meta":{"_acf_changed":false},"product_brand":[],"product_cat":[2354,1937,2033,1933,1994],"product_tag":[2356],"class_list":{"0":"post-83018","1":"product","2":"type-product","3":"status-publish","4":"has-post-thumbnail","6":"product_cat-bondetamp","7":"product_cat-merkevarer","8":"product_cat-skinne-for-liktorn","9":"product_cat-skinner-og-stoetteskinner","10":"product_cat-sko-og-saaler-no","11":"product_tag-bondetamp","13":"first","14":"instock","15":"taxable","16":"shipping-taxable","17":"product-type-variable"},"acf":[],"_links":{"self":[{"href":"https:\/\/fysiolab.dk\/no\/wp-json\/wp\/v2\/product\/83018","targetHints":{"allow":["GET"]}}],"collection":[{"href":"https:\/\/fysiolab.dk\/no\/wp-json\/wp\/v2\/product"}],"about":[{"href":"https:\/\/fysiolab.dk\/no\/wp-json\/wp\/v2\/types\/product"}],"replies":[{"embeddable":true,"href":"https:\/\/fysiolab.dk\/no\/wp-json\/wp\/v2\/comments?post=83018"}],"wp:featuredmedia":[{"embeddable":true,"href":"https:\/\/fysiolab.dk\/no\/wp-json\/wp\/v2\/media\/83021"}],"wp:attachment":[{"href":"https:\/\/fysiolab.dk\/no\/wp-json\/wp\/v2\/media?parent=83018"}],"wp:term":[{"taxonomy":"product_brand","embeddable":true,"href":"https:\/\/fysiolab.dk\/no\/wp-json\/wp\/v2\/product_brand?post=83018"},{"taxonomy":"product_cat","embeddable":true,"href":"https:\/\/fysiolab.dk\/no\/wp-json\/wp\/v2\/product_cat?post=83018"},{"taxonomy":"product_tag","embeddable":true,"href":"https:\/\/fysiolab.dk\/no\/wp-json\/wp\/v2\/product_tag?post=83018"}],"curies":[{"name":"wp","href":"https:\/\/api.w.org\/{rel}","templated":true}]}}