{"id":83030,"date":"2023-11-07T15:15:34","date_gmt":"2023-11-07T14:15:34","guid":{"rendered":"https:\/\/fysiolab.dk\/product\/bauerfeind-valguloc-skinne-for-fotledd\/"},"modified":"2025-12-18T09:21:23","modified_gmt":"2025-12-18T08:21:23","slug":"bauerfeind-valguloc-skinne-for-fotledd","status":"publish","type":"product","link":"https:\/\/fysiolab.dk\/no\/product\/bauerfeind-valguloc-skinne-for-fotledd\/","title":{"rendered":"Bauerfeind ValguLoc skinne for fotledd"},"content":{"rendered":"<p>Bauerfeind ValguLoc Leddskinne er beregnet for korreksjon av storet\u00e5en (hallux valgus). Skinnen kan rette ut t\u00e5en og plassere leddet i en mer korrekt og mindre smertefull stilling. Skinnen er anatomisk formet og enkel \u00e5 bruke. Den sterke borrel\u00e5sfestingen gj\u00f8r at bandasjen kan festes sikkert. Det anbefales at bandasjen brukes liggende om natten. Ikke beregnet for g\u00e5ende eller st\u00e5ende aktiviteter.       <strong>Tilgjengelig i h\u00f8yre- og venstremodeller<\/strong><\/p>\n<p><strong>St\u00f8rrelsesguide<\/strong><\/p>\n<p><a href=\"https:\/\/fysiolab.dk\/wp-content\/uploads\/2023\/11\/Stoerrelse_valguloc-scaled.jpg\"><img decoding=\"async\" class=\"alignnone size-medium wp-image-202392193\" src=\"https:\/\/dev.fysiolab.dk\/wp-content\/uploads\/2025\/05\/Stoerrelse_valguloc-scaled.jpg\" alt=\"\" width=\"300\" height=\"89\" title=\"\"><\/a><\/p>\n","protected":false},"excerpt":{"rendered":"<p><strong>Bauerfeind ValguLoc Leddskinne er beregnet for korreksjon av storet\u00e5en (hallux valgus). Skinnen kan rette ut t\u00e5en og plassere leddet i en mer korrekt og mindre smertefull stilling. <\/strong><\/p>\n","protected":false},"featured_media":83039,"comment_status":"closed","ping_status":"closed","template":"","meta":{"_acf_changed":false},"product_brand":[],"product_cat":[2354,1937,2033,1933,1994],"product_tag":[2356],"class_list":{"0":"post-83030","1":"product","2":"type-product","3":"status-publish","4":"has-post-thumbnail","6":"product_cat-bondetamp","7":"product_cat-merkevarer","8":"product_cat-skinne-for-liktorn","9":"product_cat-skinner-og-stoetteskinner","10":"product_cat-sko-og-saaler-no","11":"product_tag-bondetamp","13":"first","14":"instock","15":"taxable","16":"shipping-taxable","17":"purchasable","18":"product-type-variable"},"acf":[],"_links":{"self":[{"href":"https:\/\/fysiolab.dk\/no\/wp-json\/wp\/v2\/product\/83030","targetHints":{"allow":["GET"]}}],"collection":[{"href":"https:\/\/fysiolab.dk\/no\/wp-json\/wp\/v2\/product"}],"about":[{"href":"https:\/\/fysiolab.dk\/no\/wp-json\/wp\/v2\/types\/product"}],"replies":[{"embeddable":true,"href":"https:\/\/fysiolab.dk\/no\/wp-json\/wp\/v2\/comments?post=83030"}],"wp:featuredmedia":[{"embeddable":true,"href":"https:\/\/fysiolab.dk\/no\/wp-json\/wp\/v2\/media\/83039"}],"wp:attachment":[{"href":"https:\/\/fysiolab.dk\/no\/wp-json\/wp\/v2\/media?parent=83030"}],"wp:term":[{"taxonomy":"product_brand","embeddable":true,"href":"https:\/\/fysiolab.dk\/no\/wp-json\/wp\/v2\/product_brand?post=83030"},{"taxonomy":"product_cat","embeddable":true,"href":"https:\/\/fysiolab.dk\/no\/wp-json\/wp\/v2\/product_cat?post=83030"},{"taxonomy":"product_tag","embeddable":true,"href":"https:\/\/fysiolab.dk\/no\/wp-json\/wp\/v2\/product_tag?post=83030"}],"curies":[{"name":"wp","href":"https:\/\/api.w.org\/{rel}","templated":true}]}}