{"id":83047,"date":"2023-11-06T21:30:59","date_gmt":"2023-11-06T20:30:59","guid":{"rendered":"https:\/\/fysiolab.dk\/product\/aircast-airselect-elite-walker-stoevel\/"},"modified":"2025-12-18T09:21:23","modified_gmt":"2025-12-18T08:21:23","slug":"aircast-airselect-elite-walker-stoevel","status":"publish","type":"product","link":"https:\/\/fysiolab.dk\/no\/product\/aircast-airselect-elite-walker-stoevel\/","title":{"rendered":"AirCast Airselect Elite Walker-st\u00f8vel"},"content":{"rendered":"<p>AirCast Airselect Elite Walker-st\u00f8velen er den beste g\u00e5st\u00f8velen p\u00e5 markedet. Elite-modellen er utstyrt med 4 luftceller, hvorav 3 er individuelt justerbare og s\u00f8rger for perfekt passform og optimal immobilisering av fot og ankel.  Walker-st\u00f8velen har det patenterte Duplex-systemet som gir pulserende kompresjon for \u00e5 redusere hevelse opptil tre ganger raskere. Elite-modellen anbefales for alle typer underbens- og ankelskader samt akillessenerupturer.   <strong>Passer b\u00e5de til venstre og h\u00f8yre<\/strong><\/p>\n<p><strong>St\u00f8rrelsesguide<\/strong><\/p>\n<p><strong>Sortert etter skost\u00f8rrelse  <\/strong><\/p>\n<p><strong>Skost\u00f8rrelse. St\u00f8rrelse. <\/strong><\/p>\n<p><strong>U. 35.5 XS<\/strong><\/p>\n<p><strong>35,5-39,5 S<\/strong><\/p>\n<p><strong>39,5-43 M<\/strong><\/p>\n<p><strong>43-47 L<\/strong><\/p>\n<p><strong>47+ XL<\/strong><\/p>\n<p><iframe title=\"Skost\u00f8rrelsesvejledning sko FysioLab\" width=\"800\" height=\"450\" src=\"https:\/\/www.youtube.com\/embed\/uG9ZtXDPSMM?feature=oembed\" frameborder=\"0\" allow=\"accelerometer; autoplay; clipboard-write; encrypted-media; gyroscope; picture-in-picture; web-share\" referrerpolicy=\"strict-origin-when-cross-origin\" allowfullscreen><\/iframe><\/p>\n","protected":false},"excerpt":{"rendered":"<p><strong>AirCast Airselect Elite Walker-st\u00f8velen er den beste g\u00e5st\u00f8velen p\u00e5 markedet. Elite-modellen er utstyrt med 4 luftceller, hvorav 3 er individuelt justerbare og s\u00f8rger for perfekt passform og optimal immobilisering av fot og ankel. <\/strong><\/p>\n","protected":false},"featured_media":83055,"comment_status":"closed","ping_status":"closed","template":"","meta":{"_acf_changed":false},"product_brand":[],"product_cat":[2129,2130,2079,2080,2039,1937,1933,2035],"product_tag":[2614],"class_list":{"0":"post-83047","1":"product","2":"type-product","3":"status-publish","4":"has-post-thumbnail","6":"product_cat-aircast-no","7":"product_cat-aircast-rullatorstoevler","8":"product_cat-akillesseneruptur-ruptur-av-akillessenen","9":"product_cat-brudd-i-underbenet-brudd-i-tibia","10":"product_cat-brudd-og-smerter-i-foten-benbrudd-i-foten","11":"product_cat-merkevarer","12":"product_cat-skinner-og-stoetteskinner","13":"product_cat-walkerstoevler-og-tilbehoer","14":"product_tag-aircast-no","16":"first","17":"instock","18":"taxable","19":"shipping-taxable","20":"purchasable","21":"product-type-variable"},"acf":[],"_links":{"self":[{"href":"https:\/\/fysiolab.dk\/no\/wp-json\/wp\/v2\/product\/83047","targetHints":{"allow":["GET"]}}],"collection":[{"href":"https:\/\/fysiolab.dk\/no\/wp-json\/wp\/v2\/product"}],"about":[{"href":"https:\/\/fysiolab.dk\/no\/wp-json\/wp\/v2\/types\/product"}],"replies":[{"embeddable":true,"href":"https:\/\/fysiolab.dk\/no\/wp-json\/wp\/v2\/comments?post=83047"}],"wp:featuredmedia":[{"embeddable":true,"href":"https:\/\/fysiolab.dk\/no\/wp-json\/wp\/v2\/media\/83055"}],"wp:attachment":[{"href":"https:\/\/fysiolab.dk\/no\/wp-json\/wp\/v2\/media?parent=83047"}],"wp:term":[{"taxonomy":"product_brand","embeddable":true,"href":"https:\/\/fysiolab.dk\/no\/wp-json\/wp\/v2\/product_brand?post=83047"},{"taxonomy":"product_cat","embeddable":true,"href":"https:\/\/fysiolab.dk\/no\/wp-json\/wp\/v2\/product_cat?post=83047"},{"taxonomy":"product_tag","embeddable":true,"href":"https:\/\/fysiolab.dk\/no\/wp-json\/wp\/v2\/product_tag?post=83047"}],"curies":[{"name":"wp","href":"https:\/\/api.w.org\/{rel}","templated":true}]}}