{"id":83062,"date":"2023-09-23T14:57:33","date_gmt":"2023-09-23T12:57:33","guid":{"rendered":"https:\/\/fysiolab.dk\/product\/compex-beskyttelsesdeksler-traadloest\/"},"modified":"2026-02-12T00:24:17","modified_gmt":"2026-02-11T23:24:17","slug":"compex-beskyttelsesdeksler-traadloest","status":"publish","type":"product","link":"https:\/\/fysiolab.dk\/no\/product\/compex-beskyttelsesdeksler-traadloest\/","title":{"rendered":"Compex beskyttelsesdeksel tr\u00e5dl\u00f8st"},"content":{"rendered":"<p>Compex beskyttelsesdeksel for tr\u00e5dl\u00f8se muskelsimulatorer som <strong>Compex SP. 6.0 og 8.0 og Fit 5.0. <\/strong> <\/p>\n<p>Beskytter Compex-enheten din mot st\u00f8t og smuss. Dekselet er laget av mykt og elastisk materiale som gj\u00f8r det raskt og enkelt \u00e5 ta av og p\u00e5. Dekselet gj\u00f8r det mulig \u00e5 lade mens det er p\u00e5. Ledning medf\u00f8lger - <strong>Tilgjengelig i svart og hvitt<\/strong>   <\/p>\n","protected":false},"excerpt":{"rendered":"<p><strong>Compex beskyttelsesdeksel for tr\u00e5dl\u00f8se muskelsimulatorer som Compex SP. 6.0 og 8.0 og Fit 5.0. Ledning inkludert. Farge: Svart og hvit    <\/strong><\/p>\n<p>&nbsp;<\/p>\n","protected":false},"featured_media":104634,"comment_status":"closed","ping_status":"closed","template":"","meta":{"_acf_changed":false},"product_brand":[3115],"product_cat":[2013,2030,1950,1937,2507],"product_tag":[2019],"class_list":{"0":"post-83062","1":"product","2":"type-product","3":"status-publish","4":"has-post-thumbnail","6":"product_brand-compex","7":"product_cat-compex-no-2","8":"product_cat-compex-muskelstimulator-no-2","9":"product_cat-elektroterapi","10":"product_cat-merkevarer","11":"product_cat-tilbehoer-no","12":"product_tag-compex-no","14":"first","15":"instock","16":"taxable","17":"shipping-taxable","18":"purchasable","19":"product-type-variable"},"acf":[],"_links":{"self":[{"href":"https:\/\/fysiolab.dk\/no\/wp-json\/wp\/v2\/product\/83062","targetHints":{"allow":["GET"]}}],"collection":[{"href":"https:\/\/fysiolab.dk\/no\/wp-json\/wp\/v2\/product"}],"about":[{"href":"https:\/\/fysiolab.dk\/no\/wp-json\/wp\/v2\/types\/product"}],"replies":[{"embeddable":true,"href":"https:\/\/fysiolab.dk\/no\/wp-json\/wp\/v2\/comments?post=83062"}],"wp:featuredmedia":[{"embeddable":true,"href":"https:\/\/fysiolab.dk\/no\/wp-json\/wp\/v2\/media\/104634"}],"wp:attachment":[{"href":"https:\/\/fysiolab.dk\/no\/wp-json\/wp\/v2\/media?parent=83062"}],"wp:term":[{"taxonomy":"product_brand","embeddable":true,"href":"https:\/\/fysiolab.dk\/no\/wp-json\/wp\/v2\/product_brand?post=83062"},{"taxonomy":"product_cat","embeddable":true,"href":"https:\/\/fysiolab.dk\/no\/wp-json\/wp\/v2\/product_cat?post=83062"},{"taxonomy":"product_tag","embeddable":true,"href":"https:\/\/fysiolab.dk\/no\/wp-json\/wp\/v2\/product_tag?post=83062"}],"curies":[{"name":"wp","href":"https:\/\/api.w.org\/{rel}","templated":true}]}}