{"id":83082,"date":"2023-09-23T09:09:37","date_gmt":"2023-09-23T07:09:37","guid":{"rendered":"https:\/\/fysiolab.dk\/product\/innerfor-til-procare-xceltrax-rullatorstoevel\/"},"modified":"2025-12-18T09:21:24","modified_gmt":"2025-12-18T08:21:24","slug":"innerfor-til-procare-xceltrax-rullatorstoevel","status":"publish","type":"product","link":"https:\/\/fysiolab.dk\/no\/product\/innerfor-til-procare-xceltrax-rullatorstoevel\/","title":{"rendered":"Innerfor til ProCare XcelTrax rullatorst\u00f8vel"},"content":{"rendered":"<p>Innerfor til ProCare XcelTrax rullatorst\u00f8vel n\u00e5r det gamle har blitt skittent og skittent.<\/p>\n<p>F\u00f4ret passer til denne st\u00f8velen: <a href=\"https:\/\/fysiolab.dk\/no\/product\/procare-xceltrax-hoey-stoevel-til-rullator\/\">https:\/\/fysiolab.dk\/product\/procare-xceltrax-hoej-walker-stoevle\/<\/a><\/p>\n<p><strong>St\u00f8rrelsen kj\u00f8pes i henhold til st\u00f8rrelsen p\u00e5 Walker-st\u00f8velen din<\/strong><\/p>\n<p><strong>X-small u. 36<\/strong><\/p>\n<p><strong>Liten 36-39<\/strong><\/p>\n<p><strong>Medium 40-44<\/strong><\/p>\n<p><strong>Stor 44-46<\/strong><\/p>\n<p><strong>X-large 46+<\/strong><\/p>\n","protected":false},"excerpt":{"rendered":"<p><strong>Innerfor til ProCare XcelTrax rullatorst\u00f8vel n\u00e5r det gamle har blitt skittent og skittent.<\/strong><\/p>\n","protected":false},"featured_media":99672,"comment_status":"closed","ping_status":"closed","template":"","meta":{"_acf_changed":false},"product_brand":[3139],"product_cat":[1933,2081,2035],"product_tag":[2264],"class_list":{"0":"post-83082","1":"product","2":"type-product","3":"status-publish","4":"has-post-thumbnail","6":"product_brand-procare","7":"product_cat-skinner-og-stoetteskinner","8":"product_cat-tilbehoer","9":"product_cat-walkerstoevler-og-tilbehoer","10":"product_tag-procare-no","12":"first","13":"instock","14":"taxable","15":"shipping-taxable","16":"purchasable","17":"product-type-variable"},"acf":[],"_links":{"self":[{"href":"https:\/\/fysiolab.dk\/no\/wp-json\/wp\/v2\/product\/83082","targetHints":{"allow":["GET"]}}],"collection":[{"href":"https:\/\/fysiolab.dk\/no\/wp-json\/wp\/v2\/product"}],"about":[{"href":"https:\/\/fysiolab.dk\/no\/wp-json\/wp\/v2\/types\/product"}],"replies":[{"embeddable":true,"href":"https:\/\/fysiolab.dk\/no\/wp-json\/wp\/v2\/comments?post=83082"}],"wp:featuredmedia":[{"embeddable":true,"href":"https:\/\/fysiolab.dk\/no\/wp-json\/wp\/v2\/media\/99672"}],"wp:attachment":[{"href":"https:\/\/fysiolab.dk\/no\/wp-json\/wp\/v2\/media?parent=83082"}],"wp:term":[{"taxonomy":"product_brand","embeddable":true,"href":"https:\/\/fysiolab.dk\/no\/wp-json\/wp\/v2\/product_brand?post=83082"},{"taxonomy":"product_cat","embeddable":true,"href":"https:\/\/fysiolab.dk\/no\/wp-json\/wp\/v2\/product_cat?post=83082"},{"taxonomy":"product_tag","embeddable":true,"href":"https:\/\/fysiolab.dk\/no\/wp-json\/wp\/v2\/product_tag?post=83082"}],"curies":[{"name":"wp","href":"https:\/\/api.w.org\/{rel}","templated":true}]}}