{"id":83084,"date":"2023-09-20T18:08:33","date_gmt":"2023-09-20T16:08:33","guid":{"rendered":"https:\/\/fysiolab.dk\/product\/donjoy-podaheel-sko-med-hael\/"},"modified":"2025-12-18T09:21:25","modified_gmt":"2025-12-18T08:21:25","slug":"donjoy-podaheel-sko-med-hael","status":"publish","type":"product","link":"https:\/\/fysiolab.dk\/no\/product\/donjoy-podaheel-sko-med-hael\/","title":{"rendered":"DonJoy PodaHeel, Sko med h\u00e6l"},"content":{"rendered":"<p>DonJoy PodaHeel h\u00e6lsko brukes til \u00e5 redusere trykk og belastning p\u00e5 bakfoten og rundt h\u00e6len. Skoen brukes og anbefales for \u00e5 avlaste og fremme tilheling av brudd rundt h\u00e6len, h\u00e6lspore, stressfrakturer, diabetiske s\u00e5r eller fots\u00e5r p\u00e5 h\u00e6len. Den kileformede utformingen fremmer tilheling ved \u00e5 overf\u00f8re vekt fra h\u00e6len (calcaneus) og redusere trykket.    <strong>Skoen passer b\u00e5de h\u00f8yre og venstre fot.  <\/strong><\/p>\n<p><strong>St\u00f8rrelsesguide<\/strong><\/p>\n<p><strong>Skost\u00f8rrelse. St\u00f8rrelse. <\/strong><\/p>\n<p><strong>36-39 S<\/strong><\/p>\n<p><strong>39-42 M<\/strong><\/p>\n<p><strong>42-45 L<\/strong><\/p>\n<p><strong>45-48 XL<\/strong><\/p>\n<p><iframe title=\"Skost\u00f8rrelsesvejledning sko FysioLab\" width=\"800\" height=\"450\" src=\"https:\/\/www.youtube.com\/embed\/uG9ZtXDPSMM?feature=oembed\" frameborder=\"0\" allow=\"accelerometer; autoplay; clipboard-write; encrypted-media; gyroscope; picture-in-picture; web-share\" referrerpolicy=\"strict-origin-when-cross-origin\" allowfullscreen><\/iframe><\/p>\n","protected":false},"excerpt":{"rendered":"<p><strong>Skoen brukes og anbefales for \u00e5 avlaste og fremme tilheling av brudd rundt h\u00e6len, h\u00e6lspore, stressfrakturer, diabetess\u00e5r eller fots\u00e5r p\u00e5 h\u00e6len. Passer til h\u00f8yre og venstre fot <\/strong><\/p>\n","protected":false},"featured_media":83095,"comment_status":"closed","ping_status":"closed","template":"","meta":{"_acf_changed":false},"product_brand":[3091],"product_cat":[2039,1938,2058,2037,1937,1933,2035],"product_tag":[2173],"class_list":{"0":"post-83084","1":"product","2":"type-product","3":"status-publish","4":"has-post-thumbnail","6":"product_brand-donjoy","7":"product_cat-brudd-og-smerter-i-foten-benbrudd-i-foten","8":"product_cat-donjoy-no","9":"product_cat-donjoy-sko-og-saaler-no","10":"product_cat-fotsaar-diabetes","11":"product_cat-merkevarer","12":"product_cat-skinner-og-stoetteskinner","13":"product_cat-walkerstoevler-og-tilbehoer","14":"product_tag-donjoy-no","16":"first","17":"instock","18":"taxable","19":"shipping-taxable","20":"purchasable","21":"product-type-variable"},"acf":[],"_links":{"self":[{"href":"https:\/\/fysiolab.dk\/no\/wp-json\/wp\/v2\/product\/83084","targetHints":{"allow":["GET"]}}],"collection":[{"href":"https:\/\/fysiolab.dk\/no\/wp-json\/wp\/v2\/product"}],"about":[{"href":"https:\/\/fysiolab.dk\/no\/wp-json\/wp\/v2\/types\/product"}],"replies":[{"embeddable":true,"href":"https:\/\/fysiolab.dk\/no\/wp-json\/wp\/v2\/comments?post=83084"}],"wp:featuredmedia":[{"embeddable":true,"href":"https:\/\/fysiolab.dk\/no\/wp-json\/wp\/v2\/media\/83095"}],"wp:attachment":[{"href":"https:\/\/fysiolab.dk\/no\/wp-json\/wp\/v2\/media?parent=83084"}],"wp:term":[{"taxonomy":"product_brand","embeddable":true,"href":"https:\/\/fysiolab.dk\/no\/wp-json\/wp\/v2\/product_brand?post=83084"},{"taxonomy":"product_cat","embeddable":true,"href":"https:\/\/fysiolab.dk\/no\/wp-json\/wp\/v2\/product_cat?post=83084"},{"taxonomy":"product_tag","embeddable":true,"href":"https:\/\/fysiolab.dk\/no\/wp-json\/wp\/v2\/product_tag?post=83084"}],"curies":[{"name":"wp","href":"https:\/\/api.w.org\/{rel}","templated":true}]}}