{"id":83098,"date":"2023-07-16T14:34:10","date_gmt":"2023-07-16T12:34:10","guid":{"rendered":"https:\/\/fysiolab.dk\/product\/donjoy-ladystrap-ryggstoette\/"},"modified":"2026-03-12T21:50:58","modified_gmt":"2026-03-12T20:50:58","slug":"donjoy-ladystrap-ryggstoette","status":"publish","type":"product","link":"https:\/\/fysiolab.dk\/no\/product\/donjoy-ladystrap-ryggstoette\/","title":{"rendered":"DonJoy Ladystrap ryggst\u00f8tte"},"content":{"rendered":"<p><strong>Beskrivelse<\/strong><\/p>\n<p>DonJoy Ladystrap er en unik ryggst\u00f8tte utviklet og designet for kvinner. Den er designet for \u00e5 gi st\u00f8tte og kompresjon rundt korsryggen og lindre ryggsmerter. Den er designet for \u00e5 passe perfekt til kvinnekroppen og har et feminint utseende med blondestoff.   Bandasjen anbefales ved akutte korsryggsmerter, belastningsskader, svekket muskulatur og skiveproblemer. Skinnen er utformet med en lav profil foran p\u00e5 kroppen, noe som gj\u00f8r den behagelig \u00e5 ha p\u00e5 og gj\u00f8r det mulig \u00e5 bruke den i sittende stilling.  Du kan stramme og l\u00f8sne bandasjen for \u00e5 gi den kompresjonen og st\u00f8tten du trenger i l\u00f8pet av dagen, avhengig av hva du trenger \u00e5 gj\u00f8re.  <strong>Bandasjen er tilgjengelig i to h\u00f8yder: 21 cm og 26 cm. Vi anbefaler 26 cm hvis du er over 180 cm h\u00f8y.  <\/strong><\/p>\n<p>Designet i et lett, lateksfritt og pustende materiale<\/p>\n<p><strong>St\u00f8rrelsesguide<\/strong><\/p>\n<p><strong>M\u00e5l midjeomkretsen<\/strong><\/p>\n<p><a href=\"https:\/\/dev.fysiolab.dk\/wp-content\/uploads\/2025\/05\/X1.png\"><img fetchpriority=\"high\" decoding=\"async\" class=\"alignnone size-medium wp-image-202392633\" src=\"https:\/\/dev.fysiolab.dk\/wp-content\/uploads\/2025\/05\/X1-300x169.png\" alt=\"\" width=\"300\" height=\"169\" title=\"\"><\/a><\/p>\n<p><strong>Omkrets St\u00f8rrelse<\/strong><\/p>\n<p><strong>56-68 cm XS<\/strong><\/p>\n<p><strong>68-82 cm S<\/strong><\/p>\n<p><strong>82-98 cm M<\/strong><\/p>\n<p><strong>98-116 cm L<\/strong><\/p>\n<p><strong>116-136 XL<\/strong><\/p>\n<p><iframe title=\"Opm\u00e5lingsvejledning til taljem\u00e5l FysioLab\" width=\"800\" height=\"450\" src=\"https:\/\/www.youtube.com\/embed\/_c2mbw5K7uY?feature=oembed\" frameborder=\"0\" allow=\"accelerometer; autoplay; clipboard-write; encrypted-media; gyroscope; picture-in-picture; web-share\" referrerpolicy=\"strict-origin-when-cross-origin\" allowfullscreen><\/iframe><\/p>\n<p>&nbsp;<\/p>\n<p><iframe title=\"DonJoy LadyStrap - Fitting\" width=\"800\" height=\"450\" src=\"https:\/\/www.youtube.com\/embed\/tlXNrbAnmYM?feature=oembed\" frameborder=\"0\" allow=\"accelerometer; autoplay; clipboard-write; encrypted-media; gyroscope; picture-in-picture; web-share\" referrerpolicy=\"strict-origin-when-cross-origin\" allowfullscreen><\/iframe><\/p>\n","protected":false},"excerpt":{"rendered":"<p><strong>DonJoy Ladystrap er en unik ryggst\u00f8tte utviklet og designet for kvinner. Den er designet for \u00e5 gi st\u00f8tte og kompresjon rundt korsryggen og lindre ryggsmerter. Den er designet for \u00e5 passe perfekt til kvinnekroppen og har et feminint utseende med blondestoff.  <\/strong><\/p>\n<p>https:\/\/www.youtube.com\/watch?v=_c2mbw5K7uY<\/p>\n","protected":false},"featured_media":83116,"comment_status":"closed","ping_status":"closed","template":"","meta":{"_acf_changed":false},"product_brand":[3091],"product_cat":[2188,2189,1938,2194,2193,2503,2505,2192,1937,2190,2184,1933,2186,2187],"product_tag":[2173],"class_list":{"0":"post-83098","1":"product","2":"type-product","3":"status-publish","4":"has-post-thumbnail","6":"product_brand-donjoy","7":"product_cat-anstrengt-rygg","8":"product_cat-artrose-i-ryggen","9":"product_cat-donjoy-no","10":"product_cat-donjoy-korsryggbelte","11":"product_cat-donjoy-ryggstoette","12":"product_cat-gaardsplass","13":"product_cat-gravid-no","14":"product_cat-isjias-iskias","15":"product_cat-merkevarer","16":"product_cat-osteoporose-benskjoerhet-i-ryggen","17":"product_cat-rygg-og-korsrygg","18":"product_cat-skinner-og-stoetteskinner","19":"product_cat-skiveprolaps","20":"product_cat-smerter-i-nedre-del-av-ryggen","21":"product_tag-donjoy-no","23":"first","24":"instock","25":"taxable","26":"shipping-taxable","27":"purchasable","28":"product-type-variable"},"acf":[],"_links":{"self":[{"href":"https:\/\/fysiolab.dk\/no\/wp-json\/wp\/v2\/product\/83098","targetHints":{"allow":["GET"]}}],"collection":[{"href":"https:\/\/fysiolab.dk\/no\/wp-json\/wp\/v2\/product"}],"about":[{"href":"https:\/\/fysiolab.dk\/no\/wp-json\/wp\/v2\/types\/product"}],"replies":[{"embeddable":true,"href":"https:\/\/fysiolab.dk\/no\/wp-json\/wp\/v2\/comments?post=83098"}],"wp:featuredmedia":[{"embeddable":true,"href":"https:\/\/fysiolab.dk\/no\/wp-json\/wp\/v2\/media\/83116"}],"wp:attachment":[{"href":"https:\/\/fysiolab.dk\/no\/wp-json\/wp\/v2\/media?parent=83098"}],"wp:term":[{"taxonomy":"product_brand","embeddable":true,"href":"https:\/\/fysiolab.dk\/no\/wp-json\/wp\/v2\/product_brand?post=83098"},{"taxonomy":"product_cat","embeddable":true,"href":"https:\/\/fysiolab.dk\/no\/wp-json\/wp\/v2\/product_cat?post=83098"},{"taxonomy":"product_tag","embeddable":true,"href":"https:\/\/fysiolab.dk\/no\/wp-json\/wp\/v2\/product_tag?post=83098"}],"curies":[{"name":"wp","href":"https:\/\/api.w.org\/{rel}","templated":true}]}}